{"id":123,"date":"2019-05-19T08:57:56","date_gmt":"2019-05-19T06:57:56","guid":{"rendered":"https:\/\/cristoredentor.ml\/?page_id=123"},"modified":"2026-01-25T21:23:18","modified_gmt":"2026-01-25T20:23:18","slug":"bautismo","status":"publish","type":"page","link":"https:\/\/cristoredentor.es\/?page_id=123","title":{"rendered":"Bautismo"},"content":{"rendered":"\n<p>El Sacramento del Bautismo se celebra normalmente\u00a0<strong>los \u00faltimos fines de\u00a0 semana de cada mes (s\u00e1bado y domingo del mismo mes):<\/strong><\/p>\n<p>* Los s\u00e1bados a las 6 de la tarde o en la Eucarist\u00eda de 7 de la tarde.<\/p>\n<p>* Los domingos en la Eucarist\u00eda de 1 o 12; o despu\u00e9s de la Eucarist\u00eda de 1.<\/p>\n<p>Tambi\u00e9n El\u00a0<strong>S\u00e1bado Santo en la solemne Vigilia Pascual<\/strong>\u00a0a las 11 de la noche (d\u00eda privilegiado para recibir el Sacramento del Bautismo).<\/p>\n<p>El\u00a0<strong>Martes anterior a la celebraci\u00f3n<\/strong>\u00a0del Sacramento del Bautismo hay un\u00a0<strong>encuentro formativo con los padres y los padrinos<\/strong>\u00a0a las 8 de la tarde.<\/p>\n\n\n\n<figure class=\"wp-block-image aligncenter is-resized\"><img loading=\"lazy\" decoding=\"async\" width=\"330\" height=\"440\" src=\"https:\/\/cristoredentor.ml\/wp-content\/uploads\/2019\/05\/image-1.jpg\" alt=\"\" class=\"wp-image-122\" style=\"width:330px;height:440px\" srcset=\"https:\/\/cristoredentor.es\/wp-content\/uploads\/2019\/05\/image-1.jpg 330w, https:\/\/cristoredentor.es\/wp-content\/uploads\/2019\/05\/image-1-225x300.jpg 225w\" sizes=\"auto, (max-width: 330px) 100vw, 330px\" \/><\/figure>\n\n\n\n<p><\/p>\n","protected":false},"excerpt":{"rendered":"<p>El Sacramento del Bautismo se celebra normalmente\u00a0los \u00faltimos fines de\u00a0 semana de cada mes (s\u00e1bado y domingo del mismo mes): * Los s\u00e1bados a las 6 de la tarde o en la Eucarist\u00eda de 7 de la tarde. * Los domingos en la Eucarist\u00eda de 1 o 12; o despu\u00e9s de la Eucarist\u00eda de 1. [&hellip;]<\/p>\n","protected":false},"author":1,"featured_media":0,"parent":0,"menu_order":0,"comment_status":"closed","ping_status":"closed","template":"","meta":{"site-sidebar-layout":"default","site-content-layout":"","ast-site-content-layout":"default","site-content-style":"default","site-sidebar-style":"default","ast-global-header-display":"","ast-banner-title-visibility":"","ast-main-header-display":"","ast-hfb-above-header-display":"","ast-hfb-below-header-display":"","ast-hfb-mobile-header-display":"","site-post-title":"","ast-breadcrumbs-content":"","ast-featured-img":"","footer-sml-layout":"","ast-disable-related-posts":"","theme-transparent-header-meta":"","adv-header-id-meta":"","stick-header-meta":"","header-above-stick-meta":"","header-main-stick-meta":"","header-below-stick-meta":"","astra-migrate-meta-layouts":"default","ast-page-background-enabled":"default","ast-page-background-meta":{"desktop":{"background-color":"var(--ast-global-color-4)","background-image":"","background-repeat":"repeat","background-position":"center center","background-size":"auto","background-attachment":"scroll","background-type":"","background-media":"","overlay-type":"","overlay-color":"","overlay-opacity":"","overlay-gradient":""},"tablet":{"background-color":"","background-image":"","background-repeat":"repeat","background-position":"center center","background-size":"auto","background-attachment":"scroll","background-type":"","background-media":"","overlay-type":"","overlay-color":"","overlay-opacity":"","overlay-gradient":""},"mobile":{"background-color":"","background-image":"","background-repeat":"repeat","background-position":"center center","background-size":"auto","background-attachment":"scroll","background-type":"","background-media":"","overlay-type":"","overlay-color":"","overlay-opacity":"","overlay-gradient":""}},"ast-content-background-meta":{"desktop":{"background-color":"var(--ast-global-color-5)","background-image":"","background-repeat":"repeat","background-position":"center center","background-size":"auto","background-attachment":"scroll","background-type":"","background-media":"","overlay-type":"","overlay-color":"","overlay-opacity":"","overlay-gradient":""},"tablet":{"background-color":"var(--ast-global-color-5)","background-image":"","background-repeat":"repeat","background-position":"center center","background-size":"auto","background-attachment":"scroll","background-type":"","background-media":"","overlay-type":"","overlay-color":"","overlay-opacity":"","overlay-gradient":""},"mobile":{"background-color":"var(--ast-global-color-5)","background-image":"","background-repeat":"repeat","background-position":"center center","background-size":"auto","background-attachment":"scroll","background-type":"","background-media":"","overlay-type":"","overlay-color":"","overlay-opacity":"","overlay-gradient":""}},"footnotes":""},"class_list":["post-123","page","type-page","status-publish","hentry"],"_links":{"self":[{"href":"https:\/\/cristoredentor.es\/index.php?rest_route=\/wp\/v2\/pages\/123","targetHints":{"allow":["GET"]}}],"collection":[{"href":"https:\/\/cristoredentor.es\/index.php?rest_route=\/wp\/v2\/pages"}],"about":[{"href":"https:\/\/cristoredentor.es\/index.php?rest_route=\/wp\/v2\/types\/page"}],"author":[{"embeddable":true,"href":"https:\/\/cristoredentor.es\/index.php?rest_route=\/wp\/v2\/users\/1"}],"replies":[{"embeddable":true,"href":"https:\/\/cristoredentor.es\/index.php?rest_route=%2Fwp%2Fv2%2Fcomments&post=123"}],"version-history":[{"count":5,"href":"https:\/\/cristoredentor.es\/index.php?rest_route=\/wp\/v2\/pages\/123\/revisions"}],"predecessor-version":[{"id":1608,"href":"https:\/\/cristoredentor.es\/index.php?rest_route=\/wp\/v2\/pages\/123\/revisions\/1608"}],"wp:attachment":[{"href":"https:\/\/cristoredentor.es\/index.php?rest_route=%2Fwp%2Fv2%2Fmedia&parent=123"}],"curies":[{"name":"wp","href":"https:\/\/api.w.org\/{rel}","templated":true}]}}