{"id":125,"date":"2019-05-19T08:58:55","date_gmt":"2019-05-19T06:58:55","guid":{"rendered":"https:\/\/cristoredentor.ml\/?page_id=125"},"modified":"2026-01-25T23:06:09","modified_gmt":"2026-01-25T22:06:09","slug":"catequesis","status":"publish","type":"page","link":"https:\/\/cristoredentor.es\/?page_id=125","title":{"rendered":"Preparaci\u00f3n a los Sacramentos"},"content":{"rendered":"\n<div class=\"wp-block-media-text is-stacked-on-mobile\" style=\"grid-template-columns:21% auto\"><figure class=\"wp-block-media-text__media\"><img loading=\"lazy\" decoding=\"async\" width=\"270\" height=\"202\" src=\"https:\/\/cristoredentor.es\/wp-content\/uploads\/2026\/01\/image.jpg\" alt=\"\" class=\"wp-image-1612 size-full\"\/><\/figure><div class=\"wp-block-media-text__content\">\n<p><strong>En nombre de toda la Comunidad un saludo cari\u00f1oso<\/strong> como p\u00e1rroco para todas las personas que desde diferentes lugares\u00a0 os acerc\u00e1is a esta p\u00e1gina WEB de nuestra <strong>Comunidad Parroquial de Cristo Redentor<\/strong>. Dar las gracias a todas las personas que colaboran de una forma u otra en su preparaci\u00f3n. Tambi\u00e9n a todas las que participan y se hacen presente en nuestra Comunidad.<\/p>\n<\/div><\/div>\n\n\n\n<p><strong>En nombre de toda la Comunidad un saludo cari\u00f1oso<\/strong> como p\u00e1rroco para todas las personas que desde diferentes lugares&nbsp; os acerc\u00e1is a esta p\u00e1gina WEB de nuestra <strong>Comunidad Parroquial de Cristo Redentor<\/strong>. Dar las gracias a todas las personas que colaboran de una forma u otra en su preparaci\u00f3n. Tambi\u00e9n a todas las que participan y se hacen presente en nuestra Comunidad.<\/p>\n\n\n\n<p>Esta p\u00e1gina inicia una nueva andadura. <strong>Quiere ser un servicio para todos<\/strong> de informaci\u00f3n, comunicaci\u00f3n y comuni\u00f3n. <strong>Todo con sencillez, humildad y muchas ganas de hacer el bien.<\/strong><\/p>\n\n\n\n<p><strong>La fe en Cristo Resucitado nos invita a vivir abiertos al Esp\u00edritu Santo para hacer posible que nuestro mundo se parezca cada vez m\u00e1s al Proyecto de Dios; ser una gran familia de hermanos.&nbsp;<\/strong>Queremos apostar por vivir con sentido liberador nuestro compromiso personal y comunitario haciendo posible el Reino de Dios y su justicia.<\/p>\n\n\n\n<p><strong>Nuestra Comunidad Parroquial quiere estar abierta a los \u201csignos de los tiempos\u201d y poder dar una respuesta a los interrogantes y necesidades de las personas, teniendo presente siempre su dignidad.<\/strong> La Palabra de Dios nos ayudar\u00e1 a hacer una <strong>\u201clectura creyente de la realidad\u201d<\/strong> y as\u00ed poder ser m\u00e1s fieles a los retos de toda persona en la actualidad. <strong>La formaci\u00f3n, la oraci\u00f3n y el di\u00e1logo fe-cultura son pilares b\u00e1sicos para crecer en una fe madura, comprometida y responsable.<\/strong><\/p>\n\n\n\n<p>Al final, como San Pablo, que todos podamos decir: \u201cSiervos in\u00fatiles somos, hemos hecho lo que ten\u00edamos que hacer\u201d.<\/p>\n\n\n\n<p><strong>Que nuestra Patrona la Virgen de San Lorenzo nos acompa\u00f1e a todos para hacer el bien y vivir con entusiasmo y valent\u00eda el anuncio del Evangelio.<\/strong><\/p>\n\n\n\n<p><\/p>\n\n\n\n<div class=\"wp-block-media-text is-stacked-on-mobile\" style=\"grid-template-columns:16% auto\"><figure class=\"wp-block-media-text__media\"><img loading=\"lazy\" decoding=\"async\" width=\"210\" height=\"157\" src=\"https:\/\/cristoredentor.es\/wp-content\/uploads\/2026\/01\/1_image.jpg\" alt=\"\" class=\"wp-image-1613 size-full\"\/><\/figure><div class=\"wp-block-media-text__content\">\n<p><strong><strong>Deseo lo mejor para todos.<\/strong><\/strong><br><br><strong>D. Jos\u00e9 Manuel, p\u00e1rroco de Cristo Redentor<\/strong><\/p>\n<\/div><\/div>\n\n\n\n<p><\/p>\n","protected":false},"excerpt":{"rendered":"<p>En nombre de toda la Comunidad un saludo cari\u00f1oso como p\u00e1rroco para todas las personas que desde diferentes lugares\u00a0 os acerc\u00e1is a esta p\u00e1gina WEB de nuestra Comunidad Parroquial de Cristo Redentor. Dar las gracias a todas las personas que colaboran de una forma u otra en su preparaci\u00f3n. Tambi\u00e9n a todas las que participan [&hellip;]<\/p>\n","protected":false},"author":1,"featured_media":0,"parent":0,"menu_order":0,"comment_status":"closed","ping_status":"closed","template":"","meta":{"site-sidebar-layout":"default","site-content-layout":"","ast-site-content-layout":"default","site-content-style":"default","site-sidebar-style":"default","ast-global-header-display":"","ast-banner-title-visibility":"","ast-main-header-display":"","ast-hfb-above-header-display":"","ast-hfb-below-header-display":"","ast-hfb-mobile-header-display":"","site-post-title":"","ast-breadcrumbs-content":"","ast-featured-img":"","footer-sml-layout":"","ast-disable-related-posts":"","theme-transparent-header-meta":"","adv-header-id-meta":"","stick-header-meta":"","header-above-stick-meta":"","header-main-stick-meta":"","header-below-stick-meta":"","astra-migrate-meta-layouts":"default","ast-page-background-enabled":"default","ast-page-background-meta":{"desktop":{"background-color":"var(--ast-global-color-4)","background-image":"","background-repeat":"repeat","background-position":"center center","background-size":"auto","background-attachment":"scroll","background-type":"","background-media":"","overlay-type":"","overlay-color":"","overlay-opacity":"","overlay-gradient":""},"tablet":{"background-color":"","background-image":"","background-repeat":"repeat","background-position":"center center","background-size":"auto","background-attachment":"scroll","background-type":"","background-media":"","overlay-type":"","overlay-color":"","overlay-opacity":"","overlay-gradient":""},"mobile":{"background-color":"","background-image":"","background-repeat":"repeat","background-position":"center center","background-size":"auto","background-attachment":"scroll","background-type":"","background-media":"","overlay-type":"","overlay-color":"","overlay-opacity":"","overlay-gradient":""}},"ast-content-background-meta":{"desktop":{"background-color":"var(--ast-global-color-5)","background-image":"","background-repeat":"repeat","background-position":"center center","background-size":"auto","background-attachment":"scroll","background-type":"","background-media":"","overlay-type":"","overlay-color":"","overlay-opacity":"","overlay-gradient":""},"tablet":{"background-color":"var(--ast-global-color-5)","background-image":"","background-repeat":"repeat","background-position":"center center","background-size":"auto","background-attachment":"scroll","background-type":"","background-media":"","overlay-type":"","overlay-color":"","overlay-opacity":"","overlay-gradient":""},"mobile":{"background-color":"var(--ast-global-color-5)","background-image":"","background-repeat":"repeat","background-position":"center center","background-size":"auto","background-attachment":"scroll","background-type":"","background-media":"","overlay-type":"","overlay-color":"","overlay-opacity":"","overlay-gradient":""}},"footnotes":""},"class_list":["post-125","page","type-page","status-publish","hentry"],"_links":{"self":[{"href":"https:\/\/cristoredentor.es\/index.php?rest_route=\/wp\/v2\/pages\/125","targetHints":{"allow":["GET"]}}],"collection":[{"href":"https:\/\/cristoredentor.es\/index.php?rest_route=\/wp\/v2\/pages"}],"about":[{"href":"https:\/\/cristoredentor.es\/index.php?rest_route=\/wp\/v2\/types\/page"}],"author":[{"embeddable":true,"href":"https:\/\/cristoredentor.es\/index.php?rest_route=\/wp\/v2\/users\/1"}],"replies":[{"embeddable":true,"href":"https:\/\/cristoredentor.es\/index.php?rest_route=%2Fwp%2Fv2%2Fcomments&post=125"}],"version-history":[{"count":4,"href":"https:\/\/cristoredentor.es\/index.php?rest_route=\/wp\/v2\/pages\/125\/revisions"}],"predecessor-version":[{"id":1616,"href":"https:\/\/cristoredentor.es\/index.php?rest_route=\/wp\/v2\/pages\/125\/revisions\/1616"}],"wp:attachment":[{"href":"https:\/\/cristoredentor.es\/index.php?rest_route=%2Fwp%2Fv2%2Fmedia&parent=125"}],"curies":[{"name":"wp","href":"https:\/\/api.w.org\/{rel}","templated":true}]}}