{"id":127,"date":"2019-05-19T09:01:13","date_gmt":"2019-05-19T07:01:13","guid":{"rendered":"https:\/\/cristoredentor.ml\/?page_id=127"},"modified":"2026-01-26T23:32:33","modified_gmt":"2026-01-26T22:32:33","slug":"catequesis-2","status":"publish","type":"page","link":"https:\/\/cristoredentor.es\/?page_id=127","title":{"rendered":"Catequesis Comuni\u00f3n"},"content":{"rendered":"\n<div id=\"cc-m-5697571916\" class=\"j-module n j-header \">\n<h1 id=\"cc-m-header-5697571916\" class=\"\">CATEQUESIS DE COMUNI\u00d3N \u00a0<\/h1>\n<p>\u00a0<\/p>\n<\/div>\n<div id=\"cc-m-5697572416\" class=\"j-module n j-text \">\n<p style=\"text-align: left;\" align=\"center\">La catequesis en esta parroquia para poder recibir el Sacramento de la Comuni\u00f3n es impartida en tres cursos.<\/p>\n<table style=\"border-collapse: collapse; width: 100%;\">\n<tbody>\n<tr>\n<td style=\"width: 14.6552%;\">CURSO<\/td>\n<td style=\"width: 52.0689%;\">EDAD<\/td>\n<td style=\"width: 11.3795%;\">D\u00cdA<\/td>\n<td style=\"width: 9.39654%;\">HORA<\/td>\n<\/tr>\n<tr>\n<td style=\"width: 14.6552%;\"><strong>Iniciaci\u00f3n I<\/strong><\/td>\n<td style=\"width: 52.0689%;\"><em>7 a\u00f1os cumplidos o que los cumplan en este a\u00f1o<br \/><\/em><\/td>\n<td style=\"width: 11.3795%;\">domingo<\/td>\n<td style=\"width: 9.39654%;\">11:00<\/td>\n<\/tr>\n<tr>\n<td style=\"width: 14.6552%;\"><strong>Iniciaci\u00f3n II<\/strong><\/td>\n<td style=\"width: 52.0689%;\"><em>8 a\u00f1os cumplidos o que los cumplan en este a\u00f1o<\/em><\/td>\n<td style=\"width: 11.3795%;\">domingo<\/td>\n<td style=\"width: 9.39654%;\">11:00<\/td>\n<\/tr>\n<tr>\n<td style=\"width: 14.6552%;\"><strong>\u00a0<\/strong><\/td>\n<td style=\"width: 52.0689%;\"><em>\u00a0<\/em><\/td>\n<td style=\"width: 11.3795%;\">lunes<\/td>\n<td style=\"width: 9.39654%;\">18:15<\/td>\n<\/tr>\n<tr>\n<td style=\"width: 14.6552%;\"><strong>Iniciaci\u00f3n III<\/strong><\/td>\n<td style=\"width: 52.0689%;\">\u00a0<\/td>\n<td style=\"width: 11.3795%;\">domingo<\/td>\n<td style=\"width: 9.39654%;\">11:00<\/td>\n<\/tr>\n<tr>\n<td style=\"width: 14.6552%;\">\u00a0<\/td>\n<td style=\"width: 52.0689%;\">\u00a0<\/td>\n<td style=\"width: 11.3795%;\">mi\u00e9rcoles<\/td>\n<td style=\"width: 9.39654%;\">18:15<\/td>\n<\/tr>\n<\/tbody>\n<\/table>\n<\/div>\n<div id=\"cc-m-11710025898\" class=\"j-module n j-text \">\n<p align=\"center\">\u00a0<\/p>\n<p align=\"center\">CELEBRAR LA EUCARIST\u00cdA ES FUNDAMENTAL. LA DE 12 H\u00a0EST\u00c1 ORIENTADA PARA NI\u00d1OS Y TODA LA FAMILIA.\u00a0<\/p>\n<p align=\"center\">Si alguno de los padres quiere dar catequesis o ayudar que lo diga<\/p>\n<\/div>\n\n\n\n                <style>\n            #sogrid-1769462439248.sogrid--classic{\n                font-size: 16px;\n                padding: 20px 0px 20px 0px;\n                margin-top: 0px;\n                margin-bottom: 20px;\n                background-color: rgba(0,0,0,0);\n            }\n\n            #sogrid-1769462439248.sogrid--classic .sogrid__entry{\n                border-color: #f1f1f1;\n            }\n\n            #sogrid-1769462439248.sogrid--classic .sogrid__entry__title a,\n            #sogrid-1769462439248.sogrid--classic .sogrid__entry__title a:focus,\n            #sogrid-1769462439248.sogrid--classic .sogrid__entry__title a:hover,\n            #sogrid-1769462439248.sogrid--classic .sogrid__entry__title a:visited{\n                color: #5e35b1;\n            }\n    \n            #sogrid-1769462439248.sogrid--classic .sogrid__entry__meta{\n                color: #777777;\n            }\n    \n            #sogrid-1769462439248.sogrid--classic .sogrid__entry__meta .sogrid__entry__author,\n            #sogrid-1769462439248.sogrid--classic .sogrid__entry__meta .sogrid__entry__author:hover,\n            #sogrid-1769462439248.sogrid--classic .sogrid__entry__meta .sogrid__entry__author:focus,\n            #sogrid-1769462439248.sogrid--classic .sogrid__entry__meta .sogrid__entry__author:visited{\n                color: #777777;\n            }\n\n            #sogrid-1769462439248.sogrid--classic .sogrid__entry__categories a,\n            #sogrid-1769462439248.sogrid--classic .sogrid__entry__categories a:hover,\n            #sogrid-1769462439248.sogrid--classic .sogrid__entry__categories a:focus,\n            #sogrid-1769462439248.sogrid--classic .sogrid__entry__categories a:visited{\n                color: #e53935;\n            }\n    \n            #sogrid-1769462439248.sogrid--classic .sogrid__entry__excerpt{\n                color: #555555;\n            }\n    \n            #sogrid-1769462439248.sogrid--classic .sogrid__entry__readmore,\n            #sogrid-1769462439248.sogrid--classic .sogrid__entry__readmore:hover,\n            #sogrid-1769462439248.sogrid--classic .sogrid__entry__readmore:focus,\n            #sogrid-1769462439248.sogrid--classic .sogrid__entry__readmore:visited{\n                color: #ffffff;\n                background-color: #d32f2f;\n            }   \n\n            #sogrid-1769462439248.sogrid--classic .sogrid__pagination span{\n                color: #333333;\n                background-color: #e9e9e9;\n            }\n    \n            #sogrid-1769462439248.sogrid--classic .sogrid__pagination span.__active{\n                color: #ffffff;\n                background-color: #d32f2f;\n            }\n\n            @media all and (min-width: 768px) {\n                #sogrid-1769462439248.sogrid--classic{\n                    font-size: 16px;\n                }\n            }\n    \n            @media all and (min-width: 992px) {\n                #sogrid-1769462439248.sogrid--classic{\n                    font-size: 16px;\n                }\n            }\n        <\/style>\n\n                <script>var sogrid_1769462439248 = {\"uid\":\"sogrid-1769462439248\",\"categoriesSelected\":[{\"id\":14,\"slug\":\"catequesis-comunion\"}],\"postsNumber\":3,\"isAuthorVisible\":true,\"isDateVisible\":true,\"areCategoriesVisible\":true,\"fontSize\":16,\"tabletFontSize\":16,\"mobileFontSize\":16,\"titleColor\":\"#5e35b1\",\"categoryColor\":\"#e53935\",\"dateColor\":\"#777777\",\"authorColor\":\"#777777\",\"excerptColor\":\"#555555\",\"readmoreColor\":\"#ffffff\",\"readmoreBGColor\":\"#d32f2f\",\"bottomBorderColor\":\"#f1f1f1\",\"hasBorderedImage\":false,\"marginTop\":0,\"marginBottom\":20,\"paddingTop\":20,\"paddingBottom\":20,\"paddingLeft\":0,\"paddingRight\":0,\"backgroundColor\":\"rgba(0,0,0,0)\",\"isExcerptVisible\":true,\"isPaginationEnabled\":false,\"paginationMaxPages\":3,\"paginationPos\":\"top\",\"paginationColor\":\"#333333\",\"paginationBgColor\":\"#e9e9e9\",\"paginationActiveColor\":\"#ffffff\",\"paginationActiveBgColor\":\"#d32f2f\",\"isReadMoreVisible\":true,\"readMoreText\":\"Read More\",\"postsOrder\":\"date\"};<\/script>\n\n                <div\n                    id=sogrid-1769462439248\n                    class=\"sogrid sogrid--classic\"\n                    data-desktop=\"\"\n                    data-tablet=\"\"\n                    data-mobile=\"\"\n                >\n\n                    \n\n                    <div class=\"sogrid__posts\" data-page=\"1\">\n\n            <article class=\"sogrid__entry sogrid__entry--has-thumbnail\">\n\n                \n            <div class=\"sogrid__entry__thumbnail\">\n                <img decoding=\"async\" src=\"https:\/\/cristoredentor.es\/wp-content\/uploads\/2026\/01\/imagen.png\" alt=\"CATEQUESIS COMUNI\u00d3N 2025-2026\" \/>\n                \n            <a class=\"sogrid__entry__format\" data-format=\"\" href=\"https:\/\/cristoredentor.es\/?p=1629\">\n                <span>\n            <svg class=\"dashicon\" role=\"img\" focusable=\"false\" xmlns=\"http:\/\/www.w3.org\/2000\/svg\" width=\"20\" height=\"20\" viewBox=\"0 0 24 24\">\n                <path d=\"M13.744 8s1.522-8-3.335-8h-8.409v24h20v-13c0-3.419-5.247-3.745-8.256-3zm4.256 11h-12v-1h12v1zm0-3h-12v-1h12v1zm0-3h-12v-1h12v1zm-3.432-12.925c2.202 1.174 5.938 4.883 7.432 6.881-1.286-.9-4.044-1.657-6.091-1.179.222-1.468-.185-4.534-1.341-5.702z\"\/>\n            <\/svg><\/span>\n            <\/a>\n        \n            <\/div>\n        \n\n                <div class=\"sogrid__entry__content\">\n\n                    <div class=\"sogrid__entry__categories\"><a href=\"https:\/\/cristoredentor.es\/?cat=12\">Catequesis<\/a><a href=\"https:\/\/cristoredentor.es\/?cat=14\">Catequesis comuni\u00f3n<\/a><a href=\"https:\/\/cristoredentor.es\/?cat=7\">Noticias<\/a><a href=\"https:\/\/cristoredentor.es\/?cat=11\">P\u00e1gina principal<\/a><\/div>\n\n                    <h3 class=\"sogrid__entry__title\">\n                        <a href=\"https:\/\/cristoredentor.es\/?p=1629\">CATEQUESIS COMUNI\u00d3N 2025-2026<\/a>\n                    <\/h3>\n\n                    <div class=\"sogrid__entry__meta\"><a class=\"sogrid__entry__author\" href=\"https:\/\/cristoredentor.es\/?author=1\">parroquia<\/a><span class=\"sogrid__entry__date\">26 enero, 2026<\/span><\/div>\n\n                    <div class=\"sogrid__entry__excerpt\">INICIACI\u00d3N I-II-III PADRES,&nbsp;NO OLVIDEN QUE LO IMPORTANTE ES LA BUENA FORMACI\u00d3N DE SUS HIJOS. SU&#8230;<\/div>\n\n                    \n            <a href=\"https:\/\/cristoredentor.es\/?p=1629\" class=\"sogrid__entry__readmore\">\n                Read More\n            <\/a>\n        \n\n                <\/div>\n\n            <\/article><\/div>\n\n                    \n\n                <\/div>","protected":false},"excerpt":{"rendered":"<p>CATEQUESIS DE COMUNI\u00d3N \u00a0 \u00a0 La catequesis en esta parroquia para poder recibir el Sacramento de la Comuni\u00f3n es impartida en tres cursos. CURSO EDAD D\u00cdA HORA Iniciaci\u00f3n I 7 a\u00f1os cumplidos o que los cumplan en este a\u00f1o domingo 11:00 Iniciaci\u00f3n II 8 a\u00f1os cumplidos o que los cumplan en este a\u00f1o domingo 11:00 [&hellip;]<\/p>\n","protected":false},"author":1,"featured_media":708,"parent":0,"menu_order":0,"comment_status":"closed","ping_status":"closed","template":"","meta":{"site-sidebar-layout":"default","site-content-layout":"","ast-site-content-layout":"default","site-content-style":"default","site-sidebar-style":"default","ast-global-header-display":"","ast-banner-title-visibility":"","ast-main-header-display":"","ast-hfb-above-header-display":"","ast-hfb-below-header-display":"","ast-hfb-mobile-header-display":"","site-post-title":"","ast-breadcrumbs-content":"","ast-featured-img":"","footer-sml-layout":"","ast-disable-related-posts":"","theme-transparent-header-meta":"","adv-header-id-meta":"","stick-header-meta":"","header-above-stick-meta":"","header-main-stick-meta":"","header-below-stick-meta":"","astra-migrate-meta-layouts":"default","ast-page-background-enabled":"default","ast-page-background-meta":{"desktop":{"background-color":"var(--ast-global-color-4)","background-image":"","background-repeat":"repeat","background-position":"center center","background-size":"auto","background-attachment":"scroll","background-type":"","background-media":"","overlay-type":"","overlay-color":"","overlay-opacity":"","overlay-gradient":""},"tablet":{"background-color":"","background-image":"","background-repeat":"repeat","background-position":"center center","background-size":"auto","background-attachment":"scroll","background-type":"","background-media":"","overlay-type":"","overlay-color":"","overlay-opacity":"","overlay-gradient":""},"mobile":{"background-color":"","background-image":"","background-repeat":"repeat","background-position":"center center","background-size":"auto","background-attachment":"scroll","background-type":"","background-media":"","overlay-type":"","overlay-color":"","overlay-opacity":"","overlay-gradient":""}},"ast-content-background-meta":{"desktop":{"background-color":"var(--ast-global-color-5)","background-image":"","background-repeat":"repeat","background-position":"center center","background-size":"auto","background-attachment":"scroll","background-type":"","background-media":"","overlay-type":"","overlay-color":"","overlay-opacity":"","overlay-gradient":""},"tablet":{"background-color":"var(--ast-global-color-5)","background-image":"","background-repeat":"repeat","background-position":"center center","background-size":"auto","background-attachment":"scroll","background-type":"","background-media":"","overlay-type":"","overlay-color":"","overlay-opacity":"","overlay-gradient":""},"mobile":{"background-color":"var(--ast-global-color-5)","background-image":"","background-repeat":"repeat","background-position":"center center","background-size":"auto","background-attachment":"scroll","background-type":"","background-media":"","overlay-type":"","overlay-color":"","overlay-opacity":"","overlay-gradient":""}},"footnotes":""},"class_list":["post-127","page","type-page","status-publish","has-post-thumbnail","hentry"],"_links":{"self":[{"href":"https:\/\/cristoredentor.es\/index.php?rest_route=\/wp\/v2\/pages\/127","targetHints":{"allow":["GET"]}}],"collection":[{"href":"https:\/\/cristoredentor.es\/index.php?rest_route=\/wp\/v2\/pages"}],"about":[{"href":"https:\/\/cristoredentor.es\/index.php?rest_route=\/wp\/v2\/types\/page"}],"author":[{"embeddable":true,"href":"https:\/\/cristoredentor.es\/index.php?rest_route=\/wp\/v2\/users\/1"}],"replies":[{"embeddable":true,"href":"https:\/\/cristoredentor.es\/index.php?rest_route=%2Fwp%2Fv2%2Fcomments&post=127"}],"version-history":[{"count":28,"href":"https:\/\/cristoredentor.es\/index.php?rest_route=\/wp\/v2\/pages\/127\/revisions"}],"predecessor-version":[{"id":1700,"href":"https:\/\/cristoredentor.es\/index.php?rest_route=\/wp\/v2\/pages\/127\/revisions\/1700"}],"wp:featuredmedia":[{"embeddable":true,"href":"https:\/\/cristoredentor.es\/index.php?rest_route=\/wp\/v2\/media\/708"}],"wp:attachment":[{"href":"https:\/\/cristoredentor.es\/index.php?rest_route=%2Fwp%2Fv2%2Fmedia&parent=127"}],"curies":[{"name":"wp","href":"https:\/\/api.w.org\/{rel}","templated":true}]}}