{"id":134,"date":"2019-05-19T09:11:59","date_gmt":"2019-05-19T07:11:59","guid":{"rendered":"https:\/\/cristoredentor.ml\/?page_id=134"},"modified":"2019-10-07T00:22:06","modified_gmt":"2019-10-06T22:22:06","slug":"catequesis-de-infancia-adulta-y-preadolescentes","status":"publish","type":"page","link":"https:\/\/cristoredentor.es\/?page_id=134","title":{"rendered":"Catequesis de infancia adulta y preadolescentes"},"content":{"rendered":"\n<div id=\"cc-m-9612813198\" class=\"j-module n j-header \">\n<h2 id=\"cc-m-header-9612813198\" class=\"\">AVISOS CURSO 2016-2017<\/h2>\n<\/div>\n<div id=\"cc-m-5697579916\" class=\"j-module n j-header \">\n<h1 id=\"cc-m-header-5697579916\" class=\"\">CATEQUESIS DE POST-COMUNI\u00d3N<\/h1>\n<\/div>\n<div id=\"cc-m-5697580216\" class=\"j-module n j-header \">\n<h1 id=\"cc-m-header-5697580216\" class=\"\">PROCESO DE CATEQUESIS DE INFANCIA ADULTA Y PREADOLESCENTES<\/h1>\n<\/div>\n<div id=\"cc-m-5697580516\" class=\"j-module n j-text \">\n<p align=\"center\"><strong>PADRES,\u00a0NO OLVIDEN QUE LO IMPORTANTE ES LA BUENA FORMACI\u00d3N DE SUS HIJOS. SU ACOMPA\u00d1AMIENTO ES FUNDAMENTAL<\/strong><\/p>\n<\/div>\n<div id=\"cc-m-10995911898\" class=\"j-module n j-text \">\n<p align=\"center\">\u00a0<\/p>\n<p align=\"center\"><strong>INFANCIA ADULTA Y PREADOLESCENTES<\/strong><\/p>\n<p align=\"center\">\u00a0<\/p>\n<p align=\"center\"><strong>\u00a0<\/strong><strong>INFANCIA ADULTA \u00a0 \u00a0 \u00a0 5\u00ba Y 6\u00ba PRIMARIA<\/strong><\/p>\n<p align=\"center\"><strong>PRE-ADOLESCENTES \u00a0 \u00a0 \u00a0 \u00a0 1\u00baESO 2\u00baESO<\/strong><\/p>\n<p align=\"center\">\u00a0<\/p>\n<p align=\"center\"><strong>POST-COMUNI\u00d3N<\/strong><\/p>\n<p align=\"center\"><strong>\u00a0<\/strong><\/p>\n<p><strong>*LA REUNI\u00d3N\u00a0<\/strong><strong>CON TODOS LOS PADRES E HIJOS<\/strong>\u00a0QUE SIGAN EL PROCESO CATEQU\u00c9TICO DESPU\u00c9S DEL SACRAMENTO DE LA COMUNI\u00d3N SER\u00c1:<\/p>\n<p>\u00a0<\/p>\n<p>-D\u00cdA:\u00a0<strong>25 DE SEPTIEMBRE. DOMINGO<\/strong>. \u00a0\u00a0\u00a0<\/p>\n<p><strong>(Este d\u00eda se les apunta a todos).<\/strong><\/p>\n<p><strong>\u00a0<\/strong><\/p>\n<p>-HORA:\u00a0<strong>10:45 h.\u00a0\u00a0\u00a0<\/strong><\/p>\n<p><strong>\u00a0\u00a0\u00a0<\/strong><\/p>\n<p>\u00a0<\/p>\n<p>-LUGAR:\u00a0<strong>LOCALES PARROQUIALES \u2013\u00a0SALA 5<\/strong><\/p>\n<p><strong>\u00a0<\/strong><\/p>\n<p><strong>*El D\u00cdA y la HORA de CATEQUESIS ser\u00e1 el DOMINGO a las 11h.<\/strong><\/p>\n<p align=\"center\"><strong>\u00a0<\/strong><\/p>\n<p align=\"center\"><strong>CELEBRAR LA EUCARIST\u00cdA ES FUNDAMENTAL. LA DE 12 H<\/strong>\u00a0<strong>EST\u00c1 ORIENTADA PARA NI\u00d1OS, MUCHACHOS Y TODA LA FAMILIA.\u00a0<\/strong><\/p>\n<p align=\"center\"><strong>\u00a0<\/strong><\/p>\n<p align=\"center\"><strong>\u00a0<\/strong><\/p>\n<p align=\"center\"><strong>\u00a0<\/strong><\/p>\n<p align=\"center\"><strong>\u00a0<\/strong><\/p>\n<p align=\"center\"><strong>\u00a0<\/strong><\/p>\n<\/div>\n<div id=\"cc-m-5682122516\" class=\"j-module n j-imageSubtitle \">\n<figure class=\"cc-imagewrapper cc-m-image-align-3\"><img decoding=\"async\" id=\"cc-m-imagesubtitle-image-5682122516\" class=\"\" src=\"https:\/\/image.jimcdn.com\/app\/cms\/image\/transf\/dimension=300x10000:format=jpg\/path\/sb3f24ca1540d4d26\/image\/ieacae65cd45e70b8\/version\/1369416552\/image.jpg\" sizes=\"(min-width: 300px) 300px, 100vw\" srcset=\"https:\/\/image.jimcdn.com\/app\/cms\/image\/transf\/dimension=300x10000:format=jpg\/path\/sb3f24ca1540d4d26\/image\/ieacae65cd45e70b8\/version\/1369416552\/image.jpg 300w, https:\/\/image.jimcdn.com\/app\/cms\/image\/transf\/dimension=320x10000:format=jpg\/path\/sb3f24ca1540d4d26\/image\/ieacae65cd45e70b8\/version\/1369416552\/image.jpg 320w, https:\/\/image.jimcdn.com\/app\/cms\/image\/transf\/dimension=600x10000:format=jpg\/path\/sb3f24ca1540d4d26\/image\/ieacae65cd45e70b8\/version\/1369416552\/image.jpg 600w\" alt=\"\" data-src-width=\"1000\" data-src-height=\"1295\" data-src=\"https:\/\/image.jimcdn.com\/app\/cms\/image\/transf\/dimension=300x10000:format=jpg\/path\/sb3f24ca1540d4d26\/image\/ieacae65cd45e70b8\/version\/1369416552\/image.jpg\" data-image-id=\"3972425816\" \/><\/figure>\n<\/div>\n","protected":false},"excerpt":{"rendered":"<p>AVISOS CURSO 2016-2017 CATEQUESIS DE POST-COMUNI\u00d3N PROCESO DE CATEQUESIS DE INFANCIA ADULTA Y PREADOLESCENTES PADRES,\u00a0NO OLVIDEN QUE LO IMPORTANTE ES LA BUENA FORMACI\u00d3N DE SUS HIJOS. SU ACOMPA\u00d1AMIENTO ES FUNDAMENTAL \u00a0 INFANCIA ADULTA Y PREADOLESCENTES \u00a0 \u00a0INFANCIA ADULTA \u00a0 \u00a0 \u00a0 5\u00ba Y 6\u00ba PRIMARIA PRE-ADOLESCENTES \u00a0 \u00a0 \u00a0 \u00a0 1\u00baESO 2\u00baESO \u00a0 POST-COMUNI\u00d3N \u00a0 [&hellip;]<\/p>\n","protected":false},"author":1,"featured_media":0,"parent":0,"menu_order":0,"comment_status":"closed","ping_status":"closed","template":"","meta":{"site-sidebar-layout":"default","site-content-layout":"","ast-site-content-layout":"default","site-content-style":"default","site-sidebar-style":"default","ast-global-header-display":"","ast-banner-title-visibility":"","ast-main-header-display":"","ast-hfb-above-header-display":"","ast-hfb-below-header-display":"","ast-hfb-mobile-header-display":"","site-post-title":"","ast-breadcrumbs-content":"","ast-featured-img":"","footer-sml-layout":"","ast-disable-related-posts":"","theme-transparent-header-meta":"","adv-header-id-meta":"","stick-header-meta":"","header-above-stick-meta":"","header-main-stick-meta":"","header-below-stick-meta":"","astra-migrate-meta-layouts":"default","ast-page-background-enabled":"default","ast-page-background-meta":{"desktop":{"background-color":"var(--ast-global-color-4)","background-image":"","background-repeat":"repeat","background-position":"center center","background-size":"auto","background-attachment":"scroll","background-type":"","background-media":"","overlay-type":"","overlay-color":"","overlay-opacity":"","overlay-gradient":""},"tablet":{"background-color":"","background-image":"","background-repeat":"repeat","background-position":"center center","background-size":"auto","background-attachment":"scroll","background-type":"","background-media":"","overlay-type":"","overlay-color":"","overlay-opacity":"","overlay-gradient":""},"mobile":{"background-color":"","background-image":"","background-repeat":"repeat","background-position":"center center","background-size":"auto","background-attachment":"scroll","background-type":"","background-media":"","overlay-type":"","overlay-color":"","overlay-opacity":"","overlay-gradient":""}},"ast-content-background-meta":{"desktop":{"background-color":"var(--ast-global-color-5)","background-image":"","background-repeat":"repeat","background-position":"center center","background-size":"auto","background-attachment":"scroll","background-type":"","background-media":"","overlay-type":"","overlay-color":"","overlay-opacity":"","overlay-gradient":""},"tablet":{"background-color":"var(--ast-global-color-5)","background-image":"","background-repeat":"repeat","background-position":"center center","background-size":"auto","background-attachment":"scroll","background-type":"","background-media":"","overlay-type":"","overlay-color":"","overlay-opacity":"","overlay-gradient":""},"mobile":{"background-color":"var(--ast-global-color-5)","background-image":"","background-repeat":"repeat","background-position":"center center","background-size":"auto","background-attachment":"scroll","background-type":"","background-media":"","overlay-type":"","overlay-color":"","overlay-opacity":"","overlay-gradient":""}},"footnotes":""},"class_list":["post-134","page","type-page","status-publish","hentry"],"_links":{"self":[{"href":"https:\/\/cristoredentor.es\/index.php?rest_route=\/wp\/v2\/pages\/134","targetHints":{"allow":["GET"]}}],"collection":[{"href":"https:\/\/cristoredentor.es\/index.php?rest_route=\/wp\/v2\/pages"}],"about":[{"href":"https:\/\/cristoredentor.es\/index.php?rest_route=\/wp\/v2\/types\/page"}],"author":[{"embeddable":true,"href":"https:\/\/cristoredentor.es\/index.php?rest_route=\/wp\/v2\/users\/1"}],"replies":[{"embeddable":true,"href":"https:\/\/cristoredentor.es\/index.php?rest_route=%2Fwp%2Fv2%2Fcomments&post=134"}],"version-history":[{"count":1,"href":"https:\/\/cristoredentor.es\/index.php?rest_route=\/wp\/v2\/pages\/134\/revisions"}],"predecessor-version":[{"id":135,"href":"https:\/\/cristoredentor.es\/index.php?rest_route=\/wp\/v2\/pages\/134\/revisions\/135"}],"wp:attachment":[{"href":"https:\/\/cristoredentor.es\/index.php?rest_route=%2Fwp%2Fv2%2Fmedia&parent=134"}],"curies":[{"name":"wp","href":"https:\/\/api.w.org\/{rel}","templated":true}]}}