{"id":1356,"date":"2019-10-15T23:06:38","date_gmt":"2019-10-15T21:06:38","guid":{"rendered":"https:\/\/cristoredentor.es\/?page_id=1356"},"modified":"2019-10-15T23:06:38","modified_gmt":"2019-10-15T21:06:38","slug":"17-01-congregacion-religiosas-misioneras-siervas-del-espiritu-santo","status":"publish","type":"page","link":"https:\/\/cristoredentor.es\/?page_id=1356","title":{"rendered":"17-01 CONGREGACI\u00d3N \u201cRELIGIOSAS MISIONERAS, SIERVAS DEL ESP\u00cdRITU SANTO\u201d"},"content":{"rendered":"\n<h1 class=\"wp-block-heading\">SOMOS<\/h1>\n\n\n\n<p><strong>Religiosas \u201cMISIONERAS, SIERVAS DEL ESP\u00cdRITU SANTO\u201d, al servicio de la Misi\u00f3n.<\/strong>&nbsp;Mujeres amadas, llamadas y enviadas por Dios Uno y Trino desde todas las naciones, para ser una Comunidad que vive el Evangelio. Llamadas a ser una presencia de Jes\u00fas especialmente en situaciones de frontera.<\/p>\n\n\n\n<h1 class=\"wp-block-heading\">NUESTRO SERVICIO CONSISTE EN<\/h1>\n\n\n\n<p>Desde&nbsp;<strong>NUESTRA CONGREGACI\u00d3N:<\/strong><\/p>\n\n\n\n<p>&#8211;&nbsp;<strong>SERVIMOS a la proclamaci\u00f3n del Evangelio<\/strong>&nbsp;all\u00ed donde a\u00fan no ha<\/p>\n\n\n\n<p>&nbsp; &nbsp; sido anunciado o lo ha sido de manera insuficiente.<\/p>\n\n\n\n<p>&#8211;&nbsp;<strong>SERVIMOS a la Palabra de Dios mediante la educaci\u00f3n religiosa,<\/strong><\/p>\n\n\n\n<p><strong>&nbsp; &nbsp; catequesis, grupos de fe y oraci\u00f3n, retiros y otros servicios<\/strong><\/p>\n\n\n\n<p><strong>&nbsp; &nbsp; pastorales.<\/strong><\/p>\n\n\n\n<p>&#8211;&nbsp;<strong>CONTRIBUIMOS a que la mujer tome mayor conciencia de su<\/strong><\/p>\n\n\n\n<p><strong>&nbsp; &nbsp; dignidad y funci\u00f3n en la familia, en la Iglesia y en la sociedad.<\/strong><\/p>\n\n\n\n<p>&#8211;&nbsp;<strong>TRABAJAMOS en favor de la justicia, la libertad y la paz.<\/strong><\/p>\n\n\n\n<p>&#8211;&nbsp;<strong>ESTAMOS LLAMADAS a dedicar nuestro servicio preferencial a<\/strong><\/p>\n\n\n\n<p><strong>&nbsp; &nbsp; los pobres.<\/strong><\/p>\n\n\n\n<p>&#8211;&nbsp;<strong>VIVIMOS nuestra consagraci\u00f3n misionera en el ejercicio de<\/strong><\/p>\n\n\n\n<p><strong>&nbsp; &nbsp; nuestra profesi\u00f3n al servicio del desarrollo integral de los<\/strong><\/p>\n\n\n\n<p><strong>&nbsp; &nbsp; pueblos<\/strong>, sin distinci\u00f3n de raza, religi\u00f3n, ni condici\u00f3n social.<\/p>\n\n\n\n<p>En&nbsp;<strong>NUESTRA PARROQUIA:<\/strong><\/p>\n\n\n\n<p>Estamos en la Parroquia Cristo Redentor&nbsp;<strong>desde el comienzo<\/strong>&nbsp;en los salones de la Calle Adolfo Miaja de la Muela. Las Hermanas&nbsp;<strong>colaboraban en todas las actividades pastorales<\/strong><strong>.<\/strong>&nbsp;Al construirse e inaugurarse la Parroquia siguieron con las mismas actividades. Por diversas circunstancias esto cambi\u00f3.<\/p>\n\n\n\n<p><strong>Hoy estamos en:<\/strong><\/p>\n\n\n\n<p>&#8211;&nbsp;<strong>Catequesis de Infancia<\/strong>: Iniciaci\u00f3n II y III.<\/p>\n\n\n\n<p>&#8211;&nbsp;<strong>Pastoral de la Salud:<\/strong>&nbsp;participamos en el grupo y se atiende y<\/p>\n\n\n\n<p>&nbsp; &nbsp; acompa\u00f1a de un modo especial la Residencia de la Tercera Edad<\/p>\n\n\n\n<p>&nbsp; &nbsp; de Parquesol.<\/p>\n\n\n\n<p>&#8211;&nbsp;<strong>Grupo de Espiritualidad y Vida<\/strong>&nbsp;(que comenzar\u00e1 el pr\u00f3ximo curso).<\/p>\n\n\n\n<p>&#8211;&nbsp;Adem\u00e1s hay&nbsp;<strong>otras actividades<\/strong>&nbsp;en las que tambi\u00e9n participamos.<\/p>\n\n\n\n<p><em>&nbsp; &nbsp; \u201cEl anuncio del Evangelio es la primera<\/em><\/p>\n\n\n\n<p><em>&nbsp; &nbsp; &nbsp;y la obra m\u00e1s sublime de amor al pr\u00f3jimo\u201d.<\/em><\/p>\n\n\n\n<p><em>&nbsp; &nbsp; &nbsp; &nbsp; &nbsp; &nbsp; &nbsp; &nbsp; &nbsp; &nbsp; &nbsp; &nbsp; &nbsp; &nbsp; &nbsp; &nbsp; &nbsp;San Arnoldo Janssen<\/em><\/p>\n\n\n\n<h1 class=\"wp-block-heading\">NUESTROS OBJETIVOS SON<\/h1>\n\n\n\n<p>Nuestro objetivo principal es el servicio de la&nbsp;<strong>proclamaci\u00f3n de la BUENA NUEVA<\/strong>&nbsp;seg\u00fan la voluntad de nuestro Fundador, que abierto a las situaciones de su tiempo vio la necesidad de&nbsp;<strong>nuestra presencia femenina en aquellos lugares de la misi\u00f3n<\/strong>, donde hubiera necesidad de un servicio de caridad cristiana, educaci\u00f3n y asistencia espiritual.<\/p>\n\n\n\n<p>Hoy: &nbsp;&nbsp;&nbsp;&nbsp;&nbsp;&nbsp;&nbsp;&nbsp;&nbsp;&nbsp;&nbsp;&nbsp;&nbsp;&nbsp;&nbsp;&nbsp;&nbsp;&nbsp;&nbsp;<\/p>\n\n\n\n<p>&#8211;&nbsp;<strong>Mantener viva la responsabilidad misionera por la Iglesia<\/strong><\/p>\n\n\n\n<p><strong>&nbsp; &nbsp; universal.<\/strong><\/p>\n\n\n\n<p>&#8211;&nbsp;<strong>Animar a aquellos j\u00f3venes que se sienten llamados a un servicio<\/strong><\/p>\n\n\n\n<p><strong>&nbsp; &nbsp; misionero comprometido.<\/strong><\/p>\n\n\n\n<p>&#8211;&nbsp;<strong>Servir de cauce para aquellas j\u00f3venes, que quieran integrarse<\/strong><\/p>\n\n\n\n<p><strong>&nbsp; &nbsp; totalmente al Reino a trav\u00e9s de una Congregaci\u00f3n religiosa y<\/strong><\/p>\n\n\n\n<p><strong>&nbsp; &nbsp; misionera, seg\u00fan el esp\u00edritu de nuestros fundadores.<\/strong><\/p>\n\n\n\n<p><strong>Nuestro ser misionero no depende de la actividad que realizamos sino de nuestro<\/strong>&nbsp;<strong>compromiso en el seguimiento de Jesucristo<\/strong>&nbsp;buscando, como mujeres consagradas, testimoniar el amor de Dios donde quiera que estemos. Por eso dedicamos nuestra vida a Dios a trav\u00e9s de diferentes trabajos y apostolados.<\/p>\n\n\n\n<h1 class=\"wp-block-heading\">NOS REUNIMOS<\/h1>\n\n\n\n<p>en los locales parroquiales a convenir.<\/p>\n\n\n\n<p>La Congregaci\u00f3n de Siervas del Esp\u00edritu Santo publican una revista llamada ESLAB\u00d3N. Algunas de sus \u00faltimas publicaciones se pueden ver en los siguientes enlaces.&nbsp;<\/p>\n\n\n\n<figure class=\"wp-block-image\"><a href=\"https:\/\/www.cristoredentor.info\/app\/download\/9880993898\/ESLAB%C3%93N+DICIEMBRE+2014.pdf?t=1419127210\"><img decoding=\"async\" src=\"https:\/\/cristoredentor.es\/wp-content\/uploads\/2019\/10\/unnamed-file.pdf.png\" alt=\"Descarga\"\/><\/a><\/figure>\n\n\n\n<p>Revista Eslab\u00f3n Diciembre 2014Publicaci\u00f3n de la Congregaci\u00f3n \u00abSiervas del Esp\u00edritu Santo\u00bb en la Navidad<br>Espa\u00f1a \/ PortugalESLAB\u00d3N DICIEMBRE 2014.pdfDocumento Adobe Acrobat&nbsp;1.2 MB<a href=\"https:\/\/www.cristoredentor.info\/app\/download\/9880993898\/ESLAB%C3%93N+DICIEMBRE+2014.pdf?t=1419127210\">Descarga<\/a><\/p>\n\n\n\n<figure class=\"wp-block-image\"><a href=\"https:\/\/www.cristoredentor.info\/app\/download\/5739562616\/ESLAB%C3%93N+JUNIO+2014+-.pdf?t=1419127210\"><img decoding=\"async\" src=\"https:\/\/cristoredentor.es\/wp-content\/uploads\/2019\/10\/unnamed-file.pdf.png\" alt=\"Descarga\"\/><\/a><\/figure>\n\n\n\n<p>Revista Eslab\u00f3n Junio 2014Publicaci\u00f3n de la Congregaci\u00f3n \u00abSiervas del Esp\u00edritu Santo\u00bb con motivo de la celebraci\u00f3n de Pentecost\u00e9s<br>Espa\u00f1a \/ PortugalESLAB\u00d3N JUNIO 2014 -.pdfDocumento Adobe Acrobat&nbsp;2.1 MB<a href=\"https:\/\/www.cristoredentor.info\/app\/download\/5739562616\/ESLAB%C3%93N+JUNIO+2014+-.pdf?t=1419127210\">Descarga<\/a><\/p>\n","protected":false},"excerpt":{"rendered":"<p>SOMOS Religiosas \u201cMISIONERAS, SIERVAS DEL ESP\u00cdRITU SANTO\u201d, al servicio de la Misi\u00f3n.&nbsp;Mujeres amadas, llamadas y enviadas por Dios Uno y Trino desde todas las naciones, para ser una Comunidad que vive el Evangelio. Llamadas a ser una presencia de Jes\u00fas especialmente en situaciones de frontera. NUESTRO SERVICIO CONSISTE EN Desde&nbsp;NUESTRA CONGREGACI\u00d3N: &#8211;&nbsp;SERVIMOS a la proclamaci\u00f3n [&hellip;]<\/p>\n","protected":false},"author":4,"featured_media":0,"parent":0,"menu_order":0,"comment_status":"closed","ping_status":"closed","template":"","meta":{"site-sidebar-layout":"default","site-content-layout":"","ast-site-content-layout":"default","site-content-style":"default","site-sidebar-style":"default","ast-global-header-display":"","ast-banner-title-visibility":"","ast-main-header-display":"","ast-hfb-above-header-display":"","ast-hfb-below-header-display":"","ast-hfb-mobile-header-display":"","site-post-title":"","ast-breadcrumbs-content":"","ast-featured-img":"","footer-sml-layout":"","ast-disable-related-posts":"","theme-transparent-header-meta":"","adv-header-id-meta":"","stick-header-meta":"","header-above-stick-meta":"","header-main-stick-meta":"","header-below-stick-meta":"","astra-migrate-meta-layouts":"default","ast-page-background-enabled":"default","ast-page-background-meta":{"desktop":{"background-color":"var(--ast-global-color-4)","background-image":"","background-repeat":"repeat","background-position":"center center","background-size":"auto","background-attachment":"scroll","background-type":"","background-media":"","overlay-type":"","overlay-color":"","overlay-opacity":"","overlay-gradient":""},"tablet":{"background-color":"","background-image":"","background-repeat":"repeat","background-position":"center center","background-size":"auto","background-attachment":"scroll","background-type":"","background-media":"","overlay-type":"","overlay-color":"","overlay-opacity":"","overlay-gradient":""},"mobile":{"background-color":"","background-image":"","background-repeat":"repeat","background-position":"center center","background-size":"auto","background-attachment":"scroll","background-type":"","background-media":"","overlay-type":"","overlay-color":"","overlay-opacity":"","overlay-gradient":""}},"ast-content-background-meta":{"desktop":{"background-color":"var(--ast-global-color-5)","background-image":"","background-repeat":"repeat","background-position":"center center","background-size":"auto","background-attachment":"scroll","background-type":"","background-media":"","overlay-type":"","overlay-color":"","overlay-opacity":"","overlay-gradient":""},"tablet":{"background-color":"var(--ast-global-color-5)","background-image":"","background-repeat":"repeat","background-position":"center center","background-size":"auto","background-attachment":"scroll","background-type":"","background-media":"","overlay-type":"","overlay-color":"","overlay-opacity":"","overlay-gradient":""},"mobile":{"background-color":"var(--ast-global-color-5)","background-image":"","background-repeat":"repeat","background-position":"center center","background-size":"auto","background-attachment":"scroll","background-type":"","background-media":"","overlay-type":"","overlay-color":"","overlay-opacity":"","overlay-gradient":""}},"footnotes":""},"class_list":["post-1356","page","type-page","status-publish","hentry"],"_links":{"self":[{"href":"https:\/\/cristoredentor.es\/index.php?rest_route=\/wp\/v2\/pages\/1356","targetHints":{"allow":["GET"]}}],"collection":[{"href":"https:\/\/cristoredentor.es\/index.php?rest_route=\/wp\/v2\/pages"}],"about":[{"href":"https:\/\/cristoredentor.es\/index.php?rest_route=\/wp\/v2\/types\/page"}],"author":[{"embeddable":true,"href":"https:\/\/cristoredentor.es\/index.php?rest_route=\/wp\/v2\/users\/4"}],"replies":[{"embeddable":true,"href":"https:\/\/cristoredentor.es\/index.php?rest_route=%2Fwp%2Fv2%2Fcomments&post=1356"}],"version-history":[{"count":1,"href":"https:\/\/cristoredentor.es\/index.php?rest_route=\/wp\/v2\/pages\/1356\/revisions"}],"predecessor-version":[{"id":1358,"href":"https:\/\/cristoredentor.es\/index.php?rest_route=\/wp\/v2\/pages\/1356\/revisions\/1358"}],"wp:attachment":[{"href":"https:\/\/cristoredentor.es\/index.php?rest_route=%2Fwp%2Fv2%2Fmedia&parent=1356"}],"curies":[{"name":"wp","href":"https:\/\/api.w.org\/{rel}","templated":true}]}}