{"id":1359,"date":"2019-10-15T23:08:04","date_gmt":"2019-10-15T21:08:04","guid":{"rendered":"https:\/\/cristoredentor.es\/?page_id=1359"},"modified":"2019-10-15T23:08:04","modified_gmt":"2019-10-15T21:08:04","slug":"17-02-congregacion-misioneras-de-cristo-jesus","status":"publish","type":"page","link":"https:\/\/cristoredentor.es\/?page_id=1359","title":{"rendered":"17-02 CONGREGACI\u00d3N \u201cMISIONERAS DE CRISTO JES\u00daS\u201d"},"content":{"rendered":"\n<h1 class=\"wp-block-heading\" id=\"cc-m-header-5642339016\">SOMOS<\/h1>\n\n\n\n<p>un grupo de mujeres, procedentes de distintas culturas y nacionalidades, reunidas para vivir&nbsp;<strong>dedicadas de un modo total y exclusivo al anuncio del Evangelio en lugares donde todav\u00eda no se ha proclamado la Buena Noticia de Jes\u00fas<\/strong>&nbsp;o donde no se dan las condiciones para que se hagan realidad los valores que \u00c9l nos ense\u00f1\u00f3: fraternidad, paz, justicia, dando preferencia a los pueblos m\u00e1s empobrecidos y marginados y a los que tienen menos posibilidades de conocer el Evangelio.<\/p>\n\n\n\n<h1 class=\"wp-block-heading\">NUESTRO SERVICIO CONSISTE EN<\/h1>\n\n\n\n<p><strong>COMO CONGREGACI\u00d3N<\/strong>, estando en lugares tan diferentes, nuestras actividades son muy variadas.&nbsp;<strong>Trabajamos en:<\/strong><\/p>\n\n\n\n<p>&#8211;&nbsp;<strong>Educaci\u00f3n<\/strong>&nbsp;formal e informal,&nbsp;<strong>buscando la formaci\u00f3n integral<\/strong>, que<\/p>\n\n\n\n<p>&nbsp; &nbsp; abra oportunidades, para que todos puedan tener una vida m\u00e1s &nbsp;<\/p>\n\n\n\n<p>&nbsp; &nbsp; digna.&nbsp;<\/p>\n\n\n\n<p>&#8211;&nbsp;<strong>Sanidad<\/strong>: Hospitales, dispensarios, medicina preventiva.<\/p>\n\n\n\n<p>&#8211;&nbsp;<strong>Desarrollo sostenible<\/strong>&nbsp;por medio de microcr\u00e9ditos y cooperativas.<\/p>\n\n\n\n<p>&#8211;&nbsp;<strong>Acompa\u00f1amiento de mujeres, j\u00f3venes, ni\u00f1as de la calle,<\/strong><\/p>\n\n\n\n<p><strong>&nbsp; &nbsp; drogadictos, emigrantes, presas.<\/strong><\/p>\n\n\n\n<p>&#8211;&nbsp;<strong>Denuncia de las situaciones alienantes<\/strong>, que obstaculizan el<\/p>\n\n\n\n<p>&nbsp; &nbsp; desarrollo de la vida humana, para que la dignidad de la persona<\/p>\n\n\n\n<p>&nbsp; &nbsp; sea respetada.<\/p>\n\n\n\n<p>&#8211;&nbsp;<strong>Concienciaci\u00f3n sobre los derechos humanos y la justicia social.<\/strong><\/p>\n\n\n\n<p>&#8211;&nbsp;<strong>Formaci\u00f3n y acompa\u00f1amiento de comunidades cristianas.<\/strong><\/p>\n\n\n\n<p>&#8211;&nbsp;<strong>Di\u00e1logo inter-religioso practicado en la vida<\/strong>, creando lazos de<\/p>\n\n\n\n<p>&nbsp; &nbsp; respeto, amistad y comuni\u00f3n.<\/p>\n\n\n\n<p><strong>COMO RELIGIOSA TRABAJANDO EN LA COMUNIDAD PARROQUIAL:<\/strong><\/p>\n\n\n\n<p>&#8211;&nbsp;<strong>Participo en el grupo de \u201cliturgia y canto\u201d.<\/strong><\/p>\n\n\n\n<p>&#8211;&nbsp;<strong>Colaboro en la direcci\u00f3n de retiros a la Comunidad.<\/strong><\/p>\n\n\n\n<p>&#8211;&nbsp;<strong>Dispuesta a ayudar en la formaci\u00f3n de los padres de los ni\u00f1os<\/strong><\/p>\n\n\n\n<p><strong>&nbsp; &nbsp; de catequesis de Iniciaci\u00f3n<\/strong>&nbsp;(Primera Comuni\u00f3n).<\/p>\n\n\n\n<p>&#8211;&nbsp;<strong>Tambi\u00e9n dispuesta en dar catequesis a los adolescentes y<\/strong><\/p>\n\n\n\n<p><strong>&nbsp; &nbsp; j\u00f3venes.<\/strong><\/p>\n\n\n\n<p>&#8211;&nbsp;<strong>Formo parte del equipo del grupo \u201cEspiritualidad y Vida\u201d.<\/strong><\/p>\n\n\n\n<p>&#8211;&nbsp;<strong>Colaboro con los grupos de: \u201cSensibilizaci\u00f3n solidaria,<\/strong><\/p>\n\n\n\n<p><strong>&nbsp; &nbsp; vocacional y misionera\u201d, \u201cManos Unidas\u201d, \u201cAcompa\u00f1amiento<\/strong><\/p>\n\n\n\n<p><strong>&nbsp; &nbsp; con inmigrantes\u201d.<\/strong><\/p>\n\n\n\n<p>&#8211;&nbsp;<strong>Abierta a otras necesidades de la Comunidad Parroquial.<\/strong><\/p>\n\n\n\n<h1 class=\"wp-block-heading\">NUESTROS OBJETIVOS SON<\/h1>\n\n\n\n<p><strong>Con Cristo Jes\u00fas como centro de nuestra vida<\/strong>:<\/p>\n\n\n\n<p>&#8211;&nbsp;&nbsp;<strong>Hacemos presente el mensaje salvador de Jes\u00fas<\/strong>, en algunos de<\/p>\n\n\n\n<p>&nbsp; &nbsp; aquellos pueblos, que a\u00fan no lo han o\u00eddo, entre los m\u00e1s<\/p>\n\n\n\n<p>&nbsp; &nbsp; empobrecidos, excluidos y marginados.<\/p>\n\n\n\n<p>&#8211;&nbsp;<strong>Tratamos de responder a las necesidades del entorno y<\/strong><\/p>\n\n\n\n<p><strong>&nbsp; &nbsp; colaborar en la construcci\u00f3n de una sociedad m\u00e1s humana<\/strong>&nbsp;y<\/p>\n\n\n\n<p>&nbsp; &nbsp; cercana a los valores del Reino de Dios.<\/p>\n\n\n\n<p>&#8211;&nbsp;<strong>Estamos<\/strong>&nbsp;en Espa\u00f1a, India, Jap\u00f3n, Filipinas, Venezuela, Bolivia,<\/p>\n\n\n\n<p>&nbsp; &nbsp; Chile, Rep\u00fablica Dominicana, Congo, Camer\u00fan, Chad y China.<\/p>\n\n\n\n<h1 class=\"wp-block-heading\">NOS REUNIMOS<\/h1>\n\n\n\n<p>en los locales parroquiales a convenir.<\/p>\n","protected":false},"excerpt":{"rendered":"<p>SOMOS un grupo de mujeres, procedentes de distintas culturas y nacionalidades, reunidas para vivir&nbsp;dedicadas de un modo total y exclusivo al anuncio del Evangelio en lugares donde todav\u00eda no se ha proclamado la Buena Noticia de Jes\u00fas&nbsp;o donde no se dan las condiciones para que se hagan realidad los valores que \u00c9l nos ense\u00f1\u00f3: fraternidad, [&hellip;]<\/p>\n","protected":false},"author":4,"featured_media":0,"parent":0,"menu_order":0,"comment_status":"closed","ping_status":"closed","template":"","meta":{"site-sidebar-layout":"default","site-content-layout":"","ast-site-content-layout":"default","site-content-style":"default","site-sidebar-style":"default","ast-global-header-display":"","ast-banner-title-visibility":"","ast-main-header-display":"","ast-hfb-above-header-display":"","ast-hfb-below-header-display":"","ast-hfb-mobile-header-display":"","site-post-title":"","ast-breadcrumbs-content":"","ast-featured-img":"","footer-sml-layout":"","ast-disable-related-posts":"","theme-transparent-header-meta":"","adv-header-id-meta":"","stick-header-meta":"","header-above-stick-meta":"","header-main-stick-meta":"","header-below-stick-meta":"","astra-migrate-meta-layouts":"default","ast-page-background-enabled":"default","ast-page-background-meta":{"desktop":{"background-color":"var(--ast-global-color-4)","background-image":"","background-repeat":"repeat","background-position":"center center","background-size":"auto","background-attachment":"scroll","background-type":"","background-media":"","overlay-type":"","overlay-color":"","overlay-opacity":"","overlay-gradient":""},"tablet":{"background-color":"","background-image":"","background-repeat":"repeat","background-position":"center center","background-size":"auto","background-attachment":"scroll","background-type":"","background-media":"","overlay-type":"","overlay-color":"","overlay-opacity":"","overlay-gradient":""},"mobile":{"background-color":"","background-image":"","background-repeat":"repeat","background-position":"center center","background-size":"auto","background-attachment":"scroll","background-type":"","background-media":"","overlay-type":"","overlay-color":"","overlay-opacity":"","overlay-gradient":""}},"ast-content-background-meta":{"desktop":{"background-color":"var(--ast-global-color-5)","background-image":"","background-repeat":"repeat","background-position":"center center","background-size":"auto","background-attachment":"scroll","background-type":"","background-media":"","overlay-type":"","overlay-color":"","overlay-opacity":"","overlay-gradient":""},"tablet":{"background-color":"var(--ast-global-color-5)","background-image":"","background-repeat":"repeat","background-position":"center center","background-size":"auto","background-attachment":"scroll","background-type":"","background-media":"","overlay-type":"","overlay-color":"","overlay-opacity":"","overlay-gradient":""},"mobile":{"background-color":"var(--ast-global-color-5)","background-image":"","background-repeat":"repeat","background-position":"center center","background-size":"auto","background-attachment":"scroll","background-type":"","background-media":"","overlay-type":"","overlay-color":"","overlay-opacity":"","overlay-gradient":""}},"footnotes":""},"class_list":["post-1359","page","type-page","status-publish","hentry"],"_links":{"self":[{"href":"https:\/\/cristoredentor.es\/index.php?rest_route=\/wp\/v2\/pages\/1359","targetHints":{"allow":["GET"]}}],"collection":[{"href":"https:\/\/cristoredentor.es\/index.php?rest_route=\/wp\/v2\/pages"}],"about":[{"href":"https:\/\/cristoredentor.es\/index.php?rest_route=\/wp\/v2\/types\/page"}],"author":[{"embeddable":true,"href":"https:\/\/cristoredentor.es\/index.php?rest_route=\/wp\/v2\/users\/4"}],"replies":[{"embeddable":true,"href":"https:\/\/cristoredentor.es\/index.php?rest_route=%2Fwp%2Fv2%2Fcomments&post=1359"}],"version-history":[{"count":1,"href":"https:\/\/cristoredentor.es\/index.php?rest_route=\/wp\/v2\/pages\/1359\/revisions"}],"predecessor-version":[{"id":1360,"href":"https:\/\/cristoredentor.es\/index.php?rest_route=\/wp\/v2\/pages\/1359\/revisions\/1360"}],"wp:attachment":[{"href":"https:\/\/cristoredentor.es\/index.php?rest_route=%2Fwp%2Fv2%2Fmedia&parent=1359"}],"curies":[{"name":"wp","href":"https:\/\/api.w.org\/{rel}","templated":true}]}}