{"id":1368,"date":"2019-10-15T23:14:24","date_gmt":"2019-10-15T21:14:24","guid":{"rendered":"https:\/\/cristoredentor.es\/?page_id=1368"},"modified":"2019-10-15T23:14:24","modified_gmt":"2019-10-15T21:14:24","slug":"18-02-grupo-parroquial-educativo-con-familias","status":"publish","type":"page","link":"https:\/\/cristoredentor.es\/?page_id=1368","title":{"rendered":"18-02 GRUPO PARROQUIAL EDUCATIVO CON \u00abFAMILIAS\u00bb"},"content":{"rendered":"\n<h1 class=\"wp-block-heading\">SOMOS<\/h1>\n\n\n\n<p>Nuestra parroquia quiere, dentro de la dimensi\u00f3n Pastoral Familiar Parroquial, ir formando un grupo parroquial educativo con \u00abFAMILIAS\u00bb (los dos, \u00e9l, ella) abierto a toda persona que quiera participar.<\/p>\n\n\n\n<h1 class=\"wp-block-heading\"><strong>NUESTRO SERVICIO CONSISTE EN<\/strong><\/h1>\n\n\n\n<p><strong>&#8211; Se ha formado un grupo parroquial educativo con familias abierto a todo el que quiera durante todo el a\u00f1o. \u00abFAMILIAS\u00bb(los dos, \u00e9l, ella).<\/strong><br><\/p>\n\n\n\n<p>&#8211; Entre todos iremos haciendo el camino;&nbsp;respetando tiempos y momentos.&nbsp;Es un proyecto muy ilusionante. Las familias son fundamental y su presencia en la Comunidad m\u00e1s.<strong><br><\/strong><\/p>\n\n\n\n<h1 class=\"wp-block-heading\"><strong>NUESTROS OBJETIVOS SON<\/strong><\/h1>\n\n\n\n<p>&#8211;&nbsp;Oraci\u00f3n, encuentro con la Palabra de Dios, conversi\u00f3n, interioridad, disponibilidad, Fe, Esperanza, Caridad, justicia, Reino de Dios, lectura creyente de la realidad (ver, juzgar y actuar).<br><\/p>\n\n\n\n<p>&#8211;&nbsp;Celebraci\u00f3n de la Fe, educaci\u00f3n,&nbsp;formaci\u00f3n&nbsp;e informaci\u00f3n en temas de actualidad, caminar en familia, escuela de padres, trabajo de diferentes documentos eclesiales y otros documentos, acogida.<\/p>\n\n\n\n<p>&#8211;&nbsp;Testimonio&nbsp;de compromiso en la Iglesia y en la vida p\u00fablica, apoyo, cercan\u00eda, implicaci\u00f3n, etc.; son algunos aspectos y subrayados a tener en cuenta.<\/p>\n\n\n\n<p>&#8211;&nbsp;Nuestra vida es iluminada por la presencia de Jesucristo con su Palabra y somos llamados a vivir felices con el estilo de vida de Cristo el Se\u00f1or.<\/p>\n\n\n\n<h1 class=\"wp-block-heading\"><strong>NOS REUNIMOS<\/strong><\/h1>\n\n\n\n<p><strong>El grupo parroquial educativo con familias \u00abFAMILIAS\u00bb abierto a todo el que quiera. Normalmente nos reunimos m\u00e1s o menos una vez al mes los domingos a las 18h en los locales parroquiales.<\/strong><br><\/p>\n\n\n\n<h3 class=\"wp-block-heading\" id=\"cc-m-header-9969885798\">PR\u00d3XIMA CONVOCATORIA<\/h3>\n\n\n\n<p><strong>AVISO<\/strong><\/p>\n\n\n\n<p><strong>INFORMACI\u00d3N A LAS FAMILIAS<\/strong><\/p>\n\n\n\n<p><strong>Tercer encuentro del Grupo Parroquial Educativo con \u00abFAMILIAS\u00bb<\/strong><\/p>\n\n\n\n<p><strong>Pastoral Familiar Parroquial<\/strong><\/p>\n\n\n\n<p>La Comunidad Parroquial quiere que la familia se incorpore de una manera fundamental en todos los \u00e1mbitos y procesos educativos que se dan en la Parroquia.<\/p>\n\n\n\n<p>Nuestra parroquia quiere ,dentro de la dimensi\u00f3n Pastoral Familiar Parroquial, ir formando un grupo parroquial educativo con \u00abFAMILIAS\u00bb(los dos, el, ella) abierto a toda persona que quiera participar.<\/p>\n\n\n\n<p>Oraci\u00f3n, encuentro con la Palabra de Dios, conversi\u00f3n, interioridad, disponibilidad, Fe, Esperanza, Caridad, justicia, Reino de Dios, lectura creyente de la realidad (ver, juzgar y actuar),&nbsp;celebraci\u00f3n de la fe, educaci\u00f3n,&nbsp;formaci\u00f3n&nbsp;e informaci\u00f3n en temas de actualidad, caminar en familia, escuela de padres, trabajo de diferentes documentos eclesiales y otros documentos, acogida,&nbsp;testimonio, compromiso en la Iglesia y en la vida p\u00fablica, apoyo, cercan\u00eda, implicaci\u00f3n, etc. ; son algunos aspectos y subrayados a tener en cuenta.<\/p>\n\n\n\n<p>Nuestra vida es iluminada por la presencia de Jesucristo con su Palabra y somos llamados a vivir felices con el estilo de vida de Cristo el Se\u00f1or.<\/p>\n\n\n\n<p><strong>Si quieres y puedes:<\/strong><\/p>\n\n\n\n<p><strong>Os convocamos con mucha ilusi\u00f3n el&nbsp;domingo 10 de Mayo a las 6 de la tarde en los locales parroquiales.<\/strong><\/p>\n\n\n\n<p>(En principio los encuentros ser\u00edan normalmente cada mes m\u00e1s o menos)<\/p>\n\n\n\n<p>Un cari\u00f1oso saludo para todos.<\/p>\n\n\n\n<p>Fdo. Jos\u00e9 Manuel (p\u00e1rroco) y equipo animador<\/p>\n","protected":false},"excerpt":{"rendered":"<p>SOMOS Nuestra parroquia quiere, dentro de la dimensi\u00f3n Pastoral Familiar Parroquial, ir formando un grupo parroquial educativo con \u00abFAMILIAS\u00bb (los dos, \u00e9l, ella) abierto a toda persona que quiera participar. NUESTRO SERVICIO CONSISTE EN &#8211; Se ha formado un grupo parroquial educativo con familias abierto a todo el que quiera durante todo el a\u00f1o. \u00abFAMILIAS\u00bb(los [&hellip;]<\/p>\n","protected":false},"author":4,"featured_media":0,"parent":0,"menu_order":0,"comment_status":"closed","ping_status":"closed","template":"","meta":{"site-sidebar-layout":"default","site-content-layout":"","ast-site-content-layout":"default","site-content-style":"default","site-sidebar-style":"default","ast-global-header-display":"","ast-banner-title-visibility":"","ast-main-header-display":"","ast-hfb-above-header-display":"","ast-hfb-below-header-display":"","ast-hfb-mobile-header-display":"","site-post-title":"","ast-breadcrumbs-content":"","ast-featured-img":"","footer-sml-layout":"","ast-disable-related-posts":"","theme-transparent-header-meta":"","adv-header-id-meta":"","stick-header-meta":"","header-above-stick-meta":"","header-main-stick-meta":"","header-below-stick-meta":"","astra-migrate-meta-layouts":"default","ast-page-background-enabled":"default","ast-page-background-meta":{"desktop":{"background-color":"var(--ast-global-color-4)","background-image":"","background-repeat":"repeat","background-position":"center center","background-size":"auto","background-attachment":"scroll","background-type":"","background-media":"","overlay-type":"","overlay-color":"","overlay-opacity":"","overlay-gradient":""},"tablet":{"background-color":"","background-image":"","background-repeat":"repeat","background-position":"center center","background-size":"auto","background-attachment":"scroll","background-type":"","background-media":"","overlay-type":"","overlay-color":"","overlay-opacity":"","overlay-gradient":""},"mobile":{"background-color":"","background-image":"","background-repeat":"repeat","background-position":"center center","background-size":"auto","background-attachment":"scroll","background-type":"","background-media":"","overlay-type":"","overlay-color":"","overlay-opacity":"","overlay-gradient":""}},"ast-content-background-meta":{"desktop":{"background-color":"var(--ast-global-color-5)","background-image":"","background-repeat":"repeat","background-position":"center center","background-size":"auto","background-attachment":"scroll","background-type":"","background-media":"","overlay-type":"","overlay-color":"","overlay-opacity":"","overlay-gradient":""},"tablet":{"background-color":"var(--ast-global-color-5)","background-image":"","background-repeat":"repeat","background-position":"center center","background-size":"auto","background-attachment":"scroll","background-type":"","background-media":"","overlay-type":"","overlay-color":"","overlay-opacity":"","overlay-gradient":""},"mobile":{"background-color":"var(--ast-global-color-5)","background-image":"","background-repeat":"repeat","background-position":"center center","background-size":"auto","background-attachment":"scroll","background-type":"","background-media":"","overlay-type":"","overlay-color":"","overlay-opacity":"","overlay-gradient":""}},"footnotes":""},"class_list":["post-1368","page","type-page","status-publish","hentry"],"_links":{"self":[{"href":"https:\/\/cristoredentor.es\/index.php?rest_route=\/wp\/v2\/pages\/1368","targetHints":{"allow":["GET"]}}],"collection":[{"href":"https:\/\/cristoredentor.es\/index.php?rest_route=\/wp\/v2\/pages"}],"about":[{"href":"https:\/\/cristoredentor.es\/index.php?rest_route=\/wp\/v2\/types\/page"}],"author":[{"embeddable":true,"href":"https:\/\/cristoredentor.es\/index.php?rest_route=\/wp\/v2\/users\/4"}],"replies":[{"embeddable":true,"href":"https:\/\/cristoredentor.es\/index.php?rest_route=%2Fwp%2Fv2%2Fcomments&post=1368"}],"version-history":[{"count":1,"href":"https:\/\/cristoredentor.es\/index.php?rest_route=\/wp\/v2\/pages\/1368\/revisions"}],"predecessor-version":[{"id":1369,"href":"https:\/\/cristoredentor.es\/index.php?rest_route=\/wp\/v2\/pages\/1368\/revisions\/1369"}],"wp:attachment":[{"href":"https:\/\/cristoredentor.es\/index.php?rest_route=%2Fwp%2Fv2%2Fmedia&parent=1368"}],"curies":[{"name":"wp","href":"https:\/\/api.w.org\/{rel}","templated":true}]}}