{"id":1370,"date":"2019-10-15T23:15:19","date_gmt":"2019-10-15T21:15:19","guid":{"rendered":"https:\/\/cristoredentor.es\/?page_id=1370"},"modified":"2019-10-15T23:15:19","modified_gmt":"2019-10-15T21:15:19","slug":"19-movimiento-comunion-y-liberacion","status":"publish","type":"page","link":"https:\/\/cristoredentor.es\/?page_id=1370","title":{"rendered":"19 MOVIMIENTO \u00abCOMUNI\u00d3N Y LIBERACI\u00d3N\u00bb"},"content":{"rendered":"\n<h1 class=\"wp-block-heading\">SOMOS<\/h1>\n\n\n\n<p><strong>Un grupo de adultos que nos ayudamos a vivir y a profundizar en la Fe<\/strong>, tanto a nivel individual como grupal, compartiendo nuestros pensamientos, sentimientos y experiencias de vida.<\/p>\n\n\n\n<h1 class=\"wp-block-heading\">NUESTRO SERVICIO CONSISTE EN<\/h1>\n\n\n\n<p><strong>Apoy\u00e1ndonos en escritos del sacerdote fundador D. Luigi Giussani<\/strong>, leer un peque\u00f1o texto durante la semana que nos sirve de punto de partida para valorar nuestra vida,&nbsp;<strong>a la luz de las ense\u00f1anzas de Jes\u00fas y de la vida de la Iglesia<\/strong>, intentando vivir con m\u00e1s autenticidad nuestra fe apoyados en una compa\u00f1\u00eda.<\/p>\n\n\n\n<h1 class=\"wp-block-heading\">NUESTROS OBJETIVOS SON<\/h1>\n\n\n\n<p><strong>Conseguir que cada uno se acerque m\u00e1s a la figura de Cristo<\/strong>&nbsp;<strong>y tenga mayor relaci\u00f3n con \u00c9l, cuidando tambi\u00e9n a los dem\u00e1s.<\/strong>&nbsp;As\u00ed se propone favorecer y promover el compromiso de la persona adulta con la experiencia cristiana.<\/p>\n\n\n\n<h1 class=\"wp-block-heading\">NOS REUNIMOS<\/h1>\n\n\n\n<p>En los locales de la Parroquia Cristo Redentor los&nbsp;<strong>viernes a las 20:30 horas.<\/strong><\/p>\n","protected":false},"excerpt":{"rendered":"<p>SOMOS Un grupo de adultos que nos ayudamos a vivir y a profundizar en la Fe, tanto a nivel individual como grupal, compartiendo nuestros pensamientos, sentimientos y experiencias de vida. NUESTRO SERVICIO CONSISTE EN Apoy\u00e1ndonos en escritos del sacerdote fundador D. Luigi Giussani, leer un peque\u00f1o texto durante la semana que nos sirve de punto [&hellip;]<\/p>\n","protected":false},"author":4,"featured_media":0,"parent":0,"menu_order":0,"comment_status":"closed","ping_status":"closed","template":"","meta":{"site-sidebar-layout":"default","site-content-layout":"","ast-site-content-layout":"default","site-content-style":"default","site-sidebar-style":"default","ast-global-header-display":"","ast-banner-title-visibility":"","ast-main-header-display":"","ast-hfb-above-header-display":"","ast-hfb-below-header-display":"","ast-hfb-mobile-header-display":"","site-post-title":"","ast-breadcrumbs-content":"","ast-featured-img":"","footer-sml-layout":"","ast-disable-related-posts":"","theme-transparent-header-meta":"","adv-header-id-meta":"","stick-header-meta":"","header-above-stick-meta":"","header-main-stick-meta":"","header-below-stick-meta":"","astra-migrate-meta-layouts":"default","ast-page-background-enabled":"default","ast-page-background-meta":{"desktop":{"background-color":"var(--ast-global-color-4)","background-image":"","background-repeat":"repeat","background-position":"center center","background-size":"auto","background-attachment":"scroll","background-type":"","background-media":"","overlay-type":"","overlay-color":"","overlay-opacity":"","overlay-gradient":""},"tablet":{"background-color":"","background-image":"","background-repeat":"repeat","background-position":"center center","background-size":"auto","background-attachment":"scroll","background-type":"","background-media":"","overlay-type":"","overlay-color":"","overlay-opacity":"","overlay-gradient":""},"mobile":{"background-color":"","background-image":"","background-repeat":"repeat","background-position":"center center","background-size":"auto","background-attachment":"scroll","background-type":"","background-media":"","overlay-type":"","overlay-color":"","overlay-opacity":"","overlay-gradient":""}},"ast-content-background-meta":{"desktop":{"background-color":"var(--ast-global-color-5)","background-image":"","background-repeat":"repeat","background-position":"center center","background-size":"auto","background-attachment":"scroll","background-type":"","background-media":"","overlay-type":"","overlay-color":"","overlay-opacity":"","overlay-gradient":""},"tablet":{"background-color":"var(--ast-global-color-5)","background-image":"","background-repeat":"repeat","background-position":"center center","background-size":"auto","background-attachment":"scroll","background-type":"","background-media":"","overlay-type":"","overlay-color":"","overlay-opacity":"","overlay-gradient":""},"mobile":{"background-color":"var(--ast-global-color-5)","background-image":"","background-repeat":"repeat","background-position":"center center","background-size":"auto","background-attachment":"scroll","background-type":"","background-media":"","overlay-type":"","overlay-color":"","overlay-opacity":"","overlay-gradient":""}},"footnotes":""},"class_list":["post-1370","page","type-page","status-publish","hentry"],"_links":{"self":[{"href":"https:\/\/cristoredentor.es\/index.php?rest_route=\/wp\/v2\/pages\/1370","targetHints":{"allow":["GET"]}}],"collection":[{"href":"https:\/\/cristoredentor.es\/index.php?rest_route=\/wp\/v2\/pages"}],"about":[{"href":"https:\/\/cristoredentor.es\/index.php?rest_route=\/wp\/v2\/types\/page"}],"author":[{"embeddable":true,"href":"https:\/\/cristoredentor.es\/index.php?rest_route=\/wp\/v2\/users\/4"}],"replies":[{"embeddable":true,"href":"https:\/\/cristoredentor.es\/index.php?rest_route=%2Fwp%2Fv2%2Fcomments&post=1370"}],"version-history":[{"count":1,"href":"https:\/\/cristoredentor.es\/index.php?rest_route=\/wp\/v2\/pages\/1370\/revisions"}],"predecessor-version":[{"id":1371,"href":"https:\/\/cristoredentor.es\/index.php?rest_route=\/wp\/v2\/pages\/1370\/revisions\/1371"}],"wp:attachment":[{"href":"https:\/\/cristoredentor.es\/index.php?rest_route=%2Fwp%2Fv2%2Fmedia&parent=1370"}],"curies":[{"name":"wp","href":"https:\/\/api.w.org\/{rel}","templated":true}]}}