{"id":1374,"date":"2019-10-15T23:17:16","date_gmt":"2019-10-15T21:17:16","guid":{"rendered":"https:\/\/cristoredentor.es\/?page_id=1374"},"modified":"2019-10-15T23:17:16","modified_gmt":"2019-10-15T21:17:16","slug":"20-01-coro-eucaristia-de-12h-familiar-y-ninos","status":"publish","type":"page","link":"https:\/\/cristoredentor.es\/?page_id=1374","title":{"rendered":"20-01 CORO EUCARIST\u00cdA DE 12H FAMILIAR Y NI\u00d1OS"},"content":{"rendered":"\n<h1 class=\"wp-block-heading\">SOMOS<\/h1>\n\n\n\n<p><strong>El<\/strong>&nbsp;<strong>Coro de la Misa de 12h de los domingos y festivos<\/strong>. Esta Eucarist\u00eda est\u00e1 orientada a ni\u00f1os, preadolescentes y familias. La preparan habitualmente los ni\u00f1os y preadolescentes.<\/p>\n\n\n\n<h1 class=\"wp-block-heading\">NUESTRO SERVICIO CONSISTE EN<\/h1>\n\n\n\n<p><strong>Cantar, dirigir, anima<\/strong>r, etc.\u2026&nbsp;<strong>los cantos de la celebraci\u00f3n.<\/strong>&nbsp;<\/p>\n\n\n\n<h1 class=\"wp-block-heading\">NUESTROS OBJETIVOS SON<\/h1>\n\n\n\n<p>&#8211;&nbsp;<strong>Que canten todas las personas<\/strong>&nbsp;que participan en la Eucarist\u00eda.<\/p>\n\n\n\n<p>&#8211;&nbsp;<strong>Contagiar la alegr\u00eda desde el canto.<\/strong><\/p>\n\n\n\n<p>&#8211;&nbsp;<strong>Partir de las lecturas y de la fiesta del d\u00eda y buscar los cantos<\/strong><\/p>\n\n\n\n<p><strong>&nbsp; &nbsp; m\u00e1s apropiados para que el canto se integre en la celebraci\u00f3n<\/strong><\/p>\n\n\n\n<p><strong>&nbsp; &nbsp; y sea parte de la misma.<\/strong><\/p>\n\n\n\n<p>&#8211;&nbsp;<strong>Disfrutar con la m\u00fasica. Que desde la m\u00fasica se llegue a Dios.<\/strong><\/p>\n\n\n\n<p>&#8211;&nbsp;<strong><em>\u201cCantar es orar dos veces\u201d<\/em><\/strong><em>,<\/em>&nbsp;como dec\u00eda San Agust\u00edn.<\/p>\n\n\n\n<h1 class=\"wp-block-heading\">NOS REUNIMOS<\/h1>\n\n\n\n<p>En los locales parroquiales&nbsp;<strong>los domingos despu\u00e9s de la Misa de 12h,<\/strong>&nbsp;para ensayar los cantos del siguiente domingo y aprender poco a poco nuevas canciones.<\/p>\n","protected":false},"excerpt":{"rendered":"<p>SOMOS El&nbsp;Coro de la Misa de 12h de los domingos y festivos. Esta Eucarist\u00eda est\u00e1 orientada a ni\u00f1os, preadolescentes y familias. La preparan habitualmente los ni\u00f1os y preadolescentes. NUESTRO SERVICIO CONSISTE EN Cantar, dirigir, animar, etc.\u2026&nbsp;los cantos de la celebraci\u00f3n.&nbsp; NUESTROS OBJETIVOS SON &#8211;&nbsp;Que canten todas las personas&nbsp;que participan en la Eucarist\u00eda. &#8211;&nbsp;Contagiar la alegr\u00eda [&hellip;]<\/p>\n","protected":false},"author":4,"featured_media":0,"parent":0,"menu_order":0,"comment_status":"closed","ping_status":"closed","template":"","meta":{"site-sidebar-layout":"default","site-content-layout":"","ast-site-content-layout":"default","site-content-style":"default","site-sidebar-style":"default","ast-global-header-display":"","ast-banner-title-visibility":"","ast-main-header-display":"","ast-hfb-above-header-display":"","ast-hfb-below-header-display":"","ast-hfb-mobile-header-display":"","site-post-title":"","ast-breadcrumbs-content":"","ast-featured-img":"","footer-sml-layout":"","ast-disable-related-posts":"","theme-transparent-header-meta":"","adv-header-id-meta":"","stick-header-meta":"","header-above-stick-meta":"","header-main-stick-meta":"","header-below-stick-meta":"","astra-migrate-meta-layouts":"default","ast-page-background-enabled":"default","ast-page-background-meta":{"desktop":{"background-color":"var(--ast-global-color-4)","background-image":"","background-repeat":"repeat","background-position":"center center","background-size":"auto","background-attachment":"scroll","background-type":"","background-media":"","overlay-type":"","overlay-color":"","overlay-opacity":"","overlay-gradient":""},"tablet":{"background-color":"","background-image":"","background-repeat":"repeat","background-position":"center center","background-size":"auto","background-attachment":"scroll","background-type":"","background-media":"","overlay-type":"","overlay-color":"","overlay-opacity":"","overlay-gradient":""},"mobile":{"background-color":"","background-image":"","background-repeat":"repeat","background-position":"center center","background-size":"auto","background-attachment":"scroll","background-type":"","background-media":"","overlay-type":"","overlay-color":"","overlay-opacity":"","overlay-gradient":""}},"ast-content-background-meta":{"desktop":{"background-color":"var(--ast-global-color-5)","background-image":"","background-repeat":"repeat","background-position":"center center","background-size":"auto","background-attachment":"scroll","background-type":"","background-media":"","overlay-type":"","overlay-color":"","overlay-opacity":"","overlay-gradient":""},"tablet":{"background-color":"var(--ast-global-color-5)","background-image":"","background-repeat":"repeat","background-position":"center center","background-size":"auto","background-attachment":"scroll","background-type":"","background-media":"","overlay-type":"","overlay-color":"","overlay-opacity":"","overlay-gradient":""},"mobile":{"background-color":"var(--ast-global-color-5)","background-image":"","background-repeat":"repeat","background-position":"center center","background-size":"auto","background-attachment":"scroll","background-type":"","background-media":"","overlay-type":"","overlay-color":"","overlay-opacity":"","overlay-gradient":""}},"footnotes":""},"class_list":["post-1374","page","type-page","status-publish","hentry"],"_links":{"self":[{"href":"https:\/\/cristoredentor.es\/index.php?rest_route=\/wp\/v2\/pages\/1374","targetHints":{"allow":["GET"]}}],"collection":[{"href":"https:\/\/cristoredentor.es\/index.php?rest_route=\/wp\/v2\/pages"}],"about":[{"href":"https:\/\/cristoredentor.es\/index.php?rest_route=\/wp\/v2\/types\/page"}],"author":[{"embeddable":true,"href":"https:\/\/cristoredentor.es\/index.php?rest_route=\/wp\/v2\/users\/4"}],"replies":[{"embeddable":true,"href":"https:\/\/cristoredentor.es\/index.php?rest_route=%2Fwp%2Fv2%2Fcomments&post=1374"}],"version-history":[{"count":1,"href":"https:\/\/cristoredentor.es\/index.php?rest_route=\/wp\/v2\/pages\/1374\/revisions"}],"predecessor-version":[{"id":1375,"href":"https:\/\/cristoredentor.es\/index.php?rest_route=\/wp\/v2\/pages\/1374\/revisions\/1375"}],"wp:attachment":[{"href":"https:\/\/cristoredentor.es\/index.php?rest_route=%2Fwp%2Fv2%2Fmedia&parent=1374"}],"curies":[{"name":"wp","href":"https:\/\/api.w.org\/{rel}","templated":true}]}}