{"id":14,"date":"2019-04-14T19:34:49","date_gmt":"2019-04-14T17:34:49","guid":{"rendered":"http:\/\/cristoredentor.ml\/?page_id=14"},"modified":"2026-01-25T21:17:37","modified_gmt":"2026-01-25T20:17:37","slug":"horarios","status":"publish","type":"page","link":"https:\/\/cristoredentor.es\/?page_id=14","title":{"rendered":"Horarios"},"content":{"rendered":"\n<h2 class=\"wp-block-heading has-text-align-center\"><span style=\"color:#cf2e2e\" class=\"tadv-color\">Eucarist\u00edas<\/span><\/h2>\n\n\n\n<figure class=\"wp-block-table alignwide is-style-stripes\"><table><tbody><tr><td><strong><em>Lunes a Viernes<\/em><\/strong>  <\/td><\/tr><tr><td><strong>19:00<\/strong> (todo el a\u00f1o menos Agosto)<br><strong>12:00<\/strong> (solo en  Agosto) <\/td><\/tr><\/tbody><\/table><\/figure>\n\n\n\n<figure class=\"wp-block-table alignwide is-style-stripes\"><table><tbody><tr><td> <strong><em>S\u00e1bado<\/em>s<\/strong>  <\/td><\/tr><tr><td><strong>19:00<\/strong> (todo el a\u00f1o)<br><strong>12:00<\/strong> (solo en  Agosto) <\/td><\/tr><\/tbody><\/table><\/figure>\n\n\n\n<figure class=\"wp-block-table alignwide is-style-stripes\"><table><tbody><tr><td> <em><strong>Domingos y Festivos<\/strong><\/em> <\/td><\/tr><tr><td><strong>11:00<\/strong> Celebraci\u00f3n de la Palabra en la Residencia 3\u00aa Edad de la Junta de Castilla y Le\u00f3n en Parquesol (c\/ Amadeo Arias)<br><strong>11:00<\/strong> Eucarist\u00eda parroquial<br><strong>12:00<\/strong> Eucarist\u00eda &nbsp;parroquial orientada a ni\u00f1os, pre-adolescentes y familias<br><strong>13:00<\/strong> Eucarist\u00eda &nbsp;parroquial orientada J\u00f3venes y familias <strong>(no en Julio y Agosto)<\/strong>&nbsp; <br><strong>19:00<\/strong> Eucarist\u00eda parroquial <strong>(no en Agosto)<\/strong>&nbsp;                     <\/td><\/tr><\/tbody><\/table><\/figure>\n\n\n\n<h2 class=\"wp-block-heading has-text-align-center\"><span style=\"color:#cf2e2e\" class=\"tadv-color\">Despacho Parroquial<\/span><\/h2>\n\n\n\n<figure class=\"wp-block-table alignwide is-style-stripes\"><table class=\"has-white-background-color has-background\"><tbody><tr><td><\/td><td><\/td><\/tr><tr><td><strong>Todo el a\u00f1o menos Julio y Agosto<\/strong><\/td><td><strong><em>Lunes, Martes y Viernes<\/em><\/strong>  <br><strong>17:45 a 18:45 <\/strong>En locales Parroquiales<\/td><\/tr><tr><td><strong>Julio<\/strong><\/td><td><strong>Lunes <\/strong>17:45h a 18:45h en los Locales Parroquiales\u00a0<br>\u00a0<strong>S\u00e1bados<\/strong> despu\u00e9s de la Misa de 7h en la sacrist\u00eda<\/td><\/tr><tr><td><strong>Agosto<\/strong><\/td><td>Despu\u00e9s de la Misa de 7h en la sacrist\u00eda<\/td><\/tr><\/tbody><\/table><\/figure>\n\n\n\n<h2 class=\"wp-block-heading has-text-align-center\"><span style=\"color:#cf2e2e\" class=\"tadv-color\">Otros Actos Lit\u00fargicos<\/span><\/h2>\n\n\n\n<table class=\"wp-block-table aligncenter is-style-stripes\" style=\"width: 100.292%; height: 606px;\">\n<tbody>\n<tr style=\"height: 20px;\">\n<td style=\"width: 36.4214%; height: 20px;\">\u00a0<strong>Santo Rosario<\/strong><\/td>\n<td style=\"width: 63.4697%; height: 20px;\">\u00a0 Diario, media hora antes de la Eucarist\u00eda de 7 de la tarde.<\/td>\n<\/tr>\n<tr style=\"height: 36px;\">\n<td style=\"width: 36.4214%; height: 36px;\"><strong>\u00a0Exposici\u00f3n del Sant\u00edsimo<\/strong><\/td>\n<td style=\"width: 63.4697%; height: 36px;\">\n<p>\u00a0 Los primeros lunes de mes por la tarde (salvo circunstancias especiales y vacaciones) a continuaci\u00f3n de la \u00a0Eucarist\u00eda de las 7 de la tarde.<\/p>\n<p>\u00a0Todos los mi\u00e9rcoles por la tarde (salvo circunstancias especiales y vacaciones) a continuaci\u00f3n de la Eucarist\u00eda de las 7 de la tarde.<\/p>\n<\/td>\n<\/tr>\n<tr style=\"height: 20px;\">\n<td style=\"width: 36.4214%; height: 20px;\">\u00a0<strong>Oraci\u00f3n Comunitaria \u00a0Parroquial<\/strong><\/td>\n<td style=\"width: 63.4697%; height: 20px;\">\n<p>\u00a0 Los viernes de 7:30 a 8 de la tarde.<br \/><br \/><br \/><\/p>\n<p>\u00a0<\/p>\n<p>\u00a0<\/p>\n<\/td>\n<\/tr>\n<tr style=\"height: 20px;\">\n<td style=\"width: 36.4214%; height: 20px;\"><strong>\u00a0Oraci\u00f3n Grupo Renovaci\u00f3n \u00a0Carism\u00e1tica Cat\u00f3lica<\/strong><\/td>\n<td style=\"width: 63.4697%; height: 20px;\">\u00a0Los lunes a las 7:30 de la tarde.<\/td>\n<\/tr>\n<tr style=\"height: 80px;\">\n<td style=\"width: 36.4214%; height: 80px;\"><strong>\u00a0Sacramento de la \u00a0Reconciliaci\u00f3n\u00a0(Confesiones)<\/strong><\/td>\n<td style=\"width: 63.4697%; height: 80px;\">\n<p>\u00a0Celebraci\u00f3n comunitaria: en los tiempos fuertes de Adviento \u00a0y Cuaresma y en otros momentos.<\/p>\n<p>\u00a0Personalmente: si alguna persona lo desea que se lo comunique al sacerdote. \u00a0 \u00a0 \u00a0\u00a0<\/p>\n<\/td>\n<\/tr>\n<tr style=\"height: 20px;\">\n<td style=\"width: 36.4214%; height: 20px;\"><strong>\u00a0Via Crucis<\/strong><\/td>\n<td style=\"width: 63.4697%; height: 20px;\">\u00a0En tiempo de Cuaresma todos los viernes media hora antes de la Eucarist\u00eda.<\/td>\n<\/tr>\n<\/tbody>\n<\/table>\n\n\n\n<p><\/p>\n","protected":false},"excerpt":{"rendered":"<p>Eucarist\u00edas Lunes a Viernes 19:00 (todo el a\u00f1o menos Agosto)12:00 (solo en Agosto) S\u00e1bados 19:00 (todo el a\u00f1o)12:00 (solo en Agosto) Domingos y Festivos 11:00 Celebraci\u00f3n de la Palabra en la Residencia 3\u00aa Edad de la Junta de Castilla y Le\u00f3n en Parquesol (c\/ Amadeo Arias)11:00 Eucarist\u00eda parroquial12:00 Eucarist\u00eda &nbsp;parroquial orientada a ni\u00f1os, pre-adolescentes y [&hellip;]<\/p>\n","protected":false},"author":1,"featured_media":0,"parent":0,"menu_order":3,"comment_status":"closed","ping_status":"closed","template":"","meta":{"site-sidebar-layout":"default","site-content-layout":"","ast-site-content-layout":"default","site-content-style":"default","site-sidebar-style":"default","ast-global-header-display":"","ast-banner-title-visibility":"","ast-main-header-display":"","ast-hfb-above-header-display":"","ast-hfb-below-header-display":"","ast-hfb-mobile-header-display":"","site-post-title":"","ast-breadcrumbs-content":"","ast-featured-img":"","footer-sml-layout":"","ast-disable-related-posts":"","theme-transparent-header-meta":"","adv-header-id-meta":"","stick-header-meta":"","header-above-stick-meta":"","header-main-stick-meta":"","header-below-stick-meta":"","astra-migrate-meta-layouts":"default","ast-page-background-enabled":"default","ast-page-background-meta":{"desktop":{"background-color":"var(--ast-global-color-4)","background-image":"","background-repeat":"repeat","background-position":"center center","background-size":"auto","background-attachment":"scroll","background-type":"","background-media":"","overlay-type":"","overlay-color":"","overlay-opacity":"","overlay-gradient":""},"tablet":{"background-color":"","background-image":"","background-repeat":"repeat","background-position":"center center","background-size":"auto","background-attachment":"scroll","background-type":"","background-media":"","overlay-type":"","overlay-color":"","overlay-opacity":"","overlay-gradient":""},"mobile":{"background-color":"","background-image":"","background-repeat":"repeat","background-position":"center center","background-size":"auto","background-attachment":"scroll","background-type":"","background-media":"","overlay-type":"","overlay-color":"","overlay-opacity":"","overlay-gradient":""}},"ast-content-background-meta":{"desktop":{"background-color":"var(--ast-global-color-5)","background-image":"","background-repeat":"repeat","background-position":"center center","background-size":"auto","background-attachment":"scroll","background-type":"","background-media":"","overlay-type":"","overlay-color":"","overlay-opacity":"","overlay-gradient":""},"tablet":{"background-color":"var(--ast-global-color-5)","background-image":"","background-repeat":"repeat","background-position":"center center","background-size":"auto","background-attachment":"scroll","background-type":"","background-media":"","overlay-type":"","overlay-color":"","overlay-opacity":"","overlay-gradient":""},"mobile":{"background-color":"var(--ast-global-color-5)","background-image":"","background-repeat":"repeat","background-position":"center center","background-size":"auto","background-attachment":"scroll","background-type":"","background-media":"","overlay-type":"","overlay-color":"","overlay-opacity":"","overlay-gradient":""}},"footnotes":""},"class_list":["post-14","page","type-page","status-publish","hentry"],"_links":{"self":[{"href":"https:\/\/cristoredentor.es\/index.php?rest_route=\/wp\/v2\/pages\/14","targetHints":{"allow":["GET"]}}],"collection":[{"href":"https:\/\/cristoredentor.es\/index.php?rest_route=\/wp\/v2\/pages"}],"about":[{"href":"https:\/\/cristoredentor.es\/index.php?rest_route=\/wp\/v2\/types\/page"}],"author":[{"embeddable":true,"href":"https:\/\/cristoredentor.es\/index.php?rest_route=\/wp\/v2\/users\/1"}],"replies":[{"embeddable":true,"href":"https:\/\/cristoredentor.es\/index.php?rest_route=%2Fwp%2Fv2%2Fcomments&post=14"}],"version-history":[{"count":39,"href":"https:\/\/cristoredentor.es\/index.php?rest_route=\/wp\/v2\/pages\/14\/revisions"}],"predecessor-version":[{"id":1606,"href":"https:\/\/cristoredentor.es\/index.php?rest_route=\/wp\/v2\/pages\/14\/revisions\/1606"}],"wp:attachment":[{"href":"https:\/\/cristoredentor.es\/index.php?rest_route=%2Fwp%2Fv2%2Fmedia&parent=14"}],"curies":[{"name":"wp","href":"https:\/\/api.w.org\/{rel}","templated":true}]}}