{"id":273,"date":"2019-07-27T11:26:27","date_gmt":"2019-07-27T09:26:27","guid":{"rendered":"https:\/\/cristoredentor.ml\/?page_id=273"},"modified":"2019-07-27T11:26:27","modified_gmt":"2019-07-27T09:26:27","slug":"catequesis-post-comunion","status":"publish","type":"page","link":"https:\/\/cristoredentor.es\/?page_id=273","title":{"rendered":"CATEQUESIS POST-COMUNI\u00d3N"},"content":{"rendered":"\n<p>PADRES,&nbsp;NO OLVIDEN QUE LO IMPORTANTE ES LA BUENA FORMACI\u00d3N DE SUS HIJOS. SU ACOMPA\u00d1AMIENTO ES FUNDAMENTAL<\/p>\n\n\n\n<p>INFANCIA ADULTA Y PREADOLESCENTES<\/p>\n\n\n\n<p>&nbsp;INFANCIA ADULTA &nbsp; &nbsp; &nbsp; 5\u00ba Y 6\u00ba PRIMARIA<\/p>\n\n\n\n<p>PRE-ADOLESCENTES &nbsp; &nbsp; &nbsp; &nbsp; 1\u00ba Y 2\u00baESO<\/p>\n\n\n\n<h2 class=\"wp-block-heading\">POST-COMUNI\u00d3N<\/h2>\n\n\n\n<p>*LA REUNI\u00d3N&nbsp;CON TODOS LOS PADRES E HIJOS&nbsp;QUE SIGAN EL PROCESO CATEQU\u00c9TICO DESPU\u00c9S DEL SACRAMENTO DE LA COMUNI\u00d3N SER\u00c1:<\/p>\n\n\n\n<p>-D\u00cdA:&nbsp;23 DE SEPTIEMBRE. DOMINGO. &nbsp;&nbsp;&nbsp;<\/p>\n\n\n\n<p>(Este d\u00eda se les apunta a todos).<\/p>\n\n\n\n<p>-HORA:&nbsp;10:15 h.&nbsp;&nbsp;&nbsp;<\/p>\n\n\n\n<p>-LUGAR:&nbsp;LOCALES PARROQUIALES \u2013&nbsp;SALA 5<\/p>\n\n\n\n<p>*El D\u00cdA y la HORA de CATEQUESIS ser\u00e1 el DOMINGO a las 11h.<\/p>\n\n\n\n<p>CELEBRAR LA EUCARIST\u00cdA ES FUNDAMENTAL. LA DE 12 H&nbsp;EST\u00c1 ORIENTADA PARA NI\u00d1OS, MUCHACHOS Y TODA LA FAMILIA.&nbsp;<\/p>\n\n\n<p><!--EndFragment--><br>\n<br>\n<\/p>","protected":false},"excerpt":{"rendered":"<p>PADRES,&nbsp;NO OLVIDEN QUE LO IMPORTANTE ES LA BUENA FORMACI\u00d3N DE SUS HIJOS. SU ACOMPA\u00d1AMIENTO ES FUNDAMENTAL INFANCIA ADULTA Y PREADOLESCENTES &nbsp;INFANCIA ADULTA &nbsp; &nbsp; &nbsp; 5\u00ba Y 6\u00ba PRIMARIA PRE-ADOLESCENTES &nbsp; &nbsp; &nbsp; &nbsp; 1\u00ba Y 2\u00baESO POST-COMUNI\u00d3N *LA REUNI\u00d3N&nbsp;CON TODOS LOS PADRES E HIJOS&nbsp;QUE SIGAN EL PROCESO CATEQU\u00c9TICO DESPU\u00c9S DEL SACRAMENTO DE LA COMUNI\u00d3N [&hellip;]<\/p>\n","protected":false},"author":1,"featured_media":0,"parent":0,"menu_order":0,"comment_status":"closed","ping_status":"closed","template":"","meta":{"site-sidebar-layout":"default","site-content-layout":"","ast-site-content-layout":"default","site-content-style":"default","site-sidebar-style":"default","ast-global-header-display":"","ast-banner-title-visibility":"","ast-main-header-display":"","ast-hfb-above-header-display":"","ast-hfb-below-header-display":"","ast-hfb-mobile-header-display":"","site-post-title":"","ast-breadcrumbs-content":"","ast-featured-img":"","footer-sml-layout":"","ast-disable-related-posts":"","theme-transparent-header-meta":"","adv-header-id-meta":"","stick-header-meta":"","header-above-stick-meta":"","header-main-stick-meta":"","header-below-stick-meta":"","astra-migrate-meta-layouts":"default","ast-page-background-enabled":"default","ast-page-background-meta":{"desktop":{"background-color":"var(--ast-global-color-4)","background-image":"","background-repeat":"repeat","background-position":"center center","background-size":"auto","background-attachment":"scroll","background-type":"","background-media":"","overlay-type":"","overlay-color":"","overlay-opacity":"","overlay-gradient":""},"tablet":{"background-color":"","background-image":"","background-repeat":"repeat","background-position":"center center","background-size":"auto","background-attachment":"scroll","background-type":"","background-media":"","overlay-type":"","overlay-color":"","overlay-opacity":"","overlay-gradient":""},"mobile":{"background-color":"","background-image":"","background-repeat":"repeat","background-position":"center center","background-size":"auto","background-attachment":"scroll","background-type":"","background-media":"","overlay-type":"","overlay-color":"","overlay-opacity":"","overlay-gradient":""}},"ast-content-background-meta":{"desktop":{"background-color":"var(--ast-global-color-5)","background-image":"","background-repeat":"repeat","background-position":"center center","background-size":"auto","background-attachment":"scroll","background-type":"","background-media":"","overlay-type":"","overlay-color":"","overlay-opacity":"","overlay-gradient":""},"tablet":{"background-color":"var(--ast-global-color-5)","background-image":"","background-repeat":"repeat","background-position":"center center","background-size":"auto","background-attachment":"scroll","background-type":"","background-media":"","overlay-type":"","overlay-color":"","overlay-opacity":"","overlay-gradient":""},"mobile":{"background-color":"var(--ast-global-color-5)","background-image":"","background-repeat":"repeat","background-position":"center center","background-size":"auto","background-attachment":"scroll","background-type":"","background-media":"","overlay-type":"","overlay-color":"","overlay-opacity":"","overlay-gradient":""}},"footnotes":""},"class_list":["post-273","page","type-page","status-publish","hentry"],"_links":{"self":[{"href":"https:\/\/cristoredentor.es\/index.php?rest_route=\/wp\/v2\/pages\/273","targetHints":{"allow":["GET"]}}],"collection":[{"href":"https:\/\/cristoredentor.es\/index.php?rest_route=\/wp\/v2\/pages"}],"about":[{"href":"https:\/\/cristoredentor.es\/index.php?rest_route=\/wp\/v2\/types\/page"}],"author":[{"embeddable":true,"href":"https:\/\/cristoredentor.es\/index.php?rest_route=\/wp\/v2\/users\/1"}],"replies":[{"embeddable":true,"href":"https:\/\/cristoredentor.es\/index.php?rest_route=%2Fwp%2Fv2%2Fcomments&post=273"}],"version-history":[{"count":1,"href":"https:\/\/cristoredentor.es\/index.php?rest_route=\/wp\/v2\/pages\/273\/revisions"}],"predecessor-version":[{"id":274,"href":"https:\/\/cristoredentor.es\/index.php?rest_route=\/wp\/v2\/pages\/273\/revisions\/274"}],"wp:attachment":[{"href":"https:\/\/cristoredentor.es\/index.php?rest_route=%2Fwp%2Fv2%2Fmedia&parent=273"}],"curies":[{"name":"wp","href":"https:\/\/api.w.org\/{rel}","templated":true}]}}