{"id":290,"date":"2019-07-28T09:45:51","date_gmt":"2019-07-28T07:45:51","guid":{"rendered":"https:\/\/cristoredentor.ml\/?page_id=290"},"modified":"2019-10-15T22:52:24","modified_gmt":"2019-10-15T20:52:24","slug":"grupo-de-manos-unidas","status":"publish","type":"page","link":"https:\/\/cristoredentor.es\/?page_id=290","title":{"rendered":"04 MANOS UNIDAS"},"content":{"rendered":"\n<h1 class=\"wp-block-heading\"><strong><br>SOMOS<\/strong><\/h1>\n\n\n\n<p>Un grupo de personas que&nbsp;<strong>trabajamos y colaboramos desde la<\/strong><\/p>\n\n\n\n<p><strong>Parroquia con la Asociaci\u00f3n de la Iglesia Cat\u00f3lica en Espa\u00f1a<\/strong><\/p>\n\n\n\n<p><strong>para la ayuda, promoci\u00f3n y desarrollo del Tercer Mundo.<\/strong><\/p>\n\n\n\n<h1 class=\"wp-block-heading\"><strong>NUESTRO SERVICIO CONSISTE EN<\/strong><\/h1>\n\n\n\n<p>&#8211;&nbsp;<strong>Sensibilizar en nuestro barrio y Comunidad Parroquial.<\/strong><\/p>\n\n\n\n<p>&#8211;&nbsp;Cada a\u00f1o nuestro grupo&nbsp;<strong>colabora en la financiaci\u00f3n del proyecto<\/strong><\/p>\n\n\n\n<p><strong>&nbsp; &nbsp; arciprestal<\/strong>.<\/p>\n\n\n\n<p>&#8211;&nbsp;<strong>Colecta parroquial<\/strong>&nbsp;a favor de Manos Unidas.<\/p>\n\n\n\n<p>&#8211;&nbsp;<strong>Celebramos<\/strong>&nbsp;en nuestra Parroquia&nbsp;<strong>el d\u00eda del \u201cAyuno Voluntario\u201d.<\/strong>&nbsp;Este d\u00eda&nbsp;<strong>organizamos el \u201cbocata solidario\u201d.<\/strong><\/p>\n\n\n\n<p>&#8211;&nbsp;<strong>Mercadillo Solidario.<\/strong><\/p>\n\n\n\n<p>&#8211;&nbsp;<strong>Marcha Solidaria<\/strong>&nbsp;(en proyecto).<\/p>\n\n\n\n<h1 class=\"wp-block-heading\"><strong>NUESTROS OBJETIVOS SON<\/strong><\/h1>\n\n\n\n<p>&#8211;&nbsp;<strong>Sensibilizaci\u00f3n de la poblaci\u00f3n<\/strong>&nbsp;<strong>espa\u00f1ola<\/strong>&nbsp;sobre la realidad del Sur.<\/p>\n\n\n\n<p>&#8211;&nbsp;<strong>Financiar proyectos de desarrollo<\/strong>&nbsp;<strong>en \u00c1frica, Am\u00e9rica, Asia y<\/strong><\/p>\n\n\n\n<p><strong>&nbsp; &nbsp; Ocean\u00eda<\/strong>, actuando en el \u00e1mbito agr\u00edcola, educativo, de promoci\u00f3n<\/p>\n\n\n\n<p>&nbsp; &nbsp; social, de promoci\u00f3n de la mujer y sanitario.&nbsp;<\/p>\n\n\n\n<p>&#8211;&nbsp;Tambi\u00e9n&nbsp;<strong>atender a poblaciones en situaci\u00f3n de emergencia y<\/strong><\/p>\n\n\n\n<p><strong>&nbsp; &nbsp; ayuda humanitaria<\/strong>&nbsp;en cat\u00e1strofes y cualquier otra situaci\u00f3n que<\/p>\n\n\n\n<p>&nbsp; &nbsp; lo requiera.<\/p>\n\n\n\n<p>&#8211;&nbsp;<strong>Los objetivos del desarrollo que se proponen requieren la<\/strong><\/p>\n\n\n\n<p><strong>&nbsp; &nbsp; b\u00fasqueda sincera de un Humanismo nuevo, asumiendo los<\/strong><\/p>\n\n\n\n<p><strong>&nbsp; &nbsp; valores del amor y de la aut\u00e9ntica solidaridad.<\/strong><\/p>\n\n\n\n<p>&nbsp; &nbsp; No s\u00f3lo se trata de conseguir un beneficio econ\u00f3mico en las<\/p>\n\n\n\n<p>&nbsp; &nbsp; diversas actividades organizadas (que es importante), sino<\/p>\n\n\n\n<p>&nbsp; &nbsp; tambi\u00e9n sensibilizar<strong>.<\/strong><\/p>\n\n\n\n<h1 class=\"wp-block-heading\"><strong>NOS REUNIMOS<\/strong><\/h1>\n\n\n\n<p>en los salones de la Parroquia. Variable. Normalmente algunos&nbsp;<strong>Viernes de 18h a 19h.<\/strong><\/p>\n","protected":false},"excerpt":{"rendered":"<p>SOMOS Un grupo de personas que&nbsp;trabajamos y colaboramos desde la Parroquia con la Asociaci\u00f3n de la Iglesia Cat\u00f3lica en Espa\u00f1a para la ayuda, promoci\u00f3n y desarrollo del Tercer Mundo. NUESTRO SERVICIO CONSISTE EN &#8211;&nbsp;Sensibilizar en nuestro barrio y Comunidad Parroquial. &#8211;&nbsp;Cada a\u00f1o nuestro grupo&nbsp;colabora en la financiaci\u00f3n del proyecto &nbsp; &nbsp; arciprestal. &#8211;&nbsp;Colecta parroquial&nbsp;a favor [&hellip;]<\/p>\n","protected":false},"author":1,"featured_media":0,"parent":0,"menu_order":0,"comment_status":"closed","ping_status":"closed","template":"","meta":{"site-sidebar-layout":"default","site-content-layout":"","ast-site-content-layout":"default","site-content-style":"default","site-sidebar-style":"default","ast-global-header-display":"","ast-banner-title-visibility":"","ast-main-header-display":"","ast-hfb-above-header-display":"","ast-hfb-below-header-display":"","ast-hfb-mobile-header-display":"","site-post-title":"","ast-breadcrumbs-content":"","ast-featured-img":"","footer-sml-layout":"","ast-disable-related-posts":"","theme-transparent-header-meta":"","adv-header-id-meta":"","stick-header-meta":"","header-above-stick-meta":"","header-main-stick-meta":"","header-below-stick-meta":"","astra-migrate-meta-layouts":"default","ast-page-background-enabled":"default","ast-page-background-meta":{"desktop":{"background-color":"var(--ast-global-color-4)","background-image":"","background-repeat":"repeat","background-position":"center center","background-size":"auto","background-attachment":"scroll","background-type":"","background-media":"","overlay-type":"","overlay-color":"","overlay-opacity":"","overlay-gradient":""},"tablet":{"background-color":"","background-image":"","background-repeat":"repeat","background-position":"center center","background-size":"auto","background-attachment":"scroll","background-type":"","background-media":"","overlay-type":"","overlay-color":"","overlay-opacity":"","overlay-gradient":""},"mobile":{"background-color":"","background-image":"","background-repeat":"repeat","background-position":"center center","background-size":"auto","background-attachment":"scroll","background-type":"","background-media":"","overlay-type":"","overlay-color":"","overlay-opacity":"","overlay-gradient":""}},"ast-content-background-meta":{"desktop":{"background-color":"var(--ast-global-color-5)","background-image":"","background-repeat":"repeat","background-position":"center center","background-size":"auto","background-attachment":"scroll","background-type":"","background-media":"","overlay-type":"","overlay-color":"","overlay-opacity":"","overlay-gradient":""},"tablet":{"background-color":"var(--ast-global-color-5)","background-image":"","background-repeat":"repeat","background-position":"center center","background-size":"auto","background-attachment":"scroll","background-type":"","background-media":"","overlay-type":"","overlay-color":"","overlay-opacity":"","overlay-gradient":""},"mobile":{"background-color":"var(--ast-global-color-5)","background-image":"","background-repeat":"repeat","background-position":"center center","background-size":"auto","background-attachment":"scroll","background-type":"","background-media":"","overlay-type":"","overlay-color":"","overlay-opacity":"","overlay-gradient":""}},"footnotes":""},"class_list":["post-290","page","type-page","status-publish","hentry"],"_links":{"self":[{"href":"https:\/\/cristoredentor.es\/index.php?rest_route=\/wp\/v2\/pages\/290","targetHints":{"allow":["GET"]}}],"collection":[{"href":"https:\/\/cristoredentor.es\/index.php?rest_route=\/wp\/v2\/pages"}],"about":[{"href":"https:\/\/cristoredentor.es\/index.php?rest_route=\/wp\/v2\/types\/page"}],"author":[{"embeddable":true,"href":"https:\/\/cristoredentor.es\/index.php?rest_route=\/wp\/v2\/users\/1"}],"replies":[{"embeddable":true,"href":"https:\/\/cristoredentor.es\/index.php?rest_route=%2Fwp%2Fv2%2Fcomments&post=290"}],"version-history":[{"count":3,"href":"https:\/\/cristoredentor.es\/index.php?rest_route=\/wp\/v2\/pages\/290\/revisions"}],"predecessor-version":[{"id":1338,"href":"https:\/\/cristoredentor.es\/index.php?rest_route=\/wp\/v2\/pages\/290\/revisions\/1338"}],"wp:attachment":[{"href":"https:\/\/cristoredentor.es\/index.php?rest_route=%2Fwp%2Fv2%2Fmedia&parent=290"}],"curies":[{"name":"wp","href":"https:\/\/api.w.org\/{rel}","templated":true}]}}