{"id":294,"date":"2019-07-28T09:50:04","date_gmt":"2019-07-28T07:50:04","guid":{"rendered":"https:\/\/cristoredentor.ml\/?page_id=294"},"modified":"2019-10-15T22:54:08","modified_gmt":"2019-10-15T20:54:08","slug":"grupo-de-caritas","status":"publish","type":"page","link":"https:\/\/cristoredentor.es\/?page_id=294","title":{"rendered":"05 C\u00c1RITAS"},"content":{"rendered":"\n<p>El grupo de&nbsp;<strong>C\u00c1RITAS<\/strong>&nbsp;trabaja en otros dos grupos que son:<\/p>\n\n\n\n<p>&nbsp; &nbsp; &nbsp; &nbsp; &nbsp; &nbsp;&nbsp;<strong>&nbsp;&#8211; C\u00e1ritas Parroquial<\/strong><\/p>\n\n\n\n<p><strong>&nbsp; &nbsp; &nbsp; &nbsp; &nbsp; &nbsp; &nbsp;&#8211; \u00abCarpe Diem\u00bb Interparroquial<\/strong><\/p>\n\n\n\n<h1 class=\"wp-block-heading\" id=\"cc-m-header-5633402616\">GRUPO DE C\u00c1RITAS PARROQUIAL<\/h1>\n\n\n\n<h4 class=\"wp-block-heading\"><strong>SOMOS<\/strong><\/h4>\n\n\n\n<p>Un grupo de personas de nuestra Parroquia, que&nbsp;<strong>teniendo como ejemplo el amor de Jes\u00fas por los pobres nos dedicamos a ayudar a los dem\u00e1s<\/strong>&nbsp;como hermanos e hijos de Dios.<\/p>\n\n\n\n<h4 class=\"wp-block-heading\"><strong>NUESTRO SERVICIO CONSISTE EN<\/strong><\/h4>\n\n\n\n<p><strong>&nbsp;Queriendo seguir a Jes\u00fas, recibimos a personas sin recursos<\/strong>&nbsp;con un doble prop\u00f3sito:<\/p>\n\n\n\n<p>1\u00ba.-&nbsp;<strong>Ayudar a satisfacer sus necesidades materiales b\u00e1sicas<\/strong>: ropa, alimentos y productos de higiene.<\/p>\n\n\n\n<p>2\u00ba.-&nbsp;<strong>Acoger, acompa\u00f1ar y escuchar<\/strong>&nbsp;tratando de llevarles el amor que, como personas, necesitan.<\/p>\n\n\n\n<h4 class=\"wp-block-heading\"><strong>NUESTROS OBJETIVOS SON<\/strong><\/h4>\n\n\n\n<p>&#8211;&nbsp;<strong>Trabajar por la justicia y promoci\u00f3n de las personas.<\/strong><\/p>\n\n\n\n<p>&#8211;&nbsp;<strong>Que toda persona sea tratada dignamente como imagen de Dios<\/strong><\/p>\n\n\n\n<p><strong>&nbsp; &nbsp; que somos.<\/strong><\/p>\n\n\n\n<p>&#8211;&nbsp;<strong>Paliar en la medida de lo posible, sus necesidades.<\/strong><\/p>\n\n\n\n<p>&#8211;&nbsp;<strong>Animar a las personas a recuperar su autoestima.<\/strong><\/p>\n\n\n\n<p>&#8211;&nbsp;<strong>Mostrarles<\/strong>, a trav\u00e9s de la ayuda que nosotros podamos darles,&nbsp;<strong>el<\/strong><\/p>\n\n\n\n<p><strong>&nbsp; &nbsp; Amor de Dios.<\/strong><\/p>\n\n\n\n<p>&#8211;&nbsp;<strong>Nuestra actuaci\u00f3n quiere incidir en estos tres \u00e1mbitos: Material,<\/strong><\/p>\n\n\n\n<p><strong>&nbsp; &nbsp; Humano y Espiritual-Religioso.<\/strong><\/p>\n\n\n\n<h4 class=\"wp-block-heading\"><strong>NOS REUNIMOS<\/strong><\/h4>\n\n\n\n<p>en los locales de la Parroquia&nbsp;<strong>todos los jueves de 17:30 horas a 20:00 horas.<\/strong><\/p>\n\n\n\n<p>De forma alterna un jueves cada 15 d\u00edas se da alimentaci\u00f3n y otro jueves cada 15 d\u00edas lo dedicamos a formaci\u00f3n de grupo.<\/p>\n","protected":false},"excerpt":{"rendered":"<p>El grupo de&nbsp;C\u00c1RITAS&nbsp;trabaja en otros dos grupos que son: &nbsp; &nbsp; &nbsp; &nbsp; &nbsp; &nbsp;&nbsp;&nbsp;&#8211; C\u00e1ritas Parroquial &nbsp; &nbsp; &nbsp; &nbsp; &nbsp; &nbsp; &nbsp;&#8211; \u00abCarpe Diem\u00bb Interparroquial GRUPO DE C\u00c1RITAS PARROQUIAL SOMOS Un grupo de personas de nuestra Parroquia, que&nbsp;teniendo como ejemplo el amor de Jes\u00fas por los pobres nos dedicamos a ayudar a los [&hellip;]<\/p>\n","protected":false},"author":1,"featured_media":0,"parent":0,"menu_order":0,"comment_status":"closed","ping_status":"closed","template":"","meta":{"site-sidebar-layout":"default","site-content-layout":"","ast-site-content-layout":"default","site-content-style":"default","site-sidebar-style":"default","ast-global-header-display":"","ast-banner-title-visibility":"","ast-main-header-display":"","ast-hfb-above-header-display":"","ast-hfb-below-header-display":"","ast-hfb-mobile-header-display":"","site-post-title":"","ast-breadcrumbs-content":"","ast-featured-img":"","footer-sml-layout":"","ast-disable-related-posts":"","theme-transparent-header-meta":"","adv-header-id-meta":"","stick-header-meta":"","header-above-stick-meta":"","header-main-stick-meta":"","header-below-stick-meta":"","astra-migrate-meta-layouts":"default","ast-page-background-enabled":"default","ast-page-background-meta":{"desktop":{"background-color":"var(--ast-global-color-4)","background-image":"","background-repeat":"repeat","background-position":"center center","background-size":"auto","background-attachment":"scroll","background-type":"","background-media":"","overlay-type":"","overlay-color":"","overlay-opacity":"","overlay-gradient":""},"tablet":{"background-color":"","background-image":"","background-repeat":"repeat","background-position":"center center","background-size":"auto","background-attachment":"scroll","background-type":"","background-media":"","overlay-type":"","overlay-color":"","overlay-opacity":"","overlay-gradient":""},"mobile":{"background-color":"","background-image":"","background-repeat":"repeat","background-position":"center center","background-size":"auto","background-attachment":"scroll","background-type":"","background-media":"","overlay-type":"","overlay-color":"","overlay-opacity":"","overlay-gradient":""}},"ast-content-background-meta":{"desktop":{"background-color":"var(--ast-global-color-5)","background-image":"","background-repeat":"repeat","background-position":"center center","background-size":"auto","background-attachment":"scroll","background-type":"","background-media":"","overlay-type":"","overlay-color":"","overlay-opacity":"","overlay-gradient":""},"tablet":{"background-color":"var(--ast-global-color-5)","background-image":"","background-repeat":"repeat","background-position":"center center","background-size":"auto","background-attachment":"scroll","background-type":"","background-media":"","overlay-type":"","overlay-color":"","overlay-opacity":"","overlay-gradient":""},"mobile":{"background-color":"var(--ast-global-color-5)","background-image":"","background-repeat":"repeat","background-position":"center center","background-size":"auto","background-attachment":"scroll","background-type":"","background-media":"","overlay-type":"","overlay-color":"","overlay-opacity":"","overlay-gradient":""}},"footnotes":""},"class_list":["post-294","page","type-page","status-publish","hentry"],"_links":{"self":[{"href":"https:\/\/cristoredentor.es\/index.php?rest_route=\/wp\/v2\/pages\/294","targetHints":{"allow":["GET"]}}],"collection":[{"href":"https:\/\/cristoredentor.es\/index.php?rest_route=\/wp\/v2\/pages"}],"about":[{"href":"https:\/\/cristoredentor.es\/index.php?rest_route=\/wp\/v2\/types\/page"}],"author":[{"embeddable":true,"href":"https:\/\/cristoredentor.es\/index.php?rest_route=\/wp\/v2\/users\/1"}],"replies":[{"embeddable":true,"href":"https:\/\/cristoredentor.es\/index.php?rest_route=%2Fwp%2Fv2%2Fcomments&post=294"}],"version-history":[{"count":3,"href":"https:\/\/cristoredentor.es\/index.php?rest_route=\/wp\/v2\/pages\/294\/revisions"}],"predecessor-version":[{"id":1339,"href":"https:\/\/cristoredentor.es\/index.php?rest_route=\/wp\/v2\/pages\/294\/revisions\/1339"}],"wp:attachment":[{"href":"https:\/\/cristoredentor.es\/index.php?rest_route=%2Fwp%2Fv2%2Fmedia&parent=294"}],"curies":[{"name":"wp","href":"https:\/\/api.w.org\/{rel}","templated":true}]}}