{"id":297,"date":"2019-07-28T09:52:36","date_gmt":"2019-07-28T07:52:36","guid":{"rendered":"https:\/\/cristoredentor.ml\/?page_id=297"},"modified":"2019-07-28T09:52:36","modified_gmt":"2019-07-28T07:52:36","slug":"grupo-carpe-diem-interparroquial","status":"publish","type":"page","link":"https:\/\/cristoredentor.es\/?page_id=297","title":{"rendered":"GRUPO \u00a1CARPE DIEM! INTERPARROQUIAL"},"content":{"rendered":"\n<h4 class=\"wp-block-heading\"><strong>SOMOS<\/strong><\/h4>\n\n\n\n<p>\u201c\u00a1Carpe Diem\u00a1 aprovecha el momento\u201d es una actividad de la Fundaci\u00f3n El Mandamiento Nuevo en colaboraci\u00f3n con C\u00e1ritas Diocesana de Valladolid.<\/p>\n\n\n\n<p><strong>Somos un grupo de personas de las dos parroquias de Parquesol, Cristo Redentor y Nuestra Se\u00f1ora de Prado, que nos reunimos para potenciar y mejorar nuestra salud f\u00edsica y mental.<\/strong><\/p>\n\n\n\n<h4 class=\"wp-block-heading\"><strong>NUESTRO SERVICIO CONSISTE EN<\/strong><\/h4>\n\n\n\n<p>&#8211;&nbsp;Realizar diversas&nbsp;<strong>actividades y ejercicios f\u00edsicos y mentales.<\/strong><\/p>\n\n\n\n<p>&#8211;&nbsp;<strong>Actividades para mejorar la calidad de vida de las personas mayores.<\/strong><\/p>\n\n\n\n<h4 class=\"wp-block-heading\"><strong>NUESTROS OBJETIVOS SON<\/strong><\/h4>\n\n\n\n<p>&#8211;&nbsp;<strong>Potenciar y mejorar la salud f\u00edsica y mental de las personas.<\/strong><\/p>\n\n\n\n<p>&#8211;&nbsp;<strong>Convivir y ensanchar los lazos de uni\u00f3n entre las personas del<\/strong><\/p>\n\n\n\n<p><strong>&nbsp; &nbsp; barrio y de las dos Comunidades Parroquiales.<\/strong><\/p>\n\n\n\n<p>&#8211;&nbsp;<strong>Pasar un tiempo agradable<\/strong>&nbsp;entre todos.<\/p>\n\n\n\n<h4 class=\"wp-block-heading\"><strong>NOS REUNIMOS<\/strong><\/h4>\n\n\n\n<p><strong>en la parroquia de Nuestra Se\u00f1ora de Prado los jueves de 17:00h a 19:00h de la tarde.<\/strong><\/p>\n","protected":false},"excerpt":{"rendered":"<p>SOMOS \u201c\u00a1Carpe Diem\u00a1 aprovecha el momento\u201d es una actividad de la Fundaci\u00f3n El Mandamiento Nuevo en colaboraci\u00f3n con C\u00e1ritas Diocesana de Valladolid. Somos un grupo de personas de las dos parroquias de Parquesol, Cristo Redentor y Nuestra Se\u00f1ora de Prado, que nos reunimos para potenciar y mejorar nuestra salud f\u00edsica y mental. NUESTRO SERVICIO CONSISTE [&hellip;]<\/p>\n","protected":false},"author":1,"featured_media":0,"parent":0,"menu_order":0,"comment_status":"closed","ping_status":"closed","template":"","meta":{"site-sidebar-layout":"default","site-content-layout":"","ast-site-content-layout":"default","site-content-style":"default","site-sidebar-style":"default","ast-global-header-display":"","ast-banner-title-visibility":"","ast-main-header-display":"","ast-hfb-above-header-display":"","ast-hfb-below-header-display":"","ast-hfb-mobile-header-display":"","site-post-title":"","ast-breadcrumbs-content":"","ast-featured-img":"","footer-sml-layout":"","ast-disable-related-posts":"","theme-transparent-header-meta":"","adv-header-id-meta":"","stick-header-meta":"","header-above-stick-meta":"","header-main-stick-meta":"","header-below-stick-meta":"","astra-migrate-meta-layouts":"default","ast-page-background-enabled":"default","ast-page-background-meta":{"desktop":{"background-color":"var(--ast-global-color-4)","background-image":"","background-repeat":"repeat","background-position":"center center","background-size":"auto","background-attachment":"scroll","background-type":"","background-media":"","overlay-type":"","overlay-color":"","overlay-opacity":"","overlay-gradient":""},"tablet":{"background-color":"","background-image":"","background-repeat":"repeat","background-position":"center center","background-size":"auto","background-attachment":"scroll","background-type":"","background-media":"","overlay-type":"","overlay-color":"","overlay-opacity":"","overlay-gradient":""},"mobile":{"background-color":"","background-image":"","background-repeat":"repeat","background-position":"center center","background-size":"auto","background-attachment":"scroll","background-type":"","background-media":"","overlay-type":"","overlay-color":"","overlay-opacity":"","overlay-gradient":""}},"ast-content-background-meta":{"desktop":{"background-color":"var(--ast-global-color-5)","background-image":"","background-repeat":"repeat","background-position":"center center","background-size":"auto","background-attachment":"scroll","background-type":"","background-media":"","overlay-type":"","overlay-color":"","overlay-opacity":"","overlay-gradient":""},"tablet":{"background-color":"var(--ast-global-color-5)","background-image":"","background-repeat":"repeat","background-position":"center center","background-size":"auto","background-attachment":"scroll","background-type":"","background-media":"","overlay-type":"","overlay-color":"","overlay-opacity":"","overlay-gradient":""},"mobile":{"background-color":"var(--ast-global-color-5)","background-image":"","background-repeat":"repeat","background-position":"center center","background-size":"auto","background-attachment":"scroll","background-type":"","background-media":"","overlay-type":"","overlay-color":"","overlay-opacity":"","overlay-gradient":""}},"footnotes":""},"class_list":["post-297","page","type-page","status-publish","hentry"],"_links":{"self":[{"href":"https:\/\/cristoredentor.es\/index.php?rest_route=\/wp\/v2\/pages\/297","targetHints":{"allow":["GET"]}}],"collection":[{"href":"https:\/\/cristoredentor.es\/index.php?rest_route=\/wp\/v2\/pages"}],"about":[{"href":"https:\/\/cristoredentor.es\/index.php?rest_route=\/wp\/v2\/types\/page"}],"author":[{"embeddable":true,"href":"https:\/\/cristoredentor.es\/index.php?rest_route=\/wp\/v2\/users\/1"}],"replies":[{"embeddable":true,"href":"https:\/\/cristoredentor.es\/index.php?rest_route=%2Fwp%2Fv2%2Fcomments&post=297"}],"version-history":[{"count":1,"href":"https:\/\/cristoredentor.es\/index.php?rest_route=\/wp\/v2\/pages\/297\/revisions"}],"predecessor-version":[{"id":298,"href":"https:\/\/cristoredentor.es\/index.php?rest_route=\/wp\/v2\/pages\/297\/revisions\/298"}],"wp:attachment":[{"href":"https:\/\/cristoredentor.es\/index.php?rest_route=%2Fwp%2Fv2%2Fmedia&parent=297"}],"curies":[{"name":"wp","href":"https:\/\/api.w.org\/{rel}","templated":true}]}}