{"id":57,"date":"2019-04-15T18:10:45","date_gmt":"2019-04-15T16:10:45","guid":{"rendered":"http:\/\/cristoredentor.ml\/?page_id=57"},"modified":"2019-10-28T21:54:43","modified_gmt":"2019-10-28T20:54:43","slug":"grupos-de-limpieza","status":"publish","type":"page","link":"https:\/\/cristoredentor.es\/?page_id=57","title":{"rendered":"02 LIMPIEZA"},"content":{"rendered":"\n<h4 class=\"wp-block-heading\"><strong><span style=\"color:#cf2e2e\" class=\"tadv-color\">SOMOS<\/span><\/strong><\/h4>\n\n\n\n<ul class=\"wp-block-list\"><li><strong>Dos equipos de mujeres con mucho \u00e1nimo, alegr\u00eda, cari\u00f1o y ganas de colaborar. Limpiamos el templo y los locales parroquiales.<\/strong>\u00a0<\/li><\/ul>\n\n\n\n<ul class=\"wp-block-list\"><li>El grupo del templo est\u00e1 formado por unas diez personas y el grupo de los locales por unas siete. Acudimos a limpiar siempre que nuestras obligaciones particulares nos lo permiten y, por supuesto, lo hacemos de forma totalmente voluntaria y gratuita.<\/li><\/ul>\n\n\n\n<ul class=\"wp-block-list\"><li><strong>Te invitamos y animamos a unirte a nosotras. El esfuerzo compartido es m\u00e1s ligero.<\/strong>\u00a0Tambi\u00e9n a la tertulia frente al caf\u00e9, que compartimos al final.<\/li><\/ul>\n\n\n\n<h4 class=\"wp-block-heading\"><strong><span style=\"color:#cf2e2e\" class=\"tadv-color\">NUESTRO SERVICIO CONSISTE EN<\/span><\/strong><\/h4>\n\n\n\n<ul class=\"wp-block-list\"><li>\u00a0<strong>Grupo del templo:<\/strong>\u00a0limpieza del templo y de la explanada exterior (todas las semanas).<\/li><\/ul>\n\n\n\n<ul class=\"wp-block-list\"><li><strong>Grupo de locales parroquiales:<\/strong>\u00a0limpieza de los locales de la Parroquia (cada quince d\u00edas).<\/li><\/ul>\n\n\n\n<h4 class=\"wp-block-heading\"><span style=\"color:#cf2e2e\" class=\"tadv-color\">NUESTROS OBJETIVOS SON<\/span><\/h4>\n\n\n\n<ul class=\"wp-block-list\"><li><strong>Que la Parroquia de Cristo Redentor sea una casa<\/strong>\u00a0<strong>limpia, acogedora y agradable para el Se\u00f1or,<\/strong>\u00a0que est\u00e1 all\u00ed presente,\u00a0<strong>y<\/strong>\u00a0<strong>para todos los que nos reunimos en ella.<\/strong><\/li><\/ul>\n\n\n\n<h4 class=\"wp-block-heading\"><strong><span style=\"color:#cf2e2e\" class=\"tadv-color\">NOS REUNIMOS<\/span><\/strong><\/h4>\n\n\n\n<ul class=\"wp-block-list\"><li>Grupo del\u00a0<strong>templo (semanalmente)<\/strong><\/li><\/ul>\n\n\n\n<p>                     <strong> Mi\u00e9rcoles a las cuatro y media de la tarde.<\/strong><\/p>\n\n\n\n<p><strong>\u00a0 \u00a0 \u00a0 \u00a0 \u00a0 \u00a0 \u00a0 \u00a0 \u00a0     S\u00e1bados a las 10h de la ma\u00f1ana.<\/strong><\/p>\n\n\n\n<p>                      Dedicamos alrededor de hora \/ hora y media.<\/p>\n\n\n\n<ul class=\"wp-block-list\"><li>Grupo de\u00a0<strong>locales parroquiales (quincenalmente<\/strong>) <\/li><\/ul>\n\n\n\n<p>                      Los\u00a0<strong>martes a las\u00a0diez y media de la ma\u00f1ana.<\/strong>\u00a0Dedicamos alrededor de dos horas.<\/p>\n\n\n\n<p><\/p>\n\n\n\n<div class=\"wp-block-media-text alignwide\"><figure class=\"wp-block-media-text__media\"><img loading=\"lazy\" decoding=\"async\" width=\"360\" height=\"270\" src=\"https:\/\/cristoredentor.es\/wp-content\/uploads\/2019\/10\/g2.jpg\" alt=\"\" class=\"wp-image-286\"\/><\/figure><div class=\"wp-block-media-text__content\">\n<p class=\"has-large-font-size\"><\/p>\n<\/div><\/div>\n","protected":false},"excerpt":{"rendered":"<p>SOMOS Dos equipos de mujeres con mucho \u00e1nimo, alegr\u00eda, cari\u00f1o y ganas de colaborar. Limpiamos el templo y los locales parroquiales.\u00a0 El grupo del templo est\u00e1 formado por unas diez personas y el grupo de los locales por unas siete. Acudimos a limpiar siempre que nuestras obligaciones particulares nos lo permiten y, por supuesto, lo [&hellip;]<\/p>\n","protected":false},"author":1,"featured_media":0,"parent":0,"menu_order":0,"comment_status":"closed","ping_status":"closed","template":"","meta":{"site-sidebar-layout":"default","site-content-layout":"","ast-site-content-layout":"default","site-content-style":"default","site-sidebar-style":"default","ast-global-header-display":"","ast-banner-title-visibility":"","ast-main-header-display":"","ast-hfb-above-header-display":"","ast-hfb-below-header-display":"","ast-hfb-mobile-header-display":"","site-post-title":"","ast-breadcrumbs-content":"","ast-featured-img":"","footer-sml-layout":"","ast-disable-related-posts":"","theme-transparent-header-meta":"","adv-header-id-meta":"","stick-header-meta":"","header-above-stick-meta":"","header-main-stick-meta":"","header-below-stick-meta":"","astra-migrate-meta-layouts":"default","ast-page-background-enabled":"default","ast-page-background-meta":{"desktop":{"background-color":"var(--ast-global-color-4)","background-image":"","background-repeat":"repeat","background-position":"center center","background-size":"auto","background-attachment":"scroll","background-type":"","background-media":"","overlay-type":"","overlay-color":"","overlay-opacity":"","overlay-gradient":""},"tablet":{"background-color":"","background-image":"","background-repeat":"repeat","background-position":"center center","background-size":"auto","background-attachment":"scroll","background-type":"","background-media":"","overlay-type":"","overlay-color":"","overlay-opacity":"","overlay-gradient":""},"mobile":{"background-color":"","background-image":"","background-repeat":"repeat","background-position":"center center","background-size":"auto","background-attachment":"scroll","background-type":"","background-media":"","overlay-type":"","overlay-color":"","overlay-opacity":"","overlay-gradient":""}},"ast-content-background-meta":{"desktop":{"background-color":"var(--ast-global-color-5)","background-image":"","background-repeat":"repeat","background-position":"center center","background-size":"auto","background-attachment":"scroll","background-type":"","background-media":"","overlay-type":"","overlay-color":"","overlay-opacity":"","overlay-gradient":""},"tablet":{"background-color":"var(--ast-global-color-5)","background-image":"","background-repeat":"repeat","background-position":"center center","background-size":"auto","background-attachment":"scroll","background-type":"","background-media":"","overlay-type":"","overlay-color":"","overlay-opacity":"","overlay-gradient":""},"mobile":{"background-color":"var(--ast-global-color-5)","background-image":"","background-repeat":"repeat","background-position":"center center","background-size":"auto","background-attachment":"scroll","background-type":"","background-media":"","overlay-type":"","overlay-color":"","overlay-opacity":"","overlay-gradient":""}},"footnotes":""},"class_list":["post-57","page","type-page","status-publish","hentry"],"_links":{"self":[{"href":"https:\/\/cristoredentor.es\/index.php?rest_route=\/wp\/v2\/pages\/57","targetHints":{"allow":["GET"]}}],"collection":[{"href":"https:\/\/cristoredentor.es\/index.php?rest_route=\/wp\/v2\/pages"}],"about":[{"href":"https:\/\/cristoredentor.es\/index.php?rest_route=\/wp\/v2\/types\/page"}],"author":[{"embeddable":true,"href":"https:\/\/cristoredentor.es\/index.php?rest_route=\/wp\/v2\/users\/1"}],"replies":[{"embeddable":true,"href":"https:\/\/cristoredentor.es\/index.php?rest_route=%2Fwp%2Fv2%2Fcomments&post=57"}],"version-history":[{"count":4,"href":"https:\/\/cristoredentor.es\/index.php?rest_route=\/wp\/v2\/pages\/57\/revisions"}],"predecessor-version":[{"id":1398,"href":"https:\/\/cristoredentor.es\/index.php?rest_route=\/wp\/v2\/pages\/57\/revisions\/1398"}],"wp:attachment":[{"href":"https:\/\/cristoredentor.es\/index.php?rest_route=%2Fwp%2Fv2%2Fmedia&parent=57"}],"curies":[{"name":"wp","href":"https:\/\/api.w.org\/{rel}","templated":true}]}}