{"id":604,"date":"2019-09-22T14:46:44","date_gmt":"2019-09-22T12:46:44","guid":{"rendered":"https:\/\/cristoredentor.es\/?page_id=604"},"modified":"2019-10-15T22:57:52","modified_gmt":"2019-10-15T20:57:52","slug":"06-grupo-de-camino-parroquial-con-inmigrantes","status":"publish","type":"page","link":"https:\/\/cristoredentor.es\/?page_id=604","title":{"rendered":"06 CAMINO PARROQUIAL CON INMIGRANTES"},"content":{"rendered":"\n<div id=\"cc-m-5633403616\" class=\"j-module n j-text \">\n<p>\u00a0<\/p>\n<h1><strong>SOMOS<\/strong><\/h1>\n<p>Un peque\u00f1o grupo de personas, <strong>preocupado por la acogida y atenci\u00f3n integral a las<\/strong> <strong>personas inmigrantes.<\/strong> Trabajamos tambi\u00e9n por la <strong>promoci\u00f3n<\/strong> de aquellas que,\u00a0 por distintas razones, est\u00e1n con nosotros.<\/p>\n<p><strong>\u00a0<\/strong><\/p>\n<h1><strong>NUESTRO SERVICIO CONSISTE EN<\/strong><\/h1>\n<p><strong>Querer<\/strong>, como Iglesia que somos en general y como Parroquia de Cristo Redentor en particular, <strong>iniciar un grupo de acompa\u00f1amiento con los inmigrantes que<\/strong> <strong>est\u00e1n<\/strong> <strong>en nuestra comunidad parroquial.<\/strong> Revivir sus experiencias religiosas, culturales y folkl\u00f3ricas con nosotros. Acogerlos y hacer nuestras sus alegr\u00edas y sufrimientos, gozos y penas,\u00a0 porque todos somos Iglesia.<\/p>\n<p>\u00a0<\/p>\n<h1>\u00a0<\/h1>\n<h1>NUESTROS OBJETIVOS SON<\/h1>\n<p>&#8211; Descubrir cu\u00e1ntos inmigrantes viven entre nosotros.<\/p>\n<p>&#8211; <strong>Trabajar o, mejor dicho, acompa\u00f1ar y compartir experiencias sociales, religiosas, educativas, socio-caritativas de nuestros hermanos inmigrantes que est\u00e1n entre\u00a0 nosotros. Ser respetuosos<\/strong> con su cultura y sus tradiciones, muchas de ellas religiosas pero que queremos hacerlas nuestras y compartir sus fiestas.<\/p>\n<p><strong>\u00a0<\/strong><\/p>\n<p><strong>\u00a0<\/strong><\/p>\n<h1><strong>NOS REUNIMOS<\/strong><\/h1>\n<p>en los <strong>locales parroquiales. Variable.<\/strong><\/p>\n<p>\u00a0<\/p>\n<\/div>\n","protected":false},"excerpt":{"rendered":"<p>\u00a0 SOMOS Un peque\u00f1o grupo de personas, preocupado por la acogida y atenci\u00f3n integral a las personas inmigrantes. Trabajamos tambi\u00e9n por la promoci\u00f3n de aquellas que,\u00a0 por distintas razones, est\u00e1n con nosotros. \u00a0 NUESTRO SERVICIO CONSISTE EN Querer, como Iglesia que somos en general y como Parroquia de Cristo Redentor en particular, iniciar un grupo [&hellip;]<\/p>\n","protected":false},"author":1,"featured_media":0,"parent":0,"menu_order":0,"comment_status":"closed","ping_status":"closed","template":"","meta":{"site-sidebar-layout":"default","site-content-layout":"","ast-site-content-layout":"default","site-content-style":"default","site-sidebar-style":"default","ast-global-header-display":"","ast-banner-title-visibility":"","ast-main-header-display":"","ast-hfb-above-header-display":"","ast-hfb-below-header-display":"","ast-hfb-mobile-header-display":"","site-post-title":"","ast-breadcrumbs-content":"","ast-featured-img":"","footer-sml-layout":"","ast-disable-related-posts":"","theme-transparent-header-meta":"","adv-header-id-meta":"","stick-header-meta":"","header-above-stick-meta":"","header-main-stick-meta":"","header-below-stick-meta":"","astra-migrate-meta-layouts":"default","ast-page-background-enabled":"default","ast-page-background-meta":{"desktop":{"background-color":"var(--ast-global-color-4)","background-image":"","background-repeat":"repeat","background-position":"center center","background-size":"auto","background-attachment":"scroll","background-type":"","background-media":"","overlay-type":"","overlay-color":"","overlay-opacity":"","overlay-gradient":""},"tablet":{"background-color":"","background-image":"","background-repeat":"repeat","background-position":"center center","background-size":"auto","background-attachment":"scroll","background-type":"","background-media":"","overlay-type":"","overlay-color":"","overlay-opacity":"","overlay-gradient":""},"mobile":{"background-color":"","background-image":"","background-repeat":"repeat","background-position":"center center","background-size":"auto","background-attachment":"scroll","background-type":"","background-media":"","overlay-type":"","overlay-color":"","overlay-opacity":"","overlay-gradient":""}},"ast-content-background-meta":{"desktop":{"background-color":"var(--ast-global-color-5)","background-image":"","background-repeat":"repeat","background-position":"center center","background-size":"auto","background-attachment":"scroll","background-type":"","background-media":"","overlay-type":"","overlay-color":"","overlay-opacity":"","overlay-gradient":""},"tablet":{"background-color":"var(--ast-global-color-5)","background-image":"","background-repeat":"repeat","background-position":"center center","background-size":"auto","background-attachment":"scroll","background-type":"","background-media":"","overlay-type":"","overlay-color":"","overlay-opacity":"","overlay-gradient":""},"mobile":{"background-color":"var(--ast-global-color-5)","background-image":"","background-repeat":"repeat","background-position":"center center","background-size":"auto","background-attachment":"scroll","background-type":"","background-media":"","overlay-type":"","overlay-color":"","overlay-opacity":"","overlay-gradient":""}},"footnotes":""},"class_list":["post-604","page","type-page","status-publish","hentry"],"_links":{"self":[{"href":"https:\/\/cristoredentor.es\/index.php?rest_route=\/wp\/v2\/pages\/604","targetHints":{"allow":["GET"]}}],"collection":[{"href":"https:\/\/cristoredentor.es\/index.php?rest_route=\/wp\/v2\/pages"}],"about":[{"href":"https:\/\/cristoredentor.es\/index.php?rest_route=\/wp\/v2\/types\/page"}],"author":[{"embeddable":true,"href":"https:\/\/cristoredentor.es\/index.php?rest_route=\/wp\/v2\/users\/1"}],"replies":[{"embeddable":true,"href":"https:\/\/cristoredentor.es\/index.php?rest_route=%2Fwp%2Fv2%2Fcomments&post=604"}],"version-history":[{"count":2,"href":"https:\/\/cristoredentor.es\/index.php?rest_route=\/wp\/v2\/pages\/604\/revisions"}],"predecessor-version":[{"id":1340,"href":"https:\/\/cristoredentor.es\/index.php?rest_route=\/wp\/v2\/pages\/604\/revisions\/1340"}],"wp:attachment":[{"href":"https:\/\/cristoredentor.es\/index.php?rest_route=%2Fwp%2Fv2%2Fmedia&parent=604"}],"curies":[{"name":"wp","href":"https:\/\/api.w.org\/{rel}","templated":true}]}}