{"id":606,"date":"2019-09-22T14:48:11","date_gmt":"2019-09-22T12:48:11","guid":{"rendered":"https:\/\/cristoredentor.es\/?page_id=606"},"modified":"2019-10-15T22:58:07","modified_gmt":"2019-10-15T20:58:07","slug":"07-grupo-pastoral-de-la-salud","status":"publish","type":"page","link":"https:\/\/cristoredentor.es\/?page_id=606","title":{"rendered":"07 PASTORAL DE LA SALUD"},"content":{"rendered":"\n<h1><strong>SOMOS<\/strong><\/h1>\n<p>un <strong>grupo que visitamos y acompa\u00f1amos a personas mayores y enfermas en sus domicilios o residencias, siguiendo el ejemplo del Se\u00f1or Jes\u00fas<\/strong> que acog\u00eda a enfermos y necesitados.<\/p>\n<p>\u00a0<\/p>\n<h1><strong>NUESTRO SERVICIO CONSISTE EN<\/strong><\/h1>\n<p class=\"Contenidodelatabla\">&#8211;\u00a0Una <strong>reuni\u00f3n mensual<\/strong> <strong>donde reflexionamos, nos preparamos y<\/strong><\/p>\n<p class=\"Contenidodelatabla\"><strong>\u00a0 \u00a0 programamos<\/strong> las actividades.<\/p>\n<p class=\"Contenidodelatabla\">&#8211;\u00a0<strong>Visitamos a las personas mayores y enfermas<\/strong>, tanto en sus<\/p>\n<p class=\"Contenidodelatabla\">\u00a0 \u00a0 hogares como en la residencia de la tercera edad de Parquesol.<\/p>\n<p class=\"Contenidodelatabla\">&#8211;\u00a0<strong>Llevamos la Comuni\u00f3n<\/strong> a las personas que no pueden desplazarse<\/p>\n<p class=\"Contenidodelatabla\">\u00a0 \u00a0 a la Iglesia por motivo de enfermedad. <strong>Si alguien quiere recibirla<\/strong><\/p>\n<p class=\"Contenidodelatabla\"><strong>\u00a0 \u00a0 que nos lo diga.<\/strong><\/p>\n<p class=\"Contenidodelatabla\">&#8211;\u00a0<strong>Preparamos la Semana Parroquial del Enfermo<\/strong> con distintas<\/p>\n<p class=\"Contenidodelatabla\">\u00a0 \u00a0 actividades, entre ellas una <strong>celebraci\u00f3n de la Unci\u00f3n de los<\/strong><\/p>\n<p class=\"Contenidodelatabla\"><strong>\u00a0 \u00a0 Enfermos<\/strong> en la parroquia y en la residencia de la tercera edad de<\/p>\n<p class=\"Contenidodelatabla\">\u00a0 \u00a0 Parquesol.<\/p>\n<p class=\"Contenidodelatabla\">&#8211;\u00a0Los domingos participamos en la <strong>Eucarist\u00eda de la residencia de la<\/strong><\/p>\n<p class=\"Contenidodelatabla\"><strong>\u00a0 \u00a0 tercera edad<\/strong> de Parquesol.\u00a0\u00a0<\/p>\n<p class=\"Contenidodelatabla\">&#8211;\u00a0En fechas se\u00f1aladas como <strong>Navidad y Pascua organizamos<\/strong><\/p>\n<p class=\"Contenidodelatabla\"><strong>\u00a0 \u00a0 diversas celebraciones.<\/strong><\/p>\n<p class=\"Contenidodelatabla\">&#8211;\u00a0Todos los <strong>jueves<\/strong> normalmente <strong>nos reunimos con un grupo de<\/strong><\/p>\n<p class=\"Contenidodelatabla\"><strong>\u00a0 \u00a0 personas mayores de la residencia para rezar, cantar y<\/strong><\/p>\n<p class=\"Contenidodelatabla\"><strong>\u00a0 \u00a0 compartir experiencias.<\/strong><\/p>\n<p><strong>\u00a0<\/strong><strong>\u00a0<\/strong><\/p>\n<h1><strong>NUESTROS OBJETIVOS SON<\/strong><\/h1>\n<p>&#8211;\u00a0<strong>Proporcionar a las personas mayores y enfermos un poco de<\/strong><\/p>\n<p><strong>\u00a0 \u00a0 compa\u00f1\u00eda.<\/strong><\/p>\n<p>&#8211;\u00a0<strong>Ayudarles a descubrir el valor de la Fe en esta etapa de su vida.<\/strong><\/p>\n<p>&#8211;\u00a0<strong>Hacer que se sientan valorados y acogidos por la Comunidad<\/strong><\/p>\n<p><strong>\u00a0 \u00a0 Parroquial.<\/strong><\/p>\n<p>&#8211;\u00a0<strong>Transmitirles que no est\u00e1n solos y que su vida es importante.<\/strong><\/p>\n<p><strong>\u00a0<\/strong><strong>\u00a0<\/strong><\/p>\n<h1><strong>NOS REUNIMOS<\/strong><\/h1>\n<p>en los salones parroquiales normalmente el <strong>primer y\u00a0tercer lunes de cada mes a las 6 de la tarde. Os animamos a colaborar con nosotros.<\/strong><\/p>\n","protected":false},"excerpt":{"rendered":"<p>SOMOS un grupo que visitamos y acompa\u00f1amos a personas mayores y enfermas en sus domicilios o residencias, siguiendo el ejemplo del Se\u00f1or Jes\u00fas que acog\u00eda a enfermos y necesitados. \u00a0 NUESTRO SERVICIO CONSISTE EN &#8211;\u00a0Una reuni\u00f3n mensual donde reflexionamos, nos preparamos y \u00a0 \u00a0 programamos las actividades. &#8211;\u00a0Visitamos a las personas mayores y enfermas, tanto [&hellip;]<\/p>\n","protected":false},"author":1,"featured_media":0,"parent":0,"menu_order":0,"comment_status":"closed","ping_status":"closed","template":"","meta":{"site-sidebar-layout":"default","site-content-layout":"","ast-site-content-layout":"default","site-content-style":"default","site-sidebar-style":"default","ast-global-header-display":"","ast-banner-title-visibility":"","ast-main-header-display":"","ast-hfb-above-header-display":"","ast-hfb-below-header-display":"","ast-hfb-mobile-header-display":"","site-post-title":"","ast-breadcrumbs-content":"","ast-featured-img":"","footer-sml-layout":"","ast-disable-related-posts":"","theme-transparent-header-meta":"","adv-header-id-meta":"","stick-header-meta":"","header-above-stick-meta":"","header-main-stick-meta":"","header-below-stick-meta":"","astra-migrate-meta-layouts":"default","ast-page-background-enabled":"default","ast-page-background-meta":{"desktop":{"background-color":"var(--ast-global-color-4)","background-image":"","background-repeat":"repeat","background-position":"center center","background-size":"auto","background-attachment":"scroll","background-type":"","background-media":"","overlay-type":"","overlay-color":"","overlay-opacity":"","overlay-gradient":""},"tablet":{"background-color":"","background-image":"","background-repeat":"repeat","background-position":"center center","background-size":"auto","background-attachment":"scroll","background-type":"","background-media":"","overlay-type":"","overlay-color":"","overlay-opacity":"","overlay-gradient":""},"mobile":{"background-color":"","background-image":"","background-repeat":"repeat","background-position":"center center","background-size":"auto","background-attachment":"scroll","background-type":"","background-media":"","overlay-type":"","overlay-color":"","overlay-opacity":"","overlay-gradient":""}},"ast-content-background-meta":{"desktop":{"background-color":"var(--ast-global-color-5)","background-image":"","background-repeat":"repeat","background-position":"center center","background-size":"auto","background-attachment":"scroll","background-type":"","background-media":"","overlay-type":"","overlay-color":"","overlay-opacity":"","overlay-gradient":""},"tablet":{"background-color":"var(--ast-global-color-5)","background-image":"","background-repeat":"repeat","background-position":"center center","background-size":"auto","background-attachment":"scroll","background-type":"","background-media":"","overlay-type":"","overlay-color":"","overlay-opacity":"","overlay-gradient":""},"mobile":{"background-color":"var(--ast-global-color-5)","background-image":"","background-repeat":"repeat","background-position":"center center","background-size":"auto","background-attachment":"scroll","background-type":"","background-media":"","overlay-type":"","overlay-color":"","overlay-opacity":"","overlay-gradient":""}},"footnotes":""},"class_list":["post-606","page","type-page","status-publish","hentry"],"_links":{"self":[{"href":"https:\/\/cristoredentor.es\/index.php?rest_route=\/wp\/v2\/pages\/606","targetHints":{"allow":["GET"]}}],"collection":[{"href":"https:\/\/cristoredentor.es\/index.php?rest_route=\/wp\/v2\/pages"}],"about":[{"href":"https:\/\/cristoredentor.es\/index.php?rest_route=\/wp\/v2\/types\/page"}],"author":[{"embeddable":true,"href":"https:\/\/cristoredentor.es\/index.php?rest_route=\/wp\/v2\/users\/1"}],"replies":[{"embeddable":true,"href":"https:\/\/cristoredentor.es\/index.php?rest_route=%2Fwp%2Fv2%2Fcomments&post=606"}],"version-history":[{"count":2,"href":"https:\/\/cristoredentor.es\/index.php?rest_route=\/wp\/v2\/pages\/606\/revisions"}],"predecessor-version":[{"id":1341,"href":"https:\/\/cristoredentor.es\/index.php?rest_route=\/wp\/v2\/pages\/606\/revisions\/1341"}],"wp:attachment":[{"href":"https:\/\/cristoredentor.es\/index.php?rest_route=%2Fwp%2Fv2%2Fmedia&parent=606"}],"curies":[{"name":"wp","href":"https:\/\/api.w.org\/{rel}","templated":true}]}}