{"id":608,"date":"2019-09-22T14:49:29","date_gmt":"2019-09-22T12:49:29","guid":{"rendered":"https:\/\/cristoredentor.es\/?page_id=608"},"modified":"2019-10-15T23:09:08","modified_gmt":"2019-10-15T21:09:08","slug":"08-01-grupo-de-renovacion-carismatica-catolica","status":"publish","type":"page","link":"https:\/\/cristoredentor.es\/?page_id=608","title":{"rendered":"08-01 RENOVACI\u00d3N CARISM\u00c1TICA CAT\u00d3LICA"},"content":{"rendered":"\n<div id=\"cc-m-5636750816\" class=\"j-module n j-header \">\n<h1 id=\"cc-m-header-5636750816\" class=\"\">08-01 RENOVACI\u00d3N CARISM\u00c1TICA CAT\u00d3LICA<\/h1>\n<\/div>\n<div id=\"cc-m-5657071116\" class=\"j-module n j-text \">\n<p>\u00a0<\/p>\n<h1>SOMOS<\/h1>\n<p>Un <strong>grupo que pertenecemos a la Renovaci\u00f3n Carism\u00e1tica Cat\u00f3lica<\/strong>.<\/p>\n<p>La <strong>Renovaci\u00f3n Carism\u00e1tica Cat\u00f3lica en Espa\u00f1a (RCCE) es una Asociaci\u00f3n privada de fieles con personalidad jur\u00eddica, erigida por la Conferencia Episcopal Espa\u00f1ola<\/strong> en su LXXXII Asamblea Plenaria, de 3 a 7 de mayo de 2004, que se rige por sus estatutos y por las dem\u00e1s disposiciones can\u00f3nicas que le sean de aplicaci\u00f3n.<\/p>\n<p>Para comprender la Renovaci\u00f3n en el Esp\u00edritu, hay que asomarse a la <strong>experiencia de los Ap\u00f3stoles en Pentecost\u00e9s<\/strong>. El Cen\u00e1culo es el lugar donde los cristianos se dejan transformar por la oraci\u00f3n, en torno a Mar\u00eda, para acoger el Esp\u00edritu. Y es tambi\u00e9n el lugar de donde salen para llevar \u201chasta los confines de la tierra\u201d el fuego de Pentecost\u00e9s. <strong>La misi\u00f3n de la Renovaci\u00f3n Carism\u00e1tica es hacer presente hoy en el mundo la experiencia de Pentecost\u00e9s.<\/strong> Confirma as\u00ed su vocaci\u00f3n de servicio a la Iglesia, que fue enriquecida con los carismas del Esp\u00edritu desde su nacimiento en el Cen\u00e1culo.<\/p>\n<p>\u00a0<\/p>\n<p>\u201cES UNA MANIFESTACI\u00d3N ELOCUENTE DE LA VITALIDAD SIEMPRE JOVEN DE LA IGLESIA, UNA EXPRESI\u00d3N VIGOROSA DE LO QUE EL ESP\u00cdRITU EST\u00c1 DICIENDO A LAS IGLESIAS AL FINAL DEL SEGUNDO MILENIO.\u201d\u00a0 Juan Pablo II<\/p>\n<p>\u00a0<\/p>\n<p>La Renovaci\u00f3n Carism\u00e1tica es \u201cuna corriente de gracia\u201d que renueva en la sociedad actual los dones y carismas de la primera comunidad cristiana. Personas de todas las clases sociales y todas las pobrezas descubren a Cristo no c\u00f3mo un Dios lejano que se encarn\u00f3 un d\u00eda en la Historia, sino como alguien vivo y resucitado que es centro de su vida.<\/p>\n<p>Sin fundador, sin especiales compromisos, la Renovaci\u00f3n nos ha permitido descubrir de nuevo esa profundidad del coraz\u00f3n donde Dios vive. Y, con ella, el asombro de las conversiones personales, el resurgir de la oraci\u00f3n, la lectura enriquecedora de la Biblia y la liberaci\u00f3n alegre de la alabanza.<\/p>\n<p>\u00a0<\/p>\n<p><strong>En nuestra parroquia la forma un grupo de todas las edades y condiciones<\/strong>.<\/p>\n<p>\u00a0<\/p>\n<h1>NUESTRO SERVICIO CONSISTE EN<\/h1>\n<p>&#8211;\u00a0<strong>Vivimos la Buena Noticia del Evangelio dando al mundo un testimonio de luz y esperanza.<\/strong><\/p>\n<p>&#8211;\u00a0<strong>Promovemos la formaci\u00f3n espiritual<\/strong>\u00a0de sus miembros\u00a0<strong>para una participaci\u00f3n cada vez mayor en la misi\u00f3n evangelizadora de la Iglesia<\/strong>\u00a0y para una presencia viva en los diversos campos eclesiales\u00a0<strong>y en la sociedad como luz, sal y fermento.<\/strong><\/p>\n<p>&#8211;\u00a0Nos formamos a trav\u00e9s de:\u00a0<strong>seminarios de vida en el Esp\u00edritu, reuniones semanales del grupo de oraci\u00f3n, asambleas regionales y nacionales.<\/strong><\/p>\n<p>\u00a0<\/p>\n<h1>NUESTROS OBJETIVOS SON<\/h1>\n<p><strong>a)\u00a0<\/strong><strong>Redescubrir la gracia bautismal y la propia identidad cristiana.<\/strong><\/p>\n<p><strong>b)\u00a0<\/strong><strong>La conversi\u00f3n continua, acomodando lo m\u00e1s posible la propia vida a la exigencia del Evangelio<\/strong>; conversi\u00f3n que es fruto de la experiencia del encuentro con Jes\u00fas vivo, de la gratuidad y de la filiaci\u00f3n divina.<\/p>\n<p><strong>c)\u00a0<\/strong><strong>Promover, entre sus miembros, el crecimiento progresivo en la santidad recibida en el bautismo.<\/strong><\/p>\n<p><strong>d)\u00a0<\/strong><strong>Proclamar el kerigma<\/strong>\u00a0en los grupos de la RCCE,\u00a0<strong>el anuncio fundamental e \u00edntegro del mensaje de salvaci\u00f3n para la nueva evangelizaci\u00f3n<\/strong>\u00a0de sus miembros.<\/p>\n<p><strong>e)\u00a0<\/strong><strong>Fomentar una renovada y permanente efusi\u00f3n del Esp\u00edritu Santo<\/strong>, propiciando bajo su gu\u00eda una apertura a su presencia y a su poder con el ejercicio de sus dones y carismas.<\/p>\n<p><strong>f)\u00a0<\/strong><strong>Acentuar la formaci\u00f3n eclesial y carism\u00e1tica, para ejercer su vocaci\u00f3n de servicio en la Iglesia y en la sociedad.<\/strong><\/p>\n<p><strong>g)\u00a0P<\/strong><strong>romover y crear grupos de la RCCE.<\/strong><\/p>\n<p><strong>h)\u00a0<\/strong><strong>Colaborar en la b\u00fasqueda de la unidad de los cristianos<\/strong>, desde una actitud claramente ecum\u00e9nica y bajo la gu\u00eda de los pastores de la Iglesia.<\/p>\n<p>\u00a0<\/p>\n<p>\u00a0<\/p>\n<p>\u00a0<\/p>\n<h1>NOS REUNIMOS EN<\/h1>\n<p>\u00a0<\/p>\n<p>Nos reunimos\u00a0<strong>en la capilla del templo,<\/strong>\u00a0los lunes a las 19:30h, despu\u00e9s de la eucaristia.<\/p>\n<p>\u00a0<\/p>\n<\/div>\n","protected":false},"excerpt":{"rendered":"<p>08-01 RENOVACI\u00d3N CARISM\u00c1TICA CAT\u00d3LICA \u00a0 SOMOS Un grupo que pertenecemos a la Renovaci\u00f3n Carism\u00e1tica Cat\u00f3lica. La Renovaci\u00f3n Carism\u00e1tica Cat\u00f3lica en Espa\u00f1a (RCCE) es una Asociaci\u00f3n privada de fieles con personalidad jur\u00eddica, erigida por la Conferencia Episcopal Espa\u00f1ola en su LXXXII Asamblea Plenaria, de 3 a 7 de mayo de 2004, que se rige por sus [&hellip;]<\/p>\n","protected":false},"author":1,"featured_media":0,"parent":0,"menu_order":0,"comment_status":"closed","ping_status":"closed","template":"","meta":{"site-sidebar-layout":"default","site-content-layout":"","ast-site-content-layout":"default","site-content-style":"default","site-sidebar-style":"default","ast-global-header-display":"","ast-banner-title-visibility":"","ast-main-header-display":"","ast-hfb-above-header-display":"","ast-hfb-below-header-display":"","ast-hfb-mobile-header-display":"","site-post-title":"","ast-breadcrumbs-content":"","ast-featured-img":"","footer-sml-layout":"","ast-disable-related-posts":"","theme-transparent-header-meta":"","adv-header-id-meta":"","stick-header-meta":"","header-above-stick-meta":"","header-main-stick-meta":"","header-below-stick-meta":"","astra-migrate-meta-layouts":"default","ast-page-background-enabled":"default","ast-page-background-meta":{"desktop":{"background-color":"var(--ast-global-color-4)","background-image":"","background-repeat":"repeat","background-position":"center center","background-size":"auto","background-attachment":"scroll","background-type":"","background-media":"","overlay-type":"","overlay-color":"","overlay-opacity":"","overlay-gradient":""},"tablet":{"background-color":"","background-image":"","background-repeat":"repeat","background-position":"center center","background-size":"auto","background-attachment":"scroll","background-type":"","background-media":"","overlay-type":"","overlay-color":"","overlay-opacity":"","overlay-gradient":""},"mobile":{"background-color":"","background-image":"","background-repeat":"repeat","background-position":"center center","background-size":"auto","background-attachment":"scroll","background-type":"","background-media":"","overlay-type":"","overlay-color":"","overlay-opacity":"","overlay-gradient":""}},"ast-content-background-meta":{"desktop":{"background-color":"var(--ast-global-color-5)","background-image":"","background-repeat":"repeat","background-position":"center center","background-size":"auto","background-attachment":"scroll","background-type":"","background-media":"","overlay-type":"","overlay-color":"","overlay-opacity":"","overlay-gradient":""},"tablet":{"background-color":"var(--ast-global-color-5)","background-image":"","background-repeat":"repeat","background-position":"center center","background-size":"auto","background-attachment":"scroll","background-type":"","background-media":"","overlay-type":"","overlay-color":"","overlay-opacity":"","overlay-gradient":""},"mobile":{"background-color":"var(--ast-global-color-5)","background-image":"","background-repeat":"repeat","background-position":"center center","background-size":"auto","background-attachment":"scroll","background-type":"","background-media":"","overlay-type":"","overlay-color":"","overlay-opacity":"","overlay-gradient":""}},"footnotes":""},"class_list":["post-608","page","type-page","status-publish","hentry"],"_links":{"self":[{"href":"https:\/\/cristoredentor.es\/index.php?rest_route=\/wp\/v2\/pages\/608","targetHints":{"allow":["GET"]}}],"collection":[{"href":"https:\/\/cristoredentor.es\/index.php?rest_route=\/wp\/v2\/pages"}],"about":[{"href":"https:\/\/cristoredentor.es\/index.php?rest_route=\/wp\/v2\/types\/page"}],"author":[{"embeddable":true,"href":"https:\/\/cristoredentor.es\/index.php?rest_route=\/wp\/v2\/users\/1"}],"replies":[{"embeddable":true,"href":"https:\/\/cristoredentor.es\/index.php?rest_route=%2Fwp%2Fv2%2Fcomments&post=608"}],"version-history":[{"count":3,"href":"https:\/\/cristoredentor.es\/index.php?rest_route=\/wp\/v2\/pages\/608\/revisions"}],"predecessor-version":[{"id":1361,"href":"https:\/\/cristoredentor.es\/index.php?rest_route=\/wp\/v2\/pages\/608\/revisions\/1361"}],"wp:attachment":[{"href":"https:\/\/cristoredentor.es\/index.php?rest_route=%2Fwp%2Fv2%2Fmedia&parent=608"}],"curies":[{"name":"wp","href":"https:\/\/api.w.org\/{rel}","templated":true}]}}