{"id":610,"date":"2019-09-22T14:50:49","date_gmt":"2019-09-22T12:50:49","guid":{"rendered":"https:\/\/cristoredentor.es\/?page_id=610"},"modified":"2019-10-15T23:00:07","modified_gmt":"2019-10-15T21:00:07","slug":"08-02-grupo-de-espiritualidad-y-vida","status":"publish","type":"page","link":"https:\/\/cristoredentor.es\/?page_id=610","title":{"rendered":"08-02 FORMACI\u00d3N \u00abESPIRITUALIDAD Y VIDA\u00bb"},"content":{"rendered":"\n<div id=\"cc-m-5636752616\" class=\"j-module n j-text \">\n<h1><strong>SOMOS<\/strong><\/h1>\n<p>Un grupo <strong>abierto a todas las personas.<\/strong> Tienes un lugar para ti. Con necesidad de <strong>crecer y formarnos espiritualmente<\/strong> y con deseos de <strong>actualizar nuestra vida a la luz del Evangelio.<\/strong><\/p>\n<p>\u00a0<\/p>\n<p><strong>\u00a0<\/strong><\/p>\n<p><strong>\u00a0<\/strong><\/p>\n<h1><strong>NUESTRO SERVICIO CONSISTE EN<\/strong><\/h1>\n<p>\u00a0<\/p>\n<p>Con un m\u00e9todo sencillo:<\/p>\n<p>&#8211;\u00a0<strong>Utilizar la Biblia, los medios de comunicaci\u00f3n social, las<\/strong><\/p>\n<p><strong>\u00a0 \u00a0 oraciones, otros documentos\u2026 y nuestra vida.<\/strong><\/p>\n<p>&#8211;\u00a0Desde una <strong>lectura creyente de la realidad<\/strong> que provoque la<\/p>\n<p>\u00a0 \u00a0 conversi\u00f3n personal y un compromiso fraterno.<\/p>\n<p>&#8211;\u00a0<strong>Compartiendo hechos de vida a la luz del Evangelio.<\/strong><\/p>\n<p><strong>\u00a0<\/strong><\/p>\n<p><strong>\u00a0<\/strong><\/p>\n<h1><strong>NUESTROS OBJETIVOS SON<\/strong><\/h1>\n<p>\u00a0<\/p>\n<p>Proponemos:<\/p>\n<p><strong>&#8211; Orar juntos en comunidad.<\/strong><\/p>\n<p>&#8211;\u00a0<strong>Partir de nuestros conocimientos aprendidos.<\/strong><\/p>\n<p>&#8211;\u00a0<strong>Crecer personalmente y buscar responsablemente<\/strong> (Jn 3,1-21).<\/p>\n<p>&#8211;\u00a0<strong>Descubrir el paso liberador de Dios en la vida<\/strong> y en nuestra<\/p>\n<p>\u00a0 \u00a0 realidad concreta.<\/p>\n<p>&#8211;\u00a0<strong>Formarnos espiritualmente<\/strong> para una comunicaci\u00f3n con Dios y con<\/p>\n<p>\u00a0 \u00a0 los hermanos.<\/p>\n<p>&#8211;\u00a0<strong>Propiciar una experiencia de encuentro personal con el Se\u00f1or,<\/strong><\/p>\n<p><strong>\u00a0 \u00a0 que nos lleve a hacer\u00a0 vida los valores evang\u00e9licos.<\/strong> Abiertos a<\/p>\n<p>\u00a0 \u00a0 un T\u00fa en ti.<\/p>\n<p><strong>\u00a0<\/strong><\/p>\n<p><strong>\u00a0<\/strong><\/p>\n<h1><strong>NOS REUNIMOS<\/strong><\/h1>\n<p>los <strong>viernes<\/strong>\u00a0en el templo\u00a0<strong>a las 7:30h de la tarde (a continuaci\u00f3n de la Eucarist\u00eda). Encuentro de oraci\u00f3n y formaci\u00f3n.<\/strong><\/p>\n<\/div>\n","protected":false},"excerpt":{"rendered":"<p>SOMOS Un grupo abierto a todas las personas. Tienes un lugar para ti. Con necesidad de crecer y formarnos espiritualmente y con deseos de actualizar nuestra vida a la luz del Evangelio. \u00a0 \u00a0 \u00a0 NUESTRO SERVICIO CONSISTE EN \u00a0 Con un m\u00e9todo sencillo: &#8211;\u00a0Utilizar la Biblia, los medios de comunicaci\u00f3n social, las \u00a0 \u00a0 [&hellip;]<\/p>\n","protected":false},"author":1,"featured_media":0,"parent":0,"menu_order":0,"comment_status":"closed","ping_status":"closed","template":"","meta":{"site-sidebar-layout":"default","site-content-layout":"","ast-site-content-layout":"default","site-content-style":"default","site-sidebar-style":"default","ast-global-header-display":"","ast-banner-title-visibility":"","ast-main-header-display":"","ast-hfb-above-header-display":"","ast-hfb-below-header-display":"","ast-hfb-mobile-header-display":"","site-post-title":"","ast-breadcrumbs-content":"","ast-featured-img":"","footer-sml-layout":"","ast-disable-related-posts":"","theme-transparent-header-meta":"","adv-header-id-meta":"","stick-header-meta":"","header-above-stick-meta":"","header-main-stick-meta":"","header-below-stick-meta":"","astra-migrate-meta-layouts":"default","ast-page-background-enabled":"default","ast-page-background-meta":{"desktop":{"background-color":"var(--ast-global-color-4)","background-image":"","background-repeat":"repeat","background-position":"center center","background-size":"auto","background-attachment":"scroll","background-type":"","background-media":"","overlay-type":"","overlay-color":"","overlay-opacity":"","overlay-gradient":""},"tablet":{"background-color":"","background-image":"","background-repeat":"repeat","background-position":"center center","background-size":"auto","background-attachment":"scroll","background-type":"","background-media":"","overlay-type":"","overlay-color":"","overlay-opacity":"","overlay-gradient":""},"mobile":{"background-color":"","background-image":"","background-repeat":"repeat","background-position":"center center","background-size":"auto","background-attachment":"scroll","background-type":"","background-media":"","overlay-type":"","overlay-color":"","overlay-opacity":"","overlay-gradient":""}},"ast-content-background-meta":{"desktop":{"background-color":"var(--ast-global-color-5)","background-image":"","background-repeat":"repeat","background-position":"center center","background-size":"auto","background-attachment":"scroll","background-type":"","background-media":"","overlay-type":"","overlay-color":"","overlay-opacity":"","overlay-gradient":""},"tablet":{"background-color":"var(--ast-global-color-5)","background-image":"","background-repeat":"repeat","background-position":"center center","background-size":"auto","background-attachment":"scroll","background-type":"","background-media":"","overlay-type":"","overlay-color":"","overlay-opacity":"","overlay-gradient":""},"mobile":{"background-color":"var(--ast-global-color-5)","background-image":"","background-repeat":"repeat","background-position":"center center","background-size":"auto","background-attachment":"scroll","background-type":"","background-media":"","overlay-type":"","overlay-color":"","overlay-opacity":"","overlay-gradient":""}},"footnotes":""},"class_list":["post-610","page","type-page","status-publish","hentry"],"_links":{"self":[{"href":"https:\/\/cristoredentor.es\/index.php?rest_route=\/wp\/v2\/pages\/610","targetHints":{"allow":["GET"]}}],"collection":[{"href":"https:\/\/cristoredentor.es\/index.php?rest_route=\/wp\/v2\/pages"}],"about":[{"href":"https:\/\/cristoredentor.es\/index.php?rest_route=\/wp\/v2\/types\/page"}],"author":[{"embeddable":true,"href":"https:\/\/cristoredentor.es\/index.php?rest_route=\/wp\/v2\/users\/1"}],"replies":[{"embeddable":true,"href":"https:\/\/cristoredentor.es\/index.php?rest_route=%2Fwp%2Fv2%2Fcomments&post=610"}],"version-history":[{"count":3,"href":"https:\/\/cristoredentor.es\/index.php?rest_route=\/wp\/v2\/pages\/610\/revisions"}],"predecessor-version":[{"id":1344,"href":"https:\/\/cristoredentor.es\/index.php?rest_route=\/wp\/v2\/pages\/610\/revisions\/1344"}],"wp:attachment":[{"href":"https:\/\/cristoredentor.es\/index.php?rest_route=%2Fwp%2Fv2%2Fmedia&parent=610"}],"curies":[{"name":"wp","href":"https:\/\/api.w.org\/{rel}","templated":true}]}}