{"id":628,"date":"2019-09-22T14:56:42","date_gmt":"2019-09-22T12:56:42","guid":{"rendered":"https:\/\/cristoredentor.es\/?page_id=628"},"modified":"2019-10-15T23:02:12","modified_gmt":"2019-10-15T21:02:12","slug":"12-grupo-de-reflexion-dialogo-fe-cultura-y-sociedad","status":"publish","type":"page","link":"https:\/\/cristoredentor.es\/?page_id=628","title":{"rendered":"12 REFLEXI\u00d3N-DI\u00c1LOGO \u00abFE, CULTURA Y SOCIEDAD\u201d"},"content":{"rendered":"\n<div id=\"cc-m-5642419716\" class=\"j-module n j-text \">\n<h1 style=\"text-align: left;\"><span style=\"color: #000000;\"><strong>SOMOS<\/strong><\/span><\/h1>\n<p>\u00a0<\/p>\n<p style=\"text-align: justify;\"><strong>Un<\/strong> <strong>grupo de encuentro de reflexi\u00f3n<\/strong> <strong>desde diferentes saberes, que posibilite un di\u00e1logo desde la fe con la cultura y los acontecimientos actuales.<\/strong><\/p>\n<p style=\"text-align: justify;\"><strong>Queremos proyectar el di\u00e1logo fe-cultura hacia dentro y hacia fuera de nuestra Comunidad Parroquial.<\/strong><\/p>\n<p style=\"text-align: justify;\"><strong>\u00a0<\/strong><\/p>\n<p style=\"text-align: justify;\"><span style=\"color: #ff0000;\"><strong>\u00a0<\/strong><\/span><\/p>\n<h1 style=\"text-align: left;\"><span style=\"color: #000000;\"><strong>NUESTRO SERVICIO CONSISTE EN<\/strong><\/span><\/h1>\n<p>\u00a0<\/p>\n<p style=\"text-align: justify;\">&#8211;\u00a0<strong>Encontrarnos, profundizar y reflexionar<\/strong> sobre diferentes temas relacionados con los objetivos se\u00f1alados.<\/p>\n<p style=\"text-align: justify;\">&#8211;\u00a0 <strong>Formar a los Agentes de Pastoral<\/strong> desde charlas, encuentros, di\u00e1logos, debates para saber dar razones de nuestra fe, esperanza y amor.<\/p>\n<p style=\"text-align: justify;\">&#8211;\u00a0 <strong>Ayudar a crear opini\u00f3n sobre distintos temas hacia dentro y hacia fuera del \u00e1mbito religioso<\/strong>, mediante charlas, encuentros, etc.<\/p>\n<p style=\"text-align: justify;\"><strong>\u00a0<\/strong><\/p>\n<p style=\"text-align: justify;\"><span style=\"color: #ff0000;\"><strong>\u00a0<\/strong><\/span><\/p>\n<h1 style=\"text-align: left;\"><span style=\"color: #000000;\"><strong>NUESTROS OBJETIVOS SON<\/strong><\/span><\/h1>\n<p>\u00a0<\/p>\n<p style=\"text-align: justify;\"><strong>1. Entender nuestra cultura<\/strong> global y plural <strong>viendo qu\u00e9 planteamientos \u00e9ticos y morales se dan en ella.<\/strong><\/p>\n<p style=\"text-align: justify;\"><strong>2. Comentar, reflexionar y profundizar diversos art\u00edculos<\/strong> sobre temas relacionados con la <strong>Fe y la Cultura.<\/strong><\/p>\n<p style=\"text-align: justify;\"><strong>3. Aprender a vivir la fe cristiana desde un sano compromiso en la cultura actual.<\/strong><\/p>\n<p style=\"text-align: justify;\"><strong>4.<\/strong><strong>Acercarnos y conocer los planteamientos antropol\u00f3gicos<\/strong>, tanto de la experiencia cristiana como de nuestra sociedad.<\/p>\n<p style=\"text-align: justify;\"><strong>5.\u00a0<\/strong><strong>Dar razones de nuestra fe, de nuestra esperanza y de nuestro amor.<\/strong><\/p>\n<p style=\"text-align: justify;\"><strong>6.\u00a0<\/strong><strong>Crear \u00e1mbitos de opini\u00f3n<\/strong> desde el planteamiento cristiano.<\/p>\n<p style=\"text-align: justify;\"><strong>7.\u00a0<\/strong><strong>Inculturar la fe.<\/strong> \u201cLevadura en la masa\u201d.<\/p>\n<p style=\"text-align: justify;\"><strong>8.\u00a0<\/strong>Hacer y ayudar a <strong>hacer una<\/strong> <strong>\u201clectura creyente de la realidad\u201d.<\/strong><\/p>\n<p style=\"text-align: justify;\"><strong>9.\u00a0<\/strong><strong>Educar y formar<\/strong> a los miembros de la Comunidad en el <strong>di\u00e1logo fe-cultura-sociedad.<\/strong><\/p>\n<p style=\"text-align: justify;\"><strong>10.\u00a0<\/strong><strong>Crear opini\u00f3n \u201ccristiana\u201d<\/strong> desde foros fuera de la Comunidad y del \u00e1mbito religioso. <strong>Con respeto y rigor.<\/strong><\/p>\n<p style=\"text-align: justify;\"><strong>11.\u00a0<\/strong><strong>Educar y profundizar en la \u201cRazonabilidad\u201d de la fe.<\/strong><\/p>\n<p style=\"text-align: justify;\"><strong>12.\u00a0<\/strong><strong>Reflexi\u00f3n plural sobre el sentido de la vida y el hacer de la sociedad.<\/strong><\/p>\n<p style=\"text-align: justify;\"><strong>13.\u00a0<\/strong><strong>\u201c<em>Salir de los l\u00edmites de cada cultura para entrar en la universalidad que nos relaciona con todos, que nos une a todos y que nos hace a todos hermanos\u201d<\/em><\/strong> Benedicto XVI.<\/p>\n<p style=\"text-align: justify;\"><strong>14.\u00a0<\/strong><strong>Tener presente las distintas artes y<\/strong> <strong>saberes<\/strong> (literatura, m\u00fasica, pintura, arquitectura, escultura, etc.) que expresan mentalidad, tiempo y sentido. <strong>Tambi\u00e9n<\/strong> todo lo referente a <strong>los<\/strong> <strong>medios de comunicaci\u00f3n social.<\/strong><\/p>\n<p style=\"text-align: justify;\"><strong>15.\u00a0<\/strong><strong>\u201cSomos sociedad\u201d, no estamos en la sociedad.<\/strong><\/p>\n<p style=\"text-align: justify;\"><strong>16.\u00a0<\/strong><strong>Apertura positiva<\/strong> <strong>ante la cultura actual.<\/strong> Nuestra cultura: lugar y modo de evangelizaci\u00f3n. Descubrir lo positivo y negativo de nuestra cultura y la labor evangelizadora de la Iglesia. <em>Referencia: SAN PABLO.<\/em><\/p>\n<p style=\"text-align: justify;\"><em>\u00a0<\/em><\/p>\n<h1 style=\"text-align: left;\">NOS REUNIMOS<\/h1>\n<p style=\"line-height: 16.799999237060547px;\">normalmente una vez al mes los <strong>lunes a las 19:45h de la tarde.<\/strong><\/p>\n<\/div>\n","protected":false},"excerpt":{"rendered":"<p>SOMOS \u00a0 Un grupo de encuentro de reflexi\u00f3n desde diferentes saberes, que posibilite un di\u00e1logo desde la fe con la cultura y los acontecimientos actuales. Queremos proyectar el di\u00e1logo fe-cultura hacia dentro y hacia fuera de nuestra Comunidad Parroquial. \u00a0 \u00a0 NUESTRO SERVICIO CONSISTE EN \u00a0 &#8211;\u00a0Encontrarnos, profundizar y reflexionar sobre diferentes temas relacionados con [&hellip;]<\/p>\n","protected":false},"author":1,"featured_media":0,"parent":0,"menu_order":0,"comment_status":"closed","ping_status":"closed","template":"","meta":{"site-sidebar-layout":"default","site-content-layout":"","ast-site-content-layout":"default","site-content-style":"default","site-sidebar-style":"default","ast-global-header-display":"","ast-banner-title-visibility":"","ast-main-header-display":"","ast-hfb-above-header-display":"","ast-hfb-below-header-display":"","ast-hfb-mobile-header-display":"","site-post-title":"","ast-breadcrumbs-content":"","ast-featured-img":"","footer-sml-layout":"","ast-disable-related-posts":"","theme-transparent-header-meta":"","adv-header-id-meta":"","stick-header-meta":"","header-above-stick-meta":"","header-main-stick-meta":"","header-below-stick-meta":"","astra-migrate-meta-layouts":"default","ast-page-background-enabled":"default","ast-page-background-meta":{"desktop":{"background-color":"var(--ast-global-color-4)","background-image":"","background-repeat":"repeat","background-position":"center center","background-size":"auto","background-attachment":"scroll","background-type":"","background-media":"","overlay-type":"","overlay-color":"","overlay-opacity":"","overlay-gradient":""},"tablet":{"background-color":"","background-image":"","background-repeat":"repeat","background-position":"center center","background-size":"auto","background-attachment":"scroll","background-type":"","background-media":"","overlay-type":"","overlay-color":"","overlay-opacity":"","overlay-gradient":""},"mobile":{"background-color":"","background-image":"","background-repeat":"repeat","background-position":"center center","background-size":"auto","background-attachment":"scroll","background-type":"","background-media":"","overlay-type":"","overlay-color":"","overlay-opacity":"","overlay-gradient":""}},"ast-content-background-meta":{"desktop":{"background-color":"var(--ast-global-color-5)","background-image":"","background-repeat":"repeat","background-position":"center center","background-size":"auto","background-attachment":"scroll","background-type":"","background-media":"","overlay-type":"","overlay-color":"","overlay-opacity":"","overlay-gradient":""},"tablet":{"background-color":"var(--ast-global-color-5)","background-image":"","background-repeat":"repeat","background-position":"center center","background-size":"auto","background-attachment":"scroll","background-type":"","background-media":"","overlay-type":"","overlay-color":"","overlay-opacity":"","overlay-gradient":""},"mobile":{"background-color":"var(--ast-global-color-5)","background-image":"","background-repeat":"repeat","background-position":"center center","background-size":"auto","background-attachment":"scroll","background-type":"","background-media":"","overlay-type":"","overlay-color":"","overlay-opacity":"","overlay-gradient":""}},"footnotes":""},"class_list":["post-628","page","type-page","status-publish","hentry"],"_links":{"self":[{"href":"https:\/\/cristoredentor.es\/index.php?rest_route=\/wp\/v2\/pages\/628","targetHints":{"allow":["GET"]}}],"collection":[{"href":"https:\/\/cristoredentor.es\/index.php?rest_route=\/wp\/v2\/pages"}],"about":[{"href":"https:\/\/cristoredentor.es\/index.php?rest_route=\/wp\/v2\/types\/page"}],"author":[{"embeddable":true,"href":"https:\/\/cristoredentor.es\/index.php?rest_route=\/wp\/v2\/users\/1"}],"replies":[{"embeddable":true,"href":"https:\/\/cristoredentor.es\/index.php?rest_route=%2Fwp%2Fv2%2Fcomments&post=628"}],"version-history":[{"count":2,"href":"https:\/\/cristoredentor.es\/index.php?rest_route=\/wp\/v2\/pages\/628\/revisions"}],"predecessor-version":[{"id":1349,"href":"https:\/\/cristoredentor.es\/index.php?rest_route=\/wp\/v2\/pages\/628\/revisions\/1349"}],"wp:attachment":[{"href":"https:\/\/cristoredentor.es\/index.php?rest_route=%2Fwp%2Fv2%2Fmedia&parent=628"}],"curies":[{"name":"wp","href":"https:\/\/api.w.org\/{rel}","templated":true}]}}