{"id":832,"date":"2019-10-04T23:45:07","date_gmt":"2019-10-04T21:45:07","guid":{"rendered":"https:\/\/cristoredentor.es\/?page_id=832"},"modified":"2019-10-04T23:45:07","modified_gmt":"2019-10-04T21:45:07","slug":"colaboracion","status":"publish","type":"page","link":"https:\/\/cristoredentor.es\/?page_id=832","title":{"rendered":"Colaboraci\u00f3n"},"content":{"rendered":"\n<h1>Recogida de tapones<\/h1>\n<p>La parroquia recoge\u00a0<strong>tapones de pl\u00e1stico<\/strong>\u00a0<strong>para ayuda de una ni\u00f1a llamada Nerea con una enfermedad rara a\u00fan sin diagnosticar. No puede hablar ni caminar debido a un da\u00f1o cerebral.\u00a0<\/strong>Necesita para pagar distintas terapias.<\/p>\n<p>\u00a0<\/p>\n<p><strong>Gracias por su colaboraci\u00f3n.<\/strong><\/p>\n<h1>Recogida de libros para la biblioteca<\/h1>\n<p>Se recogen\u00a0<strong>libros educativos para la biblioteca parroquial<\/strong>.<\/p>\n<p>\u00a0<\/p>\n<p>Simplemente se pide que est\u00e9n en buen estado para poder ser utilizados por cualquier persona que se acerque a la biblioteca.<\/p>\n<p>\u00a0<\/p>\n<p><strong>Gracias por su colaboraci\u00f3n.<\/strong><\/p>\n","protected":false},"excerpt":{"rendered":"<p>Recogida de tapones La parroquia recoge\u00a0tapones de pl\u00e1stico\u00a0para ayuda de una ni\u00f1a llamada Nerea con una enfermedad rara a\u00fan sin diagnosticar. No puede hablar ni caminar debido a un da\u00f1o cerebral.\u00a0Necesita para pagar distintas terapias. \u00a0 Gracias por su colaboraci\u00f3n. Recogida de libros para la biblioteca Se recogen\u00a0libros educativos para la biblioteca parroquial. \u00a0 Simplemente [&hellip;]<\/p>\n","protected":false},"author":1,"featured_media":0,"parent":0,"menu_order":0,"comment_status":"closed","ping_status":"closed","template":"","meta":{"site-sidebar-layout":"default","site-content-layout":"","ast-site-content-layout":"default","site-content-style":"default","site-sidebar-style":"default","ast-global-header-display":"","ast-banner-title-visibility":"","ast-main-header-display":"","ast-hfb-above-header-display":"","ast-hfb-below-header-display":"","ast-hfb-mobile-header-display":"","site-post-title":"","ast-breadcrumbs-content":"","ast-featured-img":"","footer-sml-layout":"","ast-disable-related-posts":"","theme-transparent-header-meta":"","adv-header-id-meta":"","stick-header-meta":"","header-above-stick-meta":"","header-main-stick-meta":"","header-below-stick-meta":"","astra-migrate-meta-layouts":"default","ast-page-background-enabled":"default","ast-page-background-meta":{"desktop":{"background-color":"var(--ast-global-color-4)","background-image":"","background-repeat":"repeat","background-position":"center center","background-size":"auto","background-attachment":"scroll","background-type":"","background-media":"","overlay-type":"","overlay-color":"","overlay-opacity":"","overlay-gradient":""},"tablet":{"background-color":"","background-image":"","background-repeat":"repeat","background-position":"center center","background-size":"auto","background-attachment":"scroll","background-type":"","background-media":"","overlay-type":"","overlay-color":"","overlay-opacity":"","overlay-gradient":""},"mobile":{"background-color":"","background-image":"","background-repeat":"repeat","background-position":"center center","background-size":"auto","background-attachment":"scroll","background-type":"","background-media":"","overlay-type":"","overlay-color":"","overlay-opacity":"","overlay-gradient":""}},"ast-content-background-meta":{"desktop":{"background-color":"var(--ast-global-color-5)","background-image":"","background-repeat":"repeat","background-position":"center center","background-size":"auto","background-attachment":"scroll","background-type":"","background-media":"","overlay-type":"","overlay-color":"","overlay-opacity":"","overlay-gradient":""},"tablet":{"background-color":"var(--ast-global-color-5)","background-image":"","background-repeat":"repeat","background-position":"center center","background-size":"auto","background-attachment":"scroll","background-type":"","background-media":"","overlay-type":"","overlay-color":"","overlay-opacity":"","overlay-gradient":""},"mobile":{"background-color":"var(--ast-global-color-5)","background-image":"","background-repeat":"repeat","background-position":"center center","background-size":"auto","background-attachment":"scroll","background-type":"","background-media":"","overlay-type":"","overlay-color":"","overlay-opacity":"","overlay-gradient":""}},"footnotes":""},"class_list":["post-832","page","type-page","status-publish","hentry"],"_links":{"self":[{"href":"https:\/\/cristoredentor.es\/index.php?rest_route=\/wp\/v2\/pages\/832","targetHints":{"allow":["GET"]}}],"collection":[{"href":"https:\/\/cristoredentor.es\/index.php?rest_route=\/wp\/v2\/pages"}],"about":[{"href":"https:\/\/cristoredentor.es\/index.php?rest_route=\/wp\/v2\/types\/page"}],"author":[{"embeddable":true,"href":"https:\/\/cristoredentor.es\/index.php?rest_route=\/wp\/v2\/users\/1"}],"replies":[{"embeddable":true,"href":"https:\/\/cristoredentor.es\/index.php?rest_route=%2Fwp%2Fv2%2Fcomments&post=832"}],"version-history":[{"count":1,"href":"https:\/\/cristoredentor.es\/index.php?rest_route=\/wp\/v2\/pages\/832\/revisions"}],"predecessor-version":[{"id":833,"href":"https:\/\/cristoredentor.es\/index.php?rest_route=\/wp\/v2\/pages\/832\/revisions\/833"}],"wp:attachment":[{"href":"https:\/\/cristoredentor.es\/index.php?rest_route=%2Fwp%2Fv2%2Fmedia&parent=832"}],"curies":[{"name":"wp","href":"https:\/\/api.w.org\/{rel}","templated":true}]}}