{"id":851,"date":"2019-10-05T00:58:31","date_gmt":"2019-10-04T22:58:31","guid":{"rendered":"https:\/\/cristoredentor.es\/?page_id=851"},"modified":"2019-10-05T00:58:31","modified_gmt":"2019-10-04T22:58:31","slug":"documentacion-basica","status":"publish","type":"page","link":"https:\/\/cristoredentor.es\/?page_id=851","title":{"rendered":"Documentaci\u00f3n b\u00e1sica"},"content":{"rendered":"\n<ul id=\"mainNav2\" class=\"mainNav2\">\n<li id=\"cc-nav-view-2005890098\"><a class=\"current level_2\" href=\"https:\/\/www.cristoredentor.info\/inicio\/calendario-lit%C3%BArgico-pastoral-2018-2019-conferencia-episcopal-espa%C3%B1ola\/\">CALENDARIO LIT\u00daRGICO-PASTORAL 2018-2019 Conferencia Episcopal Espa\u00f1ola<\/a><\/li>\n<li id=\"cc-nav-view-1027564516\"><a class=\"level_2\" href=\"https:\/\/www.cristoredentor.info\/inicio\/enc%C3%ADclica-sobre-la-fe-lumen-fidei\/\">Enc\u00edclica sobre la fe \u00abLUMEN FIDEI\u00bb<\/a><\/li>\n<li id=\"cc-nav-view-1028361316\"><a class=\"level_2\" href=\"https:\/\/www.cristoredentor.info\/inicio\/exhortaci%C3%B3n-apost%C3%B3lica-evangelii-gaudium\/\">Exhortaci\u00f3n apost\u00f3lica \u00abEVANGELII GAUDIUM\u00bb<\/a><\/li>\n<li id=\"cc-nav-view-2005062098\"><a class=\"level_2\" href=\"https:\/\/www.cristoredentor.info\/inicio\/enc%C3%ADclica-papa-francisco-laudato-si\/\">ENC\u00cdCLICA PAPA FRANCISCO \u00abLaudato Si'\u00bb<\/a><\/li>\n<li id=\"cc-nav-view-2130390298\"><a class=\"level_2\" href=\"https:\/\/www.cristoredentor.info\/inicio\/carta-apost%C3%B3lica-misericordia-et-misera-papa-francisco\/\">Carta Apost\u00f3lica MISERICORDIA ET MISERA PAPA FRANCISCO<\/a><\/li>\n<li id=\"cc-nav-view-2092515798\"><a class=\"level_2\" href=\"https:\/\/www.cristoredentor.info\/inicio\/exhortaci%C3%B3n-apost%C3%B3lica-amoris-laetitia-la-alegr%C3%ADa-del-amor\/\">EXHORTACI\u00d3N APOST\u00d3LICA: Amoris Laetitia (La alegr\u00eda del amor)<\/a><\/li>\n<li id=\"cc-nav-view-2003208298\"><a class=\"level_2\" href=\"https:\/\/www.cristoredentor.info\/inicio\/documento-conferencia-episcopal-iglesia-servidora-de-los-pobres\/\">DOCUMENTO CONFERENCIA EPISCOPAL: Iglesia, servidora de los pobres<\/a><\/li>\n<li id=\"cc-nav-view-2129048198\"><a class=\"level_2\" href=\"https:\/\/www.cristoredentor.info\/inicio\/ad-resurgendum-cum-christo\/\">AD RESURGENDUM CUM CHRISTO<\/a><\/li>\n<li id=\"cc-nav-view-1993305198\"><a class=\"level_2\" href=\"https:\/\/www.cristoredentor.info\/inicio\/biblia\/\">BIBLIA<\/a><\/li>\n<li id=\"cc-nav-view-2212891798\"><a class=\"level_2\" href=\"https:\/\/www.cristoredentor.info\/inicio\/concilio-vaticano-ii\/\">Concilio VATICANO II<\/a><\/li>\n<li id=\"cc-nav-view-2211956598\"><a class=\"level_2\" href=\"https:\/\/www.cristoredentor.info\/inicio\/compendio-del-catecismo-de-la-iglesia-cat%C3%B3lica\/\">COMPENDIO DEL CATECISMO DE LA IGLESIA CAT\u00d3LICA<\/a><\/li>\n<li id=\"cc-nav-view-1993305298\"><a class=\"level_2\" href=\"https:\/\/www.cristoredentor.info\/inicio\/catecismo-de-la-iglesia-cat%C3%B3lica\/\">CATECISMO DE LA IGLESIA CAT\u00d3LICA<\/a><\/li>\n<li id=\"cc-nav-view-1993305398\"><a class=\"level_2\" href=\"https:\/\/www.cristoredentor.info\/inicio\/catecismo-jes%C3%BAs-es-el-se%C3%B1or\/\">Catecismo JES\u00daS ES EL SE\u00d1OR<\/a><\/li>\n<li id=\"cc-nav-view-1993305498\"><a class=\"level_2\" href=\"https:\/\/www.cristoredentor.info\/inicio\/catecismo-testigos-del-se%C3%B1or\/\">Catecismo TESTIGOS DEL SE\u00d1OR<\/a><\/li>\n<li id=\"cc-nav-view-1993305598\"><a class=\"level_2\" href=\"https:\/\/www.cristoredentor.info\/inicio\/catecismo-youcat\/\">Catecismo YOUCAT<\/a><\/li>\n<li id=\"cc-nav-view-2003721598\"><a class=\"level_2\" href=\"https:\/\/www.cristoredentor.info\/inicio\/directorio-general-de-catequesis\/\">DIRECTORIO GENERAL DE CATEQUESIS<\/a><\/li>\n<li id=\"cc-nav-view-1029153416\"><a class=\"level_2\" href=\"https:\/\/www.cristoredentor.info\/inicio\/directorio-diocesano-valladolid-de-los-sacramentos-de-la-iniciaci%C3%B3n-cristiana\/\">DIRECTORIO DIOCESANO (Valladolid) de los Sacramentos de la Iniciaci\u00f3n Cristiana<\/a><\/li>\n<li id=\"cc-nav-view-2126616598\"><a class=\"level_2\" href=\"https:\/\/www.cristoredentor.info\/inicio\/acci%C3%B3n-cat%C3%B3lica\/\">ACCI\u00d3N CAT\u00d3LICA<\/a><\/li>\n<li id=\"cc-nav-view-2187618398\"><a class=\"level_2\" href=\"https:\/\/www.cristoredentor.info\/inicio\/alojarse-en-roma-casa-san-juan-de-%C3%A1vila\/\">Alojarse en Roma. Casa San Juan de \u00c1vila<\/a><\/li>\n<li id=\"cc-nav-view-2148601398\"><a class=\"level_2\" href=\"https:\/\/www.cristoredentor.info\/inicio\/informaci%C3%B3n-econ%C3%B3mica-de-la-iglesia-xtantos\/\">Informaci\u00f3n Econ\u00f3mica de la Iglesia XTANTOS<\/a><\/li>\n<li id=\"cc-nav-view-2206077598\"><a class=\"level_2\" href=\"https:\/\/www.cristoredentor.info\/inicio\/exhortaci%C3%B3n-apost%C3%B3lica-postsinodal-christus-vivit\/\">EXHORTACI\u00d3N APOST\u00d3LICA POSTSINODAL \u00abCHRISTUS VIVIT\u00bb<\/a><\/li>\n<li id=\"cc-nav-view-2209606698\"><a class=\"level_2\" href=\"https:\/\/www.cristoredentor.info\/inicio\/estatutos-comunidad-parroquial-cristo-redentor\/\">Estatutos Comunidad Parroquial Cristo Redentor<\/a><\/li>\n<\/ul>\n","protected":false},"excerpt":{"rendered":"<p>CALENDARIO LIT\u00daRGICO-PASTORAL 2018-2019 Conferencia Episcopal Espa\u00f1ola Enc\u00edclica sobre la fe \u00abLUMEN FIDEI\u00bb Exhortaci\u00f3n apost\u00f3lica \u00abEVANGELII GAUDIUM\u00bb ENC\u00cdCLICA PAPA FRANCISCO \u00abLaudato Si&#8217;\u00bb Carta Apost\u00f3lica MISERICORDIA ET MISERA PAPA FRANCISCO EXHORTACI\u00d3N APOST\u00d3LICA: Amoris Laetitia (La alegr\u00eda del amor) DOCUMENTO CONFERENCIA EPISCOPAL: Iglesia, servidora de los pobres AD RESURGENDUM CUM CHRISTO BIBLIA Concilio VATICANO II COMPENDIO DEL CATECISMO [&hellip;]<\/p>\n","protected":false},"author":1,"featured_media":0,"parent":0,"menu_order":0,"comment_status":"closed","ping_status":"closed","template":"","meta":{"site-sidebar-layout":"default","site-content-layout":"","ast-site-content-layout":"default","site-content-style":"default","site-sidebar-style":"default","ast-global-header-display":"","ast-banner-title-visibility":"","ast-main-header-display":"","ast-hfb-above-header-display":"","ast-hfb-below-header-display":"","ast-hfb-mobile-header-display":"","site-post-title":"","ast-breadcrumbs-content":"","ast-featured-img":"","footer-sml-layout":"","ast-disable-related-posts":"","theme-transparent-header-meta":"","adv-header-id-meta":"","stick-header-meta":"","header-above-stick-meta":"","header-main-stick-meta":"","header-below-stick-meta":"","astra-migrate-meta-layouts":"default","ast-page-background-enabled":"default","ast-page-background-meta":{"desktop":{"background-color":"var(--ast-global-color-4)","background-image":"","background-repeat":"repeat","background-position":"center center","background-size":"auto","background-attachment":"scroll","background-type":"","background-media":"","overlay-type":"","overlay-color":"","overlay-opacity":"","overlay-gradient":""},"tablet":{"background-color":"","background-image":"","background-repeat":"repeat","background-position":"center center","background-size":"auto","background-attachment":"scroll","background-type":"","background-media":"","overlay-type":"","overlay-color":"","overlay-opacity":"","overlay-gradient":""},"mobile":{"background-color":"","background-image":"","background-repeat":"repeat","background-position":"center center","background-size":"auto","background-attachment":"scroll","background-type":"","background-media":"","overlay-type":"","overlay-color":"","overlay-opacity":"","overlay-gradient":""}},"ast-content-background-meta":{"desktop":{"background-color":"var(--ast-global-color-5)","background-image":"","background-repeat":"repeat","background-position":"center center","background-size":"auto","background-attachment":"scroll","background-type":"","background-media":"","overlay-type":"","overlay-color":"","overlay-opacity":"","overlay-gradient":""},"tablet":{"background-color":"var(--ast-global-color-5)","background-image":"","background-repeat":"repeat","background-position":"center center","background-size":"auto","background-attachment":"scroll","background-type":"","background-media":"","overlay-type":"","overlay-color":"","overlay-opacity":"","overlay-gradient":""},"mobile":{"background-color":"var(--ast-global-color-5)","background-image":"","background-repeat":"repeat","background-position":"center center","background-size":"auto","background-attachment":"scroll","background-type":"","background-media":"","overlay-type":"","overlay-color":"","overlay-opacity":"","overlay-gradient":""}},"footnotes":""},"class_list":["post-851","page","type-page","status-publish","hentry"],"_links":{"self":[{"href":"https:\/\/cristoredentor.es\/index.php?rest_route=\/wp\/v2\/pages\/851","targetHints":{"allow":["GET"]}}],"collection":[{"href":"https:\/\/cristoredentor.es\/index.php?rest_route=\/wp\/v2\/pages"}],"about":[{"href":"https:\/\/cristoredentor.es\/index.php?rest_route=\/wp\/v2\/types\/page"}],"author":[{"embeddable":true,"href":"https:\/\/cristoredentor.es\/index.php?rest_route=\/wp\/v2\/users\/1"}],"replies":[{"embeddable":true,"href":"https:\/\/cristoredentor.es\/index.php?rest_route=%2Fwp%2Fv2%2Fcomments&post=851"}],"version-history":[{"count":1,"href":"https:\/\/cristoredentor.es\/index.php?rest_route=\/wp\/v2\/pages\/851\/revisions"}],"predecessor-version":[{"id":852,"href":"https:\/\/cristoredentor.es\/index.php?rest_route=\/wp\/v2\/pages\/851\/revisions\/852"}],"wp:attachment":[{"href":"https:\/\/cristoredentor.es\/index.php?rest_route=%2Fwp%2Fv2%2Fmedia&parent=851"}],"curies":[{"name":"wp","href":"https:\/\/api.w.org\/{rel}","templated":true}]}}