{"id":857,"date":"2019-10-05T01:20:57","date_gmt":"2019-10-04T23:20:57","guid":{"rendered":"https:\/\/cristoredentor.es\/?page_id=857"},"modified":"2019-10-05T02:14:27","modified_gmt":"2019-10-05T00:14:27","slug":"informacion-catequistas-y-padres","status":"publish","type":"page","link":"https:\/\/cristoredentor.es\/?page_id=857","title":{"rendered":"INFORMACI\u00d3N CATEQUISTAS Y PADRES"},"content":{"rendered":"\n<div id=\"cc-m-10702369298\" class=\"j-module n j-header \">\n<h1 id=\"cc-m-header-10702369298\" class=\"\">Programaciones de Catequesis 2019-2020<\/h1>\n<\/div>\n<div id=\"cc-m-9803268698\" class=\"j-module n j-downloadDocument \">\n<div class=\"clearover\">\n<div class=\"leftDownload\"><a class=\"j-m-dowload\" href=\"https:\/\/www.cristoredentor.info\/app\/download\/9803268698\/Program+19-20+In.+I.pdf?t=1567195630\"><img loading=\"lazy\" decoding=\"async\" class=\"downloadImage\" src=\"https:\/\/cristoredentor.es\/wp-content\/uploads\/2019\/10\/unnamed-file.pdf.png\" alt=\"Descarga\" width=\"51\" height=\"51\" \/><\/a><\/div>\n<div class=\"rightDownload\" data-name=\"download-description\">\n<div class=\"cc-m-download-title\">Programaci\u00f3n CATEQUESIS INICIACI\u00d3N I 2019-2020<\/div>\n<div class=\"cc-m-download-description\">Programaci\u00f3n del curso 2019-2020 de la Catequesis de Iniciaci\u00f3n I. ETAPA DEL PRIMER ANUNCIO<\/div>\n<div class=\"cc-m-download-file\">\n<div class=\"cc-m-download-file-name\">Program 19-20 In. I.pdf<\/div>\n<div class=\"cc-m-download-file-info\"><span class=\"cc-m-download-file-type\">Documento Adobe Acrobat<\/span>\u00a0<span class=\"cc-m-download-file-size\">242.2 KB<\/span><\/div>\n<div class=\"cc-m-download-file-link\"><a class=\"cc-m-download-link\" href=\"https:\/\/www.cristoredentor.info\/app\/download\/9803268698\/Program+19-20+In.+I.pdf?t=1567195630\">Descarga<\/a><\/div>\n<\/div>\n<\/div>\n<\/div>\n<\/div>\n<div id=\"cc-m-9803270298\" class=\"j-module n j-downloadDocument \">\n<div class=\"clearover\">\n<div class=\"leftDownload\"><a class=\"j-m-dowload\" href=\"https:\/\/www.cristoredentor.info\/app\/download\/9803270298\/Program+19-20+In.+II.pdf?t=1567195641\"><img loading=\"lazy\" decoding=\"async\" class=\"downloadImage\" src=\"https:\/\/cristoredentor.es\/wp-content\/uploads\/2019\/10\/unnamed-file.pdf.png\" alt=\"Descarga\" width=\"51\" height=\"51\" \/><\/a><\/div>\n<div class=\"rightDownload\" data-name=\"download-description\">\n<div class=\"cc-m-download-title\">Programaci\u00f3n CATEQUESIS INICIACI\u00d3N II 2019-2020<\/div>\n<div class=\"cc-m-download-description\">Programaci\u00f3n del curso 2019-2020 de la Catequesis de Iniciaci\u00f3n II. ETAPA DEL ENCUENTRO PERSONAL CON EL SE\u00d1OR<\/div>\n<div class=\"cc-m-download-file\">\n<div class=\"cc-m-download-file-name\">Program 19-20 In. II.pdf<\/div>\n<div class=\"cc-m-download-file-info\"><span class=\"cc-m-download-file-type\">Documento Adobe Acrobat<\/span>\u00a0<span class=\"cc-m-download-file-size\">281.5 KB<\/span><\/div>\n<div class=\"cc-m-download-file-link\"><a class=\"cc-m-download-link\" href=\"https:\/\/www.cristoredentor.info\/app\/download\/9803270298\/Program+19-20+In.+II.pdf?t=1567195641\">Descarga<\/a><\/div>\n<\/div>\n<\/div>\n<\/div>\n<\/div>\n<div id=\"cc-m-9803271698\" class=\"j-module n j-downloadDocument \">\n<div class=\"clearover\">\n<div class=\"leftDownload\"><a class=\"j-m-dowload\" href=\"https:\/\/www.cristoredentor.info\/app\/download\/9803271698\/Program+19-20+In.+III.pdf?t=1569194450\"><img loading=\"lazy\" decoding=\"async\" class=\"downloadImage\" src=\"https:\/\/cristoredentor.es\/wp-content\/uploads\/2019\/10\/unnamed-file.pdf.png\" alt=\"Descarga\" width=\"51\" height=\"51\" \/><\/a><\/div>\n<div class=\"rightDownload\" data-name=\"download-description\">\n<div class=\"cc-m-download-title\">Programaci\u00f3n CATEQUESIS INICIACI\u00d3N III 2019-2020<\/div>\n<div class=\"cc-m-download-description\">Programaci\u00f3n del curso 2019-2020 de la Catequesis de Iniciaci\u00f3n III. ETAPA DEL DESCUBRIMIENTO DE JES\u00daS EN LA IGLESIA<\/div>\n<div class=\"cc-m-download-file\">\n<div class=\"cc-m-download-file-name\">Program 19-20 In. III.pdf<\/div>\n<div class=\"cc-m-download-file-info\"><span class=\"cc-m-download-file-type\">Documento Adobe Acrobat<\/span>\u00a0<span class=\"cc-m-download-file-size\">325.0 KB<\/span><\/div>\n<div class=\"cc-m-download-file-link\"><a class=\"cc-m-download-link\" href=\"https:\/\/www.cristoredentor.info\/app\/download\/9803271698\/Program+19-20+In.+III.pdf?t=1569194450\">Descarga<\/a><\/div>\n<div>\u00a0<\/div>\n<\/div>\n<\/div>\n<\/div>\n<\/div>\n\n\n\n<iframe loading=\"lazy\" src=\"https:\/\/www.youtube.com\/embed\/XQWlLkh-MZo\" allow=\"accelerometer; autoplay; encrypted-media; gyroscope; picture-in-picture\" allowfullscreen=\"\" width=\"560\" height=\"315\" frameborder=\"0\"><\/iframe>\n\n\n\n<div id=\"cc-m-10702369298\" class=\"j-module n j-header \">\u00a0<\/div>\n<div id=\"cc-m-9803271698\" class=\"j-module n j-downloadDocument \">\n<div class=\"clearover\">\n<div class=\"rightDownload\" data-name=\"download-description\">\n<div class=\"cc-m-download-file\">\n<div>\u00a0<\/div>\n<\/div>\n<\/div>\n<\/div>\n<\/div>\n<div id=\"cc-m-9811431798\" class=\"j-module n j-header \">\n<h3 id=\"cc-m-header-9811431798\" class=\"\">Enlace al video explicativo del Catecismo \u00abJes\u00fas es el Se\u00f1or\u00bb para la Iniciaci\u00f3n Cristiana de 6 a\u00f1os a 10 a\u00f1os<\/h3>\n<\/div>\n<div id=\"cc-m-9811429198\" class=\"j-module n j-text \">\n<p><a title=\"https:\/\/www.youtube.com\/watch?v=XQWlLkh-MZo\" href=\"https:\/\/www.youtube.com\/watch?v=XQWlLkh-MZo\" target=\"_blank\" rel=\"noopener noreferrer\"><strong>Video explicativo del catecismo \u00abJes\u00fas es el Se\u00f1or\u00bb<\/strong><\/a><\/p>\n<p>\u00a0<\/p>\n<\/div>\n<div id=\"cc-m-9803272498\" class=\"j-module n j-downloadDocument \">\n<div class=\"clearover\">\n<div class=\"leftDownload\"><a class=\"j-m-dowload\" href=\"https:\/\/www.cristoredentor.info\/app\/download\/9803272498\/Program+19-20+Inf.+Adulta+I+y+II.pdf?t=1567195610\"><img loading=\"lazy\" decoding=\"async\" class=\"downloadImage\" src=\"https:\/\/cristoredentor.es\/wp-content\/uploads\/2019\/10\/unnamed-file.pdf.png\" alt=\"Descarga\" width=\"51\" height=\"51\" \/><\/a><\/div>\n<div class=\"rightDownload\" data-name=\"download-description\">\n<div class=\"cc-m-download-title\">Programaci\u00f3n CATEQUESIS INFANCIA ADULTA 2019-2020<\/div>\n<div class=\"cc-m-download-description\">Programaci\u00f3n del curso 2019-2020 de la Catequesis de Infancia Adulta I-II<\/div>\n<div class=\"cc-m-download-file\">\n<div class=\"cc-m-download-file-name\">Program 19-20 Inf. Adulta I y II.pdf<\/div>\n<div class=\"cc-m-download-file-info\"><span class=\"cc-m-download-file-type\">Documento Adobe Acrobat<\/span>\u00a0<span class=\"cc-m-download-file-size\">239.8 KB<\/span><\/div>\n<div class=\"cc-m-download-file-link\"><a class=\"cc-m-download-link\" href=\"https:\/\/www.cristoredentor.info\/app\/download\/9803272498\/Program+19-20+Inf.+Adulta+I+y+II.pdf?t=1567195610\">Descarga<\/a><\/div>\n<\/div>\n<\/div>\n<\/div>\n<\/div>\n<div id=\"cc-m-9803273698\" class=\"j-module n j-downloadDocument \">\n<div class=\"clearover\">\n<div class=\"leftDownload\"><a class=\"j-m-dowload\" href=\"https:\/\/www.cristoredentor.info\/app\/download\/9803273698\/Program+19-20+PreAdolescentes+I+y+II.pdf?t=1567195671\"><img loading=\"lazy\" decoding=\"async\" class=\"downloadImage\" src=\"https:\/\/cristoredentor.es\/wp-content\/uploads\/2019\/10\/unnamed-file.pdf.png\" alt=\"Descarga\" width=\"51\" height=\"51\" \/><\/a><\/div>\n<div class=\"rightDownload\" data-name=\"download-description\">\n<div class=\"cc-m-download-title\">Programaci\u00f3n CATEQUESIS PREADOLESCENTES 2019-2020<\/div>\n<div class=\"cc-m-download-description\">Programaci\u00f3n del curso 2019-2020 de la Catequesis de Preadolescentes I-II<\/div>\n<div class=\"cc-m-download-file\">\n<div class=\"cc-m-download-file-name\">Program 19-20 PreAdolescentes I y II.pdf<\/div>\n<div class=\"cc-m-download-file-info\"><span class=\"cc-m-download-file-type\">Documento Adobe Acrobat<\/span>\u00a0<span class=\"cc-m-download-file-size\">244.0 KB<\/span><\/div>\n<div class=\"cc-m-download-file-link\"><a class=\"cc-m-download-link\" href=\"https:\/\/www.cristoredentor.info\/app\/download\/9803273698\/Program+19-20+PreAdolescentes+I+y+II.pdf?t=1567195671\">Descarga<\/a><\/div>\n<\/div>\n<\/div>\n<\/div>\n<\/div>\n<div id=\"cc-m-9803273998\" class=\"j-module n j-downloadDocument \">\n<div class=\"clearover\">\n<div class=\"leftDownload\"><a class=\"j-m-dowload\" href=\"https:\/\/www.cristoredentor.info\/app\/download\/9803273998\/Program+1%C2%BA+Confirmaci%C3%B3n+19-20.pdf?t=1567195699\"><img loading=\"lazy\" decoding=\"async\" class=\"downloadImage\" src=\"https:\/\/cristoredentor.es\/wp-content\/uploads\/2019\/10\/unnamed-file.pdf.png\" alt=\"Descarga\" width=\"51\" height=\"51\" \/><\/a><\/div>\n<div class=\"rightDownload\" data-name=\"download-description\">\n<div class=\"cc-m-download-title\">Programaci\u00f3n CATEQUESIS CONFIRMACI\u00d3N I 2019-2020<\/div>\n<div class=\"cc-m-download-description\">Programaci\u00f3n del curso 2019-2020 de la Catequesis de Confirmaci\u00f3n I<\/div>\n<div class=\"cc-m-download-file\">\n<div class=\"cc-m-download-file-name\">Program 1\u00ba Confirmaci\u00f3n 19-20.pdf<\/div>\n<div class=\"cc-m-download-file-info\"><span class=\"cc-m-download-file-type\">Documento Adobe Acrobat<\/span>\u00a0<span class=\"cc-m-download-file-size\">194.3 KB<\/span><\/div>\n<div class=\"cc-m-download-file-link\"><a class=\"cc-m-download-link\" href=\"https:\/\/www.cristoredentor.info\/app\/download\/9803273998\/Program+1%C2%BA+Confirmaci%C3%B3n+19-20.pdf?t=1567195699\">Descarga<\/a><\/div>\n<\/div>\n<\/div>\n<\/div>\n<\/div>\n<div id=\"cc-m-9803275798\" class=\"j-module n j-downloadDocument \">\n<div class=\"clearover\">\n<div class=\"leftDownload\"><a class=\"j-m-dowload\" href=\"https:\/\/www.cristoredentor.info\/app\/download\/9803275798\/Program+2%C2%BA+Confirmaci%C3%B3n+19-20.pdf?t=1567195718\"><img loading=\"lazy\" decoding=\"async\" class=\"downloadImage\" src=\"https:\/\/cristoredentor.es\/wp-content\/uploads\/2019\/10\/unnamed-file.pdf.png\" alt=\"Descarga\" width=\"51\" height=\"51\" \/><\/a><\/div>\n<div class=\"rightDownload\" data-name=\"download-description\">\n<div class=\"cc-m-download-title\">Programaci\u00f3n CATEQUESIS CONFIRMACI\u00d3N II 2019-2020<\/div>\n<div class=\"cc-m-download-description\">Programaci\u00f3n del curso 2019-2020 de la Catequesis de Confirmaci\u00f3n II<\/div>\n<div class=\"cc-m-download-file\">\n<div class=\"cc-m-download-file-name\">Program 2\u00ba Confirmaci\u00f3n 19-20.pdf<\/div>\n<div class=\"cc-m-download-file-info\"><span class=\"cc-m-download-file-type\">Documento Adobe Acrobat<\/span>\u00a0<span class=\"cc-m-download-file-size\">193.3 KB<\/span><\/div>\n<div class=\"cc-m-download-file-link\"><a class=\"cc-m-download-link\" href=\"https:\/\/www.cristoredentor.info\/app\/download\/9803275798\/Program+2%C2%BA+Confirmaci%C3%B3n+19-20.pdf?t=1567195718\">Descarga<\/a><\/div>\n<\/div>\n<\/div>\n<\/div>\n<\/div>\n<div id=\"cc-m-9803275998\" class=\"j-module n j-downloadDocument \">\n<div class=\"clearover\">\n<div class=\"leftDownload\"><a class=\"j-m-dowload\" href=\"https:\/\/www.cristoredentor.info\/app\/download\/9803275998\/Program+3%C2%BA+Confirmaci%C3%B3n+19-20.pdf?t=1567195737\"><img loading=\"lazy\" decoding=\"async\" class=\"downloadImage\" src=\"https:\/\/cristoredentor.es\/wp-content\/uploads\/2019\/10\/unnamed-file.pdf.png\" alt=\"Descarga\" width=\"51\" height=\"51\" \/><\/a><\/div>\n<div class=\"rightDownload\" data-name=\"download-description\">\n<div class=\"cc-m-download-title\">Programaci\u00f3n CATEQUESIS CONFIRMACI\u00d3N III 2019-2020<\/div>\n<div class=\"cc-m-download-description\">Programaci\u00f3n del curso 2019-2020 de la Catequesis de Confirmaci\u00f3n III<\/div>\n<div class=\"cc-m-download-file\">\n<div class=\"cc-m-download-file-name\">Program 3\u00ba Confirmaci\u00f3n 19-20.pdf<\/div>\n<div class=\"cc-m-download-file-info\"><span class=\"cc-m-download-file-type\">Documento Adobe Acrobat<\/span>\u00a0<span class=\"cc-m-download-file-size\">195.2 KB<\/span><\/div>\n<div class=\"cc-m-download-file-link\"><a class=\"cc-m-download-link\" href=\"https:\/\/www.cristoredentor.info\/app\/download\/9803275998\/Program+3%C2%BA+Confirmaci%C3%B3n+19-20.pdf?t=1567195737\">Descarga<\/a><\/div>\n<\/div>\n<\/div>\n<\/div>\n<\/div>\n<div id=\"cc-m-9818976598\" class=\"j-module n j-hr \">\n<div class=\"hr\">\u00a0<\/div>\n<\/div>\n<div id=\"cc-m-10055212198\" class=\"j-module n j-hr \">\n<div class=\"hr\">\u00a0<\/div>\n<\/div>\n<div id=\"cc-m-9619114998\" class=\"j-module n j-header \">\n<h1 id=\"cc-m-header-9619114998\" class=\"\">Plan Pastoral Diocesano Di\u00f3cesis de Valladolid 2018-19<\/h1>\n<\/div>\n<div id=\"cc-m-10780752698\" class=\"j-module n j-header \">\n<h3 id=\"cc-m-header-10780752698\" class=\"\">\u00abEN COMUNIDAD NOS INICIAMOS Y PERSEVERAMOS EN LA FE\u00bb<\/h3>\n<\/div>\n<div id=\"cc-m-10780753698\" class=\"j-module n j-downloadDocument \">\n<div class=\"clearover\">\n<div class=\"leftDownload\"><a class=\"j-m-dowload\" href=\"https:\/\/www.cristoredentor.info\/app\/download\/10780753698\/Programaci%C3%B3n+Diocesana+2018-2019.pdf?t=1554587951\"><img loading=\"lazy\" decoding=\"async\" class=\"downloadImage\" src=\"https:\/\/cristoredentor.es\/wp-content\/uploads\/2019\/10\/unnamed-file.pdf.png\" alt=\"Descarga\" width=\"51\" height=\"51\" \/><\/a><\/div>\n<div class=\"rightDownload\" data-name=\"download-description\">\n<div class=\"cc-m-download-title\">Plan Pastoral y Calendario Diocesano 2018-19<\/div>\n<div class=\"cc-m-download-description\">Impulsar la vida en Comunidad donde nos iniciamos y perseveramos nuestra fe.<\/div>\n<div class=\"cc-m-download-file\">\n<div class=\"cc-m-download-file-name\">Programaci\u00f3n Diocesana 2018-2019.pdf<\/div>\n<div class=\"cc-m-download-file-info\"><span class=\"cc-m-download-file-type\">Documento Adobe Acrobat<\/span>\u00a0<span class=\"cc-m-download-file-size\">5.8 MB<\/span><\/div>\n<div class=\"cc-m-download-file-link\"><a class=\"cc-m-download-link\" href=\"https:\/\/www.cristoredentor.info\/app\/download\/10780753698\/Programaci%C3%B3n+Diocesana+2018-2019.pdf?t=1554587951\">Descarga<\/a><\/div>\n<\/div>\n<\/div>\n<\/div>\n<\/div>\n<div id=\"cc-m-11503492998\" class=\"j-module n j-text \">\n<p>Enlace al resumen de la Di\u00f3cesis 2017-2018<\/p>\n<p><a title=\"https:\/\/1drv.ms\/v\/s!AuK7_PAmVN-DgZkOiLn-VNHtMjatMQ\" href=\"https:\/\/1drv.ms\/v\/s!AuK7_PAmVN-DgZkOiLn-VNHtMjatMQ\" target=\"_blank\" rel=\"noopener noreferrer\" data-saferedirecturl=\"https:\/\/www.google.com\/url?q=https:\/\/1drv.ms\/v\/s!AuK7_PAmVN-DgZkOiLn-VNHtMjatMQ&amp;source=gmail&amp;ust=1538348092630000&amp;usg=AFQjCNHz3N-MCIAxsxEUFhzUyzYajSshAg\">https:\/\/1drv.ms\/v\/s!AuK7_<wbr \/>PAmVN-DgZkOiLn-VNHtMjatMQ<\/a><\/p>\n<\/div>\n<div id=\"cc-m-9803276098\" class=\"j-module n j-hr \">\n<div class=\"hr\">\u00a0<\/div>\n<\/div>\n<div id=\"cc-m-10055528898\" class=\"j-module n j-hr \">\n<div class=\"hr\">\u00a0<\/div>\n<\/div>\n<div id=\"cc-m-9619120598\" class=\"j-module n j-header \">\n<h1 id=\"cc-m-header-9619120598\" class=\"\">Plan Pastoral Parroquial \u00abCristo Redentor\u00bb 2019-2020<\/h1>\n<\/div>\n<div id=\"cc-m-11233557998\" class=\"j-module n j-downloadDocument \">\n<div class=\"clearover\">\n<div class=\"leftDownload\"><a class=\"j-m-dowload\" href=\"https:\/\/www.cristoredentor.info\/app\/download\/11233557998\/Plan+Pastoral+Parroquial+2019_2020.pdf?t=1567986044\"><img loading=\"lazy\" decoding=\"async\" class=\"downloadImage\" src=\"https:\/\/cristoredentor.es\/wp-content\/uploads\/2019\/10\/unnamed-file.pdf.png\" alt=\"Descarga\" width=\"51\" height=\"51\" \/><\/a><\/div>\n<div class=\"rightDownload\" data-name=\"download-description\">\n<div class=\"cc-m-download-title\">Plan Pastoral Parroquial<\/div>\n<div class=\"cc-m-download-description\">Plan Pastoral Parroquial 2019-2020<br \/>COMUNIDAD PARROQUIAL CRISTO REDENTOR Para vivir la alegr\u00eda del Evangelio en nuestra Comunidad y en la Casa Com\u00fan.<br \/>Comprometidos y corresponsables haciendo presente el Reino de Dios hoy.<\/div>\n<div class=\"cc-m-download-file\">\n<div class=\"cc-m-download-file-name\">Plan Pastoral Parroquial 2019_2020.pdf<\/div>\n<div class=\"cc-m-download-file-info\"><span class=\"cc-m-download-file-type\">Documento Adobe Acrobat<\/span>\u00a0<span class=\"cc-m-download-file-size\">911.0 KB<\/span><\/div>\n<div class=\"cc-m-download-file-link\"><a class=\"cc-m-download-link\" href=\"https:\/\/www.cristoredentor.info\/app\/download\/11233557998\/Plan+Pastoral+Parroquial+2019_2020.pdf?t=1567986044\">Descarga<\/a><\/div>\n<\/div>\n<\/div>\n<\/div>\n<\/div>\n<div id=\"cc-m-11233557898\" class=\"j-module n j-hr \">\n<div class=\"hr\">\u00a0<\/div>\n<\/div>\n<div id=\"cc-m-11233557798\" class=\"j-module n j-hr \">\n<div class=\"hr\">\u00a0<\/div>\n<\/div>\n<div id=\"cc-m-11233557698\" class=\"j-module n j-header \">\n<h1 id=\"cc-m-header-11233557698\" class=\"\">Proceso Pastoral Parroquia \u00abCristo Redentor\u00bb 2019-2020<\/h1>\n<\/div>\n<div id=\"cc-m-9619128298\" class=\"j-module n j-downloadDocument \">\n<div class=\"clearover\">\n<div class=\"leftDownload\"><a class=\"j-m-dowload\" href=\"https:\/\/www.cristoredentor.info\/app\/download\/9619128298\/Proceso+Xt+Redentor+2019-20+Iniciaci%C3%B3n%2C+Infancia+Adulta+y+Preadolescencia.pdf?t=1567986240\"><img loading=\"lazy\" decoding=\"async\" class=\"downloadImage\" src=\"https:\/\/cristoredentor.es\/wp-content\/uploads\/2019\/10\/unnamed-file.pdf.png\" alt=\"Descarga\" width=\"51\" height=\"51\" \/><\/a><\/div>\n<div class=\"rightDownload\" data-name=\"download-description\">\n<div class=\"cc-m-download-title\">Proceso Pastoral Iniciaci\u00f3n, Infancia Adulta y Preadolescencia 2019-2020<\/div>\n<div class=\"cc-m-download-description\">PROYECTO PASTORAL DE EVANGELIZACI\u00d3N EN EL PROCESO CATEQU\u00c9TICO DE INICIACI\u00d3N, INFANCIA ADULTA Y PREADOLESCENCIA<\/div>\n<div class=\"cc-m-download-file\">\n<div class=\"cc-m-download-file-name\">Proceso Xt Redentor 2019-20 Iniciaci\u00f3n,<\/div>\n<div class=\"cc-m-download-file-info\"><span class=\"cc-m-download-file-type\">Documento Adobe Acrobat<\/span>\u00a0<span class=\"cc-m-download-file-size\">304.4 KB<\/span><\/div>\n<div class=\"cc-m-download-file-link\"><a class=\"cc-m-download-link\" href=\"https:\/\/www.cristoredentor.info\/app\/download\/9619128298\/Proceso+Xt+Redentor+2019-20+Iniciaci%C3%B3n%2C+Infancia+Adulta+y+Preadolescencia.pdf?t=1567986240\">Descarga<\/a><\/div>\n<\/div>\n<\/div>\n<\/div>\n<\/div>\n<div id=\"cc-m-9619125298\" class=\"j-module n j-downloadDocument \">\n<div class=\"clearover\">\n<div class=\"leftDownload\"><a class=\"j-m-dowload\" href=\"https:\/\/www.cristoredentor.info\/app\/download\/9619125298\/Proceso+Xt+Redentor+2019-20+adolescentes+y+j%C3%B3venes.pdf?t=1568329421\"><img loading=\"lazy\" decoding=\"async\" class=\"downloadImage\" src=\"https:\/\/cristoredentor.es\/wp-content\/uploads\/2019\/10\/unnamed-file.pdf.png\" alt=\"Descarga\" width=\"51\" height=\"51\" \/><\/a><\/div>\n<div class=\"rightDownload\" data-name=\"download-description\">\n<div class=\"cc-m-download-title\">Proyecto Pastoral Adolescencia y Juventud 2019-2020<\/div>\n<div class=\"cc-m-download-description\">PROYECTO PASTORAL DE EVANGELIZACI\u00d3N EN EL PROCESO CATEQU\u00c9TICO ADOLESCENCIA Y JUVENTUD<\/div>\n<div class=\"cc-m-download-file\">\n<div class=\"cc-m-download-file-name\">Proceso Xt Redentor 2019-20 adolescentes<\/div>\n<div class=\"cc-m-download-file-info\"><span class=\"cc-m-download-file-type\">Documento Adobe Acrobat<\/span>\u00a0<span class=\"cc-m-download-file-size\">260.5 KB<\/span><\/div>\n<div class=\"cc-m-download-file-link\"><a class=\"cc-m-download-link\" href=\"https:\/\/www.cristoredentor.info\/app\/download\/9619125298\/Proceso+Xt+Redentor+2019-20+adolescentes+y+j%C3%B3venes.pdf?t=1568329421\">Descarga<\/a><\/div>\n<\/div>\n<\/div>\n<\/div>\n<\/div>\n<div id=\"cc-m-9796099698\" class=\"j-module n j-downloadDocument \">\n<div class=\"clearover\">\n<div class=\"leftDownload\"><a class=\"j-m-dowload\" href=\"https:\/\/www.cristoredentor.info\/app\/download\/9796099698\/PROYECTO+DE+ACOMPA%C3%91AMIENTO+CON+PADRES+2019-2020.pdf?t=1567986255\"><img loading=\"lazy\" decoding=\"async\" class=\"downloadImage\" src=\"https:\/\/cristoredentor.es\/wp-content\/uploads\/2019\/10\/unnamed-file.pdf.png\" alt=\"Descarga\" width=\"51\" height=\"51\" \/><\/a><\/div>\n<div class=\"rightDownload\" data-name=\"download-description\">\n<div class=\"cc-m-download-title\">Proyecto Parroquia Cristo Redentor Acompa\u00f1amiento con Padres 2019-2020<\/div>\n<div class=\"cc-m-download-description\">PROYECTO EDUCATIVO \u00abACOMPA\u00d1AMIENTO CON PADRES DEL PROCESO DE EDUCACI\u00d3N EN LA FE DE INICIACI\u00d3N, INFANCIA ADULTA Y PREADOLESCENCIA\u00bb SIGUIENDO LOS CATECISMOS \u00abJES\u00daS ES EL SE\u00d1OR\u00bb Y \u00abTESTIGOS DEL SE\u00d1OR\u00bb.<\/div>\n<div class=\"cc-m-download-file\">\n<div class=\"cc-m-download-file-name\">PROYECTO DE ACOMPA\u00d1AMIENTO CON PADRES 20<\/div>\n<div class=\"cc-m-download-file-info\"><span class=\"cc-m-download-file-type\">Documento Adobe Acrobat<\/span>\u00a0<span class=\"cc-m-download-file-size\">131.6 KB<\/span><\/div>\n<div class=\"cc-m-download-file-link\"><a class=\"cc-m-download-link\" href=\"https:\/\/www.cristoredentor.info\/app\/download\/9796099698\/PROYECTO+DE+ACOMPA%C3%91AMIENTO+CON+PADRES+2019-2020.pdf?t=1567986255\">Descarga<\/a><\/div>\n<\/div>\n<\/div>\n<\/div>\n<\/div>\n\n\n\n<p><\/p>\n","protected":false},"excerpt":{"rendered":"<p>Programaciones de Catequesis 2019-2020 Programaci\u00f3n CATEQUESIS INICIACI\u00d3N I 2019-2020 Programaci\u00f3n del curso 2019-2020 de la Catequesis de Iniciaci\u00f3n I. ETAPA DEL PRIMER ANUNCIO Program 19-20 In. I.pdf Documento Adobe Acrobat\u00a0242.2 KB Descarga Programaci\u00f3n CATEQUESIS INICIACI\u00d3N II 2019-2020 Programaci\u00f3n del curso 2019-2020 de la Catequesis de Iniciaci\u00f3n II. ETAPA DEL ENCUENTRO PERSONAL CON EL SE\u00d1OR Program [&hellip;]<\/p>\n","protected":false},"author":1,"featured_media":869,"parent":0,"menu_order":0,"comment_status":"closed","ping_status":"closed","template":"","meta":{"site-sidebar-layout":"default","site-content-layout":"","ast-site-content-layout":"default","site-content-style":"default","site-sidebar-style":"default","ast-global-header-display":"","ast-banner-title-visibility":"","ast-main-header-display":"","ast-hfb-above-header-display":"","ast-hfb-below-header-display":"","ast-hfb-mobile-header-display":"","site-post-title":"","ast-breadcrumbs-content":"","ast-featured-img":"","footer-sml-layout":"","ast-disable-related-posts":"","theme-transparent-header-meta":"","adv-header-id-meta":"","stick-header-meta":"","header-above-stick-meta":"","header-main-stick-meta":"","header-below-stick-meta":"","astra-migrate-meta-layouts":"default","ast-page-background-enabled":"default","ast-page-background-meta":{"desktop":{"background-color":"var(--ast-global-color-4)","background-image":"","background-repeat":"repeat","background-position":"center center","background-size":"auto","background-attachment":"scroll","background-type":"","background-media":"","overlay-type":"","overlay-color":"","overlay-opacity":"","overlay-gradient":""},"tablet":{"background-color":"","background-image":"","background-repeat":"repeat","background-position":"center center","background-size":"auto","background-attachment":"scroll","background-type":"","background-media":"","overlay-type":"","overlay-color":"","overlay-opacity":"","overlay-gradient":""},"mobile":{"background-color":"","background-image":"","background-repeat":"repeat","background-position":"center center","background-size":"auto","background-attachment":"scroll","background-type":"","background-media":"","overlay-type":"","overlay-color":"","overlay-opacity":"","overlay-gradient":""}},"ast-content-background-meta":{"desktop":{"background-color":"var(--ast-global-color-5)","background-image":"","background-repeat":"repeat","background-position":"center center","background-size":"auto","background-attachment":"scroll","background-type":"","background-media":"","overlay-type":"","overlay-color":"","overlay-opacity":"","overlay-gradient":""},"tablet":{"background-color":"var(--ast-global-color-5)","background-image":"","background-repeat":"repeat","background-position":"center center","background-size":"auto","background-attachment":"scroll","background-type":"","background-media":"","overlay-type":"","overlay-color":"","overlay-opacity":"","overlay-gradient":""},"mobile":{"background-color":"var(--ast-global-color-5)","background-image":"","background-repeat":"repeat","background-position":"center center","background-size":"auto","background-attachment":"scroll","background-type":"","background-media":"","overlay-type":"","overlay-color":"","overlay-opacity":"","overlay-gradient":""}},"footnotes":""},"class_list":["post-857","page","type-page","status-publish","has-post-thumbnail","hentry"],"_links":{"self":[{"href":"https:\/\/cristoredentor.es\/index.php?rest_route=\/wp\/v2\/pages\/857","targetHints":{"allow":["GET"]}}],"collection":[{"href":"https:\/\/cristoredentor.es\/index.php?rest_route=\/wp\/v2\/pages"}],"about":[{"href":"https:\/\/cristoredentor.es\/index.php?rest_route=\/wp\/v2\/types\/page"}],"author":[{"embeddable":true,"href":"https:\/\/cristoredentor.es\/index.php?rest_route=\/wp\/v2\/users\/1"}],"replies":[{"embeddable":true,"href":"https:\/\/cristoredentor.es\/index.php?rest_route=%2Fwp%2Fv2%2Fcomments&post=857"}],"version-history":[{"count":3,"href":"https:\/\/cristoredentor.es\/index.php?rest_route=\/wp\/v2\/pages\/857\/revisions"}],"predecessor-version":[{"id":880,"href":"https:\/\/cristoredentor.es\/index.php?rest_route=\/wp\/v2\/pages\/857\/revisions\/880"}],"wp:featuredmedia":[{"embeddable":true,"href":"https:\/\/cristoredentor.es\/index.php?rest_route=\/wp\/v2\/media\/869"}],"wp:attachment":[{"href":"https:\/\/cristoredentor.es\/index.php?rest_route=%2Fwp%2Fv2%2Fmedia&parent=857"}],"curies":[{"name":"wp","href":"https:\/\/api.w.org\/{rel}","templated":true}]}}